{"id":20048,"date":"2025-06-20T19:57:00","date_gmt":"2025-06-20T23:57:00","guid":{"rendered":"https:\/\/www.multicasa.com.br\/inicio\/?post_type=product&#038;p=20048"},"modified":"2025-12-16T18:42:05","modified_gmt":"2025-12-16T22:42:05","slug":"tampa-de-silicone-para-garrafa-de-vinho-passaro-preta-bono","status":"publish","type":"product","link":"https:\/\/www.multicasa.com.br\/inicio\/produto\/tampa-de-silicone-para-garrafa-de-vinho-passaro-preta-bono\/","title":{"rendered":"Tampa de Silicone para Garrafa de Vinho P\u00e1ssaro Preta Bono"},"content":{"rendered":"<p>A Tampa de Silicone da Bono foi feita para tampar garrafas de vinho, permitindo que a bebida permane\u00e7a conservada ap\u00f3s a degusta\u00e7\u00e3o, sem que o l\u00edquido seja exposto ao ar. Com dimens\u00f5es de 3 x 4 x 3cm e pesando 70 g, \u00e9 flex\u00edvel, ajustando-se perfeitamente \u00e0 boca e ao gargalo e est\u00e1 dispon\u00edvel na cor preta. Use a Tampa de Silicone para Garrafas de Vinho para preservar esta e outras bebidas de forma delicada e moderna, evitando desperd\u00edcios.<\/p>\n","protected":false},"excerpt":{"rendered":"<h4 style=\"margin: 0px;padding: 0px 0px 16px;font-family: Lato, sans-serif;font-weight: bold;line-height: 3rem;color: var(--dark-grey3);font-size: 22px;font-style: normal;letter-spacing: normal;text-align: start;text-indent: 0px;text-transform: none\">Informa\u00e7\u00f5es t\u00e9cnicas<\/h4>\n<p><span style=\"margin: 0px;padding: 0px;font-weight: 450;font-size: 14px;line-height: 21px;color: var(--dark-grey2);font-family: Lato, sans-serif;font-style: normal;letter-spacing: normal;text-align: start;text-indent: 0px;text-transform: none\">Produto: Tampa de Silicone para Garrafa<br \/>\nMarca: Bono<br \/>\nMaterial: Silicone<br \/>\nCor: Preto<br \/>\nCaracter\u00edsticas: Sistema anti-vazamento;<br \/>\nFlex\u00edvel;<br \/>\nPermite o armazenamento na posi\u00e7\u00e3o vertical.<br \/>\nItens Inclusos: 1 Tampa de silicone para garrafa<br \/>\nDimens\u00f5es do produto (A X L X P): 4 x 3 x 3cm<\/span><\/p>\n","protected":false},"featured_media":20151,"template":"","meta":{"_joinchat":[]},"product_brand":[],"product_cat":[93],"product_tag":[],"class_list":{"0":"post-20048","1":"product","2":"type-product","3":"status-publish","4":"has-post-thumbnail","6":"product_cat-utensilios-para-cozinha","8":"first","9":"outofstock","10":"shipping-taxable","11":"product-type-simple"},"_links":{"self":[{"href":"https:\/\/www.multicasa.com.br\/inicio\/wp-json\/wp\/v2\/product\/20048","targetHints":{"allow":["GET"]}}],"collection":[{"href":"https:\/\/www.multicasa.com.br\/inicio\/wp-json\/wp\/v2\/product"}],"about":[{"href":"https:\/\/www.multicasa.com.br\/inicio\/wp-json\/wp\/v2\/types\/product"}],"wp:featuredmedia":[{"embeddable":true,"href":"https:\/\/www.multicasa.com.br\/inicio\/wp-json\/wp\/v2\/media\/20151"}],"wp:attachment":[{"href":"https:\/\/www.multicasa.com.br\/inicio\/wp-json\/wp\/v2\/media?parent=20048"}],"wp:term":[{"taxonomy":"product_brand","embeddable":true,"href":"https:\/\/www.multicasa.com.br\/inicio\/wp-json\/wp\/v2\/product_brand?post=20048"},{"taxonomy":"product_cat","embeddable":true,"href":"https:\/\/www.multicasa.com.br\/inicio\/wp-json\/wp\/v2\/product_cat?post=20048"},{"taxonomy":"product_tag","embeddable":true,"href":"https:\/\/www.multicasa.com.br\/inicio\/wp-json\/wp\/v2\/product_tag?post=20048"}],"curies":[{"name":"wp","href":"https:\/\/api.w.org\/{rel}","templated":true}]}}