{"id":20051,"date":"2025-06-20T19:57:00","date_gmt":"2025-06-20T23:57:00","guid":{"rendered":"https:\/\/www.multicasa.com.br\/inicio\/?post_type=product&#038;p=20051"},"modified":"2025-07-01T13:48:42","modified_gmt":"2025-07-01T17:48:42","slug":"caixa-medicao-polifasica-cmd3-2-lacres-taf","status":"publish","type":"product","link":"https:\/\/www.multicasa.com.br\/inicio\/produto\/caixa-medicao-polifasica-cmd3-2-lacres-taf\/","title":{"rendered":"Caixa Medi\u00e7\u00e3o Polif\u00e1sica Cmd3 2 Lacres Taf"},"content":{"rendered":"<p>A caixa de medi\u00e7\u00e3o polif\u00e1sica CMD3 da Taf possui um desenho moderno protege melhor o equipamento da concession\u00e1ria (medidor), tampa transparente, permitindo o acesso visual ao medidor e \u00e0 instala\u00e7\u00e3o fabricada em pl\u00e1sticos de engenharia de grande resist\u00eancia mec\u00e2nica, com prote\u00e7\u00e3o anti-UV anticorrosiva e isolante (evita acidentes).<\/p>\n","protected":false},"excerpt":{"rendered":"<h4 style=\"margin: 0px;padding: 0px 0px 16px;font-family: Lato, sans-serif;font-weight: bold;line-height: 3rem;color: var(--dark-grey3);font-size: 22px;font-style: normal;letter-spacing: normal;text-align: start;text-indent: 0px;text-transform: none\">Informa\u00e7\u00f5es t\u00e9cnicas<\/h4>\n<p><span style=\"margin: 0px;padding: 0px;font-weight: 450;font-size: 14px;line-height: 21px;color: var(--dark-grey2);font-family: Lato, sans-serif;font-style: normal;letter-spacing: normal;text-align: start;text-indent: 0px;text-transform: none\">Produto: CAIXA MEDICAO POLIF.CMD3 2LACRE TAF<br \/>\nMarca: Taf<br \/>\nMaterial: Pl\u00e1stico de engenharia<br \/>\nCor: Preta<br \/>\nDimens\u00f5es: 48x38x21.5cm (CxLxA) &#8211; medidas aproximadas<br \/>\n<\/span><\/p>\n","protected":false},"featured_media":27259,"template":"","meta":{"_joinchat":[]},"product_brand":[],"product_cat":[119],"product_tag":[],"class_list":{"0":"post-20051","1":"product","2":"type-product","3":"status-publish","4":"has-post-thumbnail","6":"product_cat-materiais-eletricos","8":"first","9":"outofstock","10":"shipping-taxable","11":"product-type-simple"},"_links":{"self":[{"href":"https:\/\/www.multicasa.com.br\/inicio\/wp-json\/wp\/v2\/product\/20051","targetHints":{"allow":["GET"]}}],"collection":[{"href":"https:\/\/www.multicasa.com.br\/inicio\/wp-json\/wp\/v2\/product"}],"about":[{"href":"https:\/\/www.multicasa.com.br\/inicio\/wp-json\/wp\/v2\/types\/product"}],"wp:featuredmedia":[{"embeddable":true,"href":"https:\/\/www.multicasa.com.br\/inicio\/wp-json\/wp\/v2\/media\/27259"}],"wp:attachment":[{"href":"https:\/\/www.multicasa.com.br\/inicio\/wp-json\/wp\/v2\/media?parent=20051"}],"wp:term":[{"taxonomy":"product_brand","embeddable":true,"href":"https:\/\/www.multicasa.com.br\/inicio\/wp-json\/wp\/v2\/product_brand?post=20051"},{"taxonomy":"product_cat","embeddable":true,"href":"https:\/\/www.multicasa.com.br\/inicio\/wp-json\/wp\/v2\/product_cat?post=20051"},{"taxonomy":"product_tag","embeddable":true,"href":"https:\/\/www.multicasa.com.br\/inicio\/wp-json\/wp\/v2\/product_tag?post=20051"}],"curies":[{"name":"wp","href":"https:\/\/api.w.org\/{rel}","templated":true}]}}