{"id":20071,"date":"2025-06-20T19:57:23","date_gmt":"2025-06-20T23:57:23","guid":{"rendered":"https:\/\/www.multicasa.com.br\/inicio\/?post_type=product&#038;p=20071"},"modified":"2025-06-20T19:59:06","modified_gmt":"2025-06-20T23:59:06","slug":"panela-eletrica-mondial-para-cozinhar-ovos-360w-127v","status":"publish","type":"product","link":"https:\/\/www.multicasa.com.br\/inicio\/produto\/panela-eletrica-mondial-para-cozinhar-ovos-360w-127v\/","title":{"rendered":"Panela El\u00e9trica Mondial para Cozinhar Ovos 360W &#8211; 127V"},"content":{"rendered":"<p>Com a Panela El\u00e9trica Mondial para cozinhar ovos tenha a solu\u00e7\u00e3o perfeita para refei\u00e7\u00f5es r\u00e1pidas e gostosas. Diferente de fazer na panela padr\u00e3o, o ovo n\u00e3o fica trepidando com o calor da \u00e1gua e n\u00e3o rachar\u00e1 ao longo do cozimento. A luz do cozedor desliga sozinha quando a \u00e1gua acaba, informando que o ovo j\u00e1 est\u00e1 cozido da forma desejada. Al\u00e9m disso, tamb\u00e9m faz omelete, salsicha, legumes etc, a vapor. Com cabo de alimenta\u00e7\u00e3o de 127v e pot\u00eancia de 360w. Com design sofisticado e inovador, basta colocar \u00e1gua e ligar o bot\u00e3o, podendo tamb\u00e9m ser levado \u00e0 mesa. F\u00e1cil de lavar e pr\u00e1tico para guardar, otimize sua rotina com sua panela egg cooker.<\/p>\n","protected":false},"excerpt":{"rendered":"<h4 style=\"margin: 0px;padding: 0px 0px 16px;font-family: Lato, sans-serif;font-weight: bold;line-height: 3rem;color: var(--dark-grey3);font-size: 22px;font-style: normal;letter-spacing: normal;text-align: start;text-indent: 0px;text-transform: none\">Informa\u00e7\u00f5es t\u00e9cnicas<\/h4>\n<p><span style=\"margin: 0px;padding: 0px;font-weight: 450;font-size: 14px;line-height: 21px;color: var(--dark-grey2);font-family: Lato, sans-serif;font-style: normal;letter-spacing: normal;text-align: start;text-indent: 0px;text-transform: none\">Produto: Panela para ovos<br \/>\nTipo: El\u00e9trica<br \/>\nMarca: Mondial<br \/>\nMaterial: Pl\u00e1stico<br \/>\nCor: Preto<br \/>\nUso indicado: Cozinhar ovos e fazer omelete<br \/>\nPot\u00eancia: 360w<br \/>\nTens\u00e3o el\u00e9trica: 127v<br \/>\nCaracter\u00edsticas: Cozinha at\u00e9 7 ovos<br \/>\nItens Inclusos: 1 panela para ovos<br \/>\nDimens\u00f5es do produto (A x L x P): 19 x 19cm<br \/>\nGarantia:<br \/>\nOCP: 0040<br \/>\n<\/span><\/p>\n","protected":false},"featured_media":20159,"template":"","meta":{"_joinchat":[]},"product_brand":[],"product_cat":[93],"product_tag":[],"class_list":{"0":"post-20071","1":"product","2":"type-product","3":"status-publish","4":"has-post-thumbnail","6":"product_cat-utensilios-para-cozinha","8":"first","9":"outofstock","10":"shipping-taxable","11":"product-type-simple"},"_links":{"self":[{"href":"https:\/\/www.multicasa.com.br\/inicio\/wp-json\/wp\/v2\/product\/20071","targetHints":{"allow":["GET"]}}],"collection":[{"href":"https:\/\/www.multicasa.com.br\/inicio\/wp-json\/wp\/v2\/product"}],"about":[{"href":"https:\/\/www.multicasa.com.br\/inicio\/wp-json\/wp\/v2\/types\/product"}],"wp:featuredmedia":[{"embeddable":true,"href":"https:\/\/www.multicasa.com.br\/inicio\/wp-json\/wp\/v2\/media\/20159"}],"wp:attachment":[{"href":"https:\/\/www.multicasa.com.br\/inicio\/wp-json\/wp\/v2\/media?parent=20071"}],"wp:term":[{"taxonomy":"product_brand","embeddable":true,"href":"https:\/\/www.multicasa.com.br\/inicio\/wp-json\/wp\/v2\/product_brand?post=20071"},{"taxonomy":"product_cat","embeddable":true,"href":"https:\/\/www.multicasa.com.br\/inicio\/wp-json\/wp\/v2\/product_cat?post=20071"},{"taxonomy":"product_tag","embeddable":true,"href":"https:\/\/www.multicasa.com.br\/inicio\/wp-json\/wp\/v2\/product_tag?post=20071"}],"curies":[{"name":"wp","href":"https:\/\/api.w.org\/{rel}","templated":true}]}}