{"id":20116,"date":"2025-06-20T19:58:14","date_gmt":"2025-06-20T23:58:14","guid":{"rendered":"https:\/\/www.multicasa.com.br\/inicio\/?post_type=product&#038;p=20116"},"modified":"2025-12-01T14:34:43","modified_gmt":"2025-12-01T18:34:43","slug":"rolo-adesivo-verde-30-folhas-flashlimp-2-refil","status":"publish","type":"product","link":"https:\/\/www.multicasa.com.br\/inicio\/produto\/rolo-adesivo-verde-30-folhas-flashlimp-2-refil\/","title":{"rendered":"Rolo Adesivo Verde 30 Folhas Flashlimp 2 Refil"},"content":{"rendered":"<p>O Rolo Adesivo Verde Folhas Flashlimp \u00e9 a maneira ideal para tirar sujeiras, res\u00edduos, p\u00f3s, pelos e fiapos das suas roupas, tudo isso sem danificar suas pe\u00e7as. Com corpo na cor verde, conta com 2 refis adesivos de 30 folhas cada. Ideal para transportar e manter seu visual sempre em ordem.<\/p>\n","protected":false},"excerpt":{"rendered":"<h4 style=\"margin: 0px;padding: 0px 0px 16px;font-family: Lato, sans-serif;font-weight: bold;line-height: 3rem;color: var(--dark-grey3);font-size: 22px;font-style: normal;letter-spacing: normal;text-align: start;text-indent: 0px;text-transform: none\">Informa\u00e7\u00f5es t\u00e9cnicas<\/h4>\n<p><span style=\"margin: 0px;padding: 0px;font-weight: 450;font-size: 14px;line-height: 21px;color: var(--dark-grey2);font-family: Lato, sans-serif;font-style: normal;letter-spacing: normal;text-align: start;text-indent: 0px;text-transform: none\">Produto: Rolo adesivo<br \/>\nMarca: Flashlimp<br \/>\nMaterial: PP<br \/>\nPapel<br \/>\nAdesivo de borracha<br \/>\nResina sint\u00e9tica<br \/>\nCor: Verde e branco<br \/>\nUso indicado: Remover fios, pelos e p\u00f3 de tecidos<br \/>\nCaracter\u00edsticas: 30 folhas<br \/>\nQuantidade de pe\u00e7as: 3<br \/>\nItens Inclusos: 1 rolo adesivo<br \/>\n2 refis<br \/>\nDimens\u00f5es do produto (A x L x P): Rolo &#8211; 16 x 3 x 3cm<br \/>\nRefil &#8211; 7,5 x 3 x 3cm<br \/>\n<\/span><\/p>\n","protected":false},"featured_media":20188,"template":"","meta":{"_joinchat":[]},"product_brand":[],"product_cat":[162],"product_tag":[],"class_list":{"0":"post-20116","1":"product","2":"type-product","3":"status-publish","4":"has-post-thumbnail","6":"product_cat-colas-e-cia","8":"first","9":"instock","10":"shipping-taxable","11":"purchasable","12":"product-type-simple"},"_links":{"self":[{"href":"https:\/\/www.multicasa.com.br\/inicio\/wp-json\/wp\/v2\/product\/20116","targetHints":{"allow":["GET"]}}],"collection":[{"href":"https:\/\/www.multicasa.com.br\/inicio\/wp-json\/wp\/v2\/product"}],"about":[{"href":"https:\/\/www.multicasa.com.br\/inicio\/wp-json\/wp\/v2\/types\/product"}],"wp:featuredmedia":[{"embeddable":true,"href":"https:\/\/www.multicasa.com.br\/inicio\/wp-json\/wp\/v2\/media\/20188"}],"wp:attachment":[{"href":"https:\/\/www.multicasa.com.br\/inicio\/wp-json\/wp\/v2\/media?parent=20116"}],"wp:term":[{"taxonomy":"product_brand","embeddable":true,"href":"https:\/\/www.multicasa.com.br\/inicio\/wp-json\/wp\/v2\/product_brand?post=20116"},{"taxonomy":"product_cat","embeddable":true,"href":"https:\/\/www.multicasa.com.br\/inicio\/wp-json\/wp\/v2\/product_cat?post=20116"},{"taxonomy":"product_tag","embeddable":true,"href":"https:\/\/www.multicasa.com.br\/inicio\/wp-json\/wp\/v2\/product_tag?post=20116"}],"curies":[{"name":"wp","href":"https:\/\/api.w.org\/{rel}","templated":true}]}}