{"id":20122,"date":"2025-06-20T19:58:15","date_gmt":"2025-06-20T23:58:15","guid":{"rendered":"https:\/\/www.multicasa.com.br\/inicio\/?post_type=product&#038;p=20122"},"modified":"2026-02-25T12:32:51","modified_gmt":"2026-02-25T16:32:51","slug":"centrifuga-para-salada-em-plastico-dr-util-4l","status":"publish","type":"product","link":"https:\/\/www.multicasa.com.br\/inicio\/produto\/centrifuga-para-salada-em-plastico-dr-util-4l\/","title":{"rendered":"Centr\u00edfuga para Salada em Pl\u00e1stico Dr. \u00datil 4L"},"content":{"rendered":"<p>Lave e seque sua salada com rapidez e aumente a sua conserva\u00e7\u00e3o. A Centr\u00edfuga para Salada da Dr. \u00datil funciona de forma simples e vers\u00e1til. Pode escorrer e higienizar saladas, legumes e escorrer massas. Feita de pl\u00e1stico resistente, o seca salada tem capacidade de at\u00e9 4 litros e suas funcionalidades prolongam a conserva\u00e7\u00e3o dos alimentos. Tem dimens\u00f5es de 25 x 18 cm e proporciona facilidade ao dia-a-dia da sua fam\u00edlia.<\/p>\n","protected":false},"excerpt":{"rendered":"<h4 style=\"margin: 0px;padding: 0px 0px 16px;font-family: Lato, sans-serif;font-weight: bold;line-height: 3rem;color: var(--dark-grey3);font-size: 22px;font-style: normal;letter-spacing: normal;text-align: start;text-indent: 0px;text-transform: none\">Informa\u00e7\u00f5es t\u00e9cnicas<\/h4>\n<p><span style=\"margin: 0px;padding: 0px;font-weight: 450;font-size: 14px;line-height: 21px;color: var(--dark-grey2);font-family: Lato, sans-serif;font-style: normal;letter-spacing: normal;text-align: start;text-indent: 0px;text-transform: none\">Produto: Centr\u00edfuga para Salada<br \/>\nMarca: Dr. \u00datil<br \/>\nMaterial: Pl\u00e1stico<br \/>\nCor: Sortida<br \/>\nCapacidade: 4L<br \/>\nCaracter\u00edstica: Possui corpo e tampa perfurados<br \/>\nFacilita o enx\u00e1gue e secagem do alimento.<br \/>\nItens Inclusos: 1 Centr\u00edfuga para salada<br \/>\nDimens\u00f5es do produto (A X L) 18 x 25cm<\/span><\/p>\n","protected":false},"featured_media":20210,"template":"","meta":{"_joinchat":[]},"product_brand":[],"product_cat":[93],"product_tag":[],"class_list":{"0":"post-20122","1":"product","2":"type-product","3":"status-publish","4":"has-post-thumbnail","6":"product_cat-utensilios-para-cozinha","8":"first","9":"outofstock","10":"shipping-taxable","11":"purchasable","12":"product-type-simple"},"_links":{"self":[{"href":"https:\/\/www.multicasa.com.br\/inicio\/wp-json\/wp\/v2\/product\/20122","targetHints":{"allow":["GET"]}}],"collection":[{"href":"https:\/\/www.multicasa.com.br\/inicio\/wp-json\/wp\/v2\/product"}],"about":[{"href":"https:\/\/www.multicasa.com.br\/inicio\/wp-json\/wp\/v2\/types\/product"}],"wp:featuredmedia":[{"embeddable":true,"href":"https:\/\/www.multicasa.com.br\/inicio\/wp-json\/wp\/v2\/media\/20210"}],"wp:attachment":[{"href":"https:\/\/www.multicasa.com.br\/inicio\/wp-json\/wp\/v2\/media?parent=20122"}],"wp:term":[{"taxonomy":"product_brand","embeddable":true,"href":"https:\/\/www.multicasa.com.br\/inicio\/wp-json\/wp\/v2\/product_brand?post=20122"},{"taxonomy":"product_cat","embeddable":true,"href":"https:\/\/www.multicasa.com.br\/inicio\/wp-json\/wp\/v2\/product_cat?post=20122"},{"taxonomy":"product_tag","embeddable":true,"href":"https:\/\/www.multicasa.com.br\/inicio\/wp-json\/wp\/v2\/product_tag?post=20122"}],"curies":[{"name":"wp","href":"https:\/\/api.w.org\/{rel}","templated":true}]}}