{"id":20123,"date":"2025-06-20T19:58:16","date_gmt":"2025-06-20T23:58:16","guid":{"rendered":"https:\/\/www.multicasa.com.br\/inicio\/?post_type=product&#038;p=20123"},"modified":"2025-06-20T20:00:00","modified_gmt":"2025-06-21T00:00:00","slug":"kit-de-tampas-de-silicone-universal-com-6-pecas-azul-transparente-uny-home","status":"publish","type":"product","link":"https:\/\/www.multicasa.com.br\/inicio\/produto\/kit-de-tampas-de-silicone-universal-com-6-pecas-azul-transparente-uny-home\/","title":{"rendered":"Kit de Tampas de Silicone Universal com 6 Pe\u00e7as Azul Transparente Uny Home"},"content":{"rendered":"<p>A Tampa de Silicone Universal da Uny Home resolve seus problemas quando o assunto \u00e9 cobrir utens\u00edlios. El\u00e1stica, ela se encaixa em potes, vasilhas e panelas de diversos formatos. S\u00e3o 6 tampas de tamanhos diferentes sendo 6,5cm, 9,5cm, 11,5cm, 14,5cm, 16,5cm e 20,5cm; basta estic\u00e1-las para cobrir seus alimentos, frutas e vegetais, impedindo que poeira se acumule ou que absorva odores externos.<\/p>\n","protected":false},"excerpt":{"rendered":"<h4 style=\"margin: 0px;padding: 0px 0px 16px;font-family: Lato, sans-serif;font-weight: bold;line-height: 3rem;color: var(--dark-grey3);font-size: 22px;font-style: normal;letter-spacing: normal;text-align: start;text-indent: 0px;text-transform: none\">Informa\u00e7\u00f5es t\u00e9cnicas<\/h4>\n<p><span style=\"margin: 0px;padding: 0px;font-weight: 450;font-size: 14px;line-height: 21px;color: var(--dark-grey2);font-family: Lato, sans-serif;font-style: normal;letter-spacing: normal;text-align: start;text-indent: 0px;text-transform: none\">Produto: Kit Tampa Universal<br \/>\nMarca: Uny Home<br \/>\nMaterial: Silicone<br \/>\nCor: Azul Transparente<br \/>\nCaracter\u00edsticas: Utilize em diversos recipientes<br \/>\nItens Inclusos: 1 Kit Tampa universal com 6 unidades<br \/>\nDimens\u00f5es do produto (L): 6,5cm<br \/>\n9,5cm<br \/>\n11,5cm<br \/>\n14,5cm<br \/>\n16,5cm<br \/>\n20,5cm<\/span><\/p>\n","protected":false},"featured_media":20216,"template":"","meta":{"_joinchat":[]},"product_brand":[],"product_cat":[93],"product_tag":[],"class_list":{"0":"post-20123","1":"product","2":"type-product","3":"status-publish","4":"has-post-thumbnail","6":"product_cat-utensilios-para-cozinha","8":"first","9":"outofstock","10":"shipping-taxable","11":"product-type-simple"},"_links":{"self":[{"href":"https:\/\/www.multicasa.com.br\/inicio\/wp-json\/wp\/v2\/product\/20123","targetHints":{"allow":["GET"]}}],"collection":[{"href":"https:\/\/www.multicasa.com.br\/inicio\/wp-json\/wp\/v2\/product"}],"about":[{"href":"https:\/\/www.multicasa.com.br\/inicio\/wp-json\/wp\/v2\/types\/product"}],"wp:featuredmedia":[{"embeddable":true,"href":"https:\/\/www.multicasa.com.br\/inicio\/wp-json\/wp\/v2\/media\/20216"}],"wp:attachment":[{"href":"https:\/\/www.multicasa.com.br\/inicio\/wp-json\/wp\/v2\/media?parent=20123"}],"wp:term":[{"taxonomy":"product_brand","embeddable":true,"href":"https:\/\/www.multicasa.com.br\/inicio\/wp-json\/wp\/v2\/product_brand?post=20123"},{"taxonomy":"product_cat","embeddable":true,"href":"https:\/\/www.multicasa.com.br\/inicio\/wp-json\/wp\/v2\/product_cat?post=20123"},{"taxonomy":"product_tag","embeddable":true,"href":"https:\/\/www.multicasa.com.br\/inicio\/wp-json\/wp\/v2\/product_tag?post=20123"}],"curies":[{"name":"wp","href":"https:\/\/api.w.org\/{rel}","templated":true}]}}