{"id":20140,"date":"2025-06-20T19:58:38","date_gmt":"2025-06-20T23:58:38","guid":{"rendered":"https:\/\/www.multicasa.com.br\/inicio\/?post_type=product&#038;p=20140"},"modified":"2025-06-20T20:00:07","modified_gmt":"2025-06-21T00:00:07","slug":"copo-retratil-de-silicone-uny-home-350ml","status":"publish","type":"product","link":"https:\/\/www.multicasa.com.br\/inicio\/produto\/copo-retratil-de-silicone-uny-home-350ml\/","title":{"rendered":"Copo Retr\u00e1til de Silicone Uny Home 350ml"},"content":{"rendered":"<p>O Copo Retr\u00e1til de Silicone da Uny Home \u00e9 dobr\u00e1vel e cabe facilmente na bolsa, ideal para voc\u00ea carregar para qualquer lugar. Serve para bebidas quentes ou frias, j\u00e1 que possui um suporte que permite segur\u00e1-lo para evitar acidentes com queimaduras leves. Seu design dobr\u00e1vel e vers\u00e1til comprova sua efici\u00eancia. Possui capacidade para at\u00e9 350ml e suas dimens\u00f5es variam. Quando aberto, possui 14,5 cm e, quando fechado, 6,5 cm. Tem di\u00e2metro de 8,5 cm e \u00e9 indicado para quem busca higiene para consumir alimentos fora de casa, sendo tamb\u00e9m uma op\u00e7\u00e3o ecol\u00f3gica.<\/p>\n","protected":false},"excerpt":{"rendered":"<h4 style=\"margin: 0px;padding: 0px 0px 16px;font-family: Lato, sans-serif;font-weight: bold;line-height: 3rem;color: var(--dark-grey3);font-size: 22px;font-style: normal;letter-spacing: normal;text-align: start;text-indent: 0px;text-transform: none\">Informa\u00e7\u00f5es t\u00e9cnicas<\/h4>\n<p><span style=\"margin: 0px;padding: 0px;font-weight: 450;font-size: 14px;line-height: 21px;color: var(--dark-grey2);font-family: Lato, sans-serif;font-style: normal;letter-spacing: normal;text-align: start;text-indent: 0px;text-transform: none\">Produto: Copo Retr\u00e1til<br \/>\nMarca: Uny Home<br \/>\nMaterial: Silicone<br \/>\nCor: Sortidas<br \/>\nCapacidade: 350ml<br \/>\nItens Inclusos: 1 copo retr\u00e1til<br \/>\nDimens\u00f5es do produto (A X L): Fechado &#8211; 6,5 x 8,5cm, Aberto &#8211; 14,5 x 8,5cm<\/span><\/p>\n","protected":false},"featured_media":20228,"template":"","meta":{"_joinchat":[]},"product_brand":[],"product_cat":[93],"product_tag":[],"class_list":{"0":"post-20140","1":"product","2":"type-product","3":"status-publish","4":"has-post-thumbnail","6":"product_cat-utensilios-para-cozinha","8":"first","9":"outofstock","10":"shipping-taxable","11":"product-type-simple"},"_links":{"self":[{"href":"https:\/\/www.multicasa.com.br\/inicio\/wp-json\/wp\/v2\/product\/20140","targetHints":{"allow":["GET"]}}],"collection":[{"href":"https:\/\/www.multicasa.com.br\/inicio\/wp-json\/wp\/v2\/product"}],"about":[{"href":"https:\/\/www.multicasa.com.br\/inicio\/wp-json\/wp\/v2\/types\/product"}],"wp:featuredmedia":[{"embeddable":true,"href":"https:\/\/www.multicasa.com.br\/inicio\/wp-json\/wp\/v2\/media\/20228"}],"wp:attachment":[{"href":"https:\/\/www.multicasa.com.br\/inicio\/wp-json\/wp\/v2\/media?parent=20140"}],"wp:term":[{"taxonomy":"product_brand","embeddable":true,"href":"https:\/\/www.multicasa.com.br\/inicio\/wp-json\/wp\/v2\/product_brand?post=20140"},{"taxonomy":"product_cat","embeddable":true,"href":"https:\/\/www.multicasa.com.br\/inicio\/wp-json\/wp\/v2\/product_cat?post=20140"},{"taxonomy":"product_tag","embeddable":true,"href":"https:\/\/www.multicasa.com.br\/inicio\/wp-json\/wp\/v2\/product_tag?post=20140"}],"curies":[{"name":"wp","href":"https:\/\/api.w.org\/{rel}","templated":true}]}}