{"id":20141,"date":"2025-06-20T19:58:38","date_gmt":"2025-06-20T23:58:38","guid":{"rendered":"https:\/\/www.multicasa.com.br\/inicio\/?post_type=product&#038;p=20141"},"modified":"2025-06-20T20:00:21","modified_gmt":"2025-06-21T00:00:21","slug":"kit-fatiador-e-cortador-de-legumes-nicer-dicer-inox-clink","status":"publish","type":"product","link":"https:\/\/www.multicasa.com.br\/inicio\/produto\/kit-fatiador-e-cortador-de-legumes-nicer-dicer-inox-clink\/","title":{"rendered":"Kit Fatiador e Cortador de Legumes Nicer Dicer Inox Clink"},"content":{"rendered":"<p>O Kit fatiador e cortador nicer dicer Clink \u00e9 muito pr\u00e1tico, pois tem uma variedade de l\u00e2minas em um s\u00f3 aparelho. Com o corpo em pl\u00e1stico e as l\u00e2minas em a\u00e7o inoxid\u00e1vel, o jogo de fatiadores conta com 6 tipos diferentes de l\u00e2minas que podem ser trocadas facilmente. Com este espetacular utens\u00edlio para cozinha, poder\u00e1 preparar as receitas de sua prefer\u00eancia rapidamente e com menos esfor\u00e7o,<br \/>\nbasta inserir os produtos no topo da caixa sobre as l\u00e2minas e apertar as caixas sucessivamente at\u00e9 criar a sua salada ou cortar legumes \/ frutos que precisar.<br \/>\nCompletamente desmont\u00e1vel, sendo f\u00e1cil de lavar e guardar, \u00e9 uma excelente alternativa para o dia-a-dia de sua cozinha!<\/p>\n","protected":false},"excerpt":{"rendered":"<h4 style=\"margin: 0px;padding: 0px 0px 16px;font-family: Lato, sans-serif;font-weight: bold;line-height: 3rem;color: var(--dark-grey3);font-size: 22px;font-style: normal;letter-spacing: normal;text-align: start;text-indent: 0px;text-transform: none\">Informa\u00e7\u00f5es t\u00e9cnicas<\/h4>\n<p><span style=\"margin: 0px;padding: 0px;font-weight: 450;font-size: 14px;line-height: 21px;color: var(--dark-grey2);font-family: Lato, sans-serif;font-style: normal;letter-spacing: normal;text-align: start;text-indent: 0px;text-transform: none\">Produto: Fatiador e Cordator<br \/>\nMarca: Clink<br \/>\nMaterial: Pl\u00e1stico<br \/>\nA\u00e7o Inox<br \/>\nCor: Verde e branco<br \/>\nCaracter\u00edsticas: Material inquebr\u00e1vel<br \/>\nCompacto e f\u00e1cil de guardar<br \/>\nCompletamente desmont\u00e1vel<br \/>\nFiversos tipos de op\u00e7\u00f5es para corte<br \/>\nQuantidade de pe\u00e7as: 8<br \/>\nItens Inclusos: 1 Fatiador e cortador<br \/>\n1 Dispenser com tampa<br \/>\n1 Suporte para corte<br \/>\n6 Fatiadores<br \/>\nDimens\u00f5es do produto (A x L x P): 9 x 27,8 x 12cm<\/span><\/p>\n","protected":false},"featured_media":20231,"template":"","meta":{"_joinchat":[]},"product_brand":[],"product_cat":[93],"product_tag":[],"class_list":{"0":"post-20141","1":"product","2":"type-product","3":"status-publish","4":"has-post-thumbnail","6":"product_cat-utensilios-para-cozinha","8":"first","9":"outofstock","10":"shipping-taxable","11":"product-type-simple"},"_links":{"self":[{"href":"https:\/\/www.multicasa.com.br\/inicio\/wp-json\/wp\/v2\/product\/20141","targetHints":{"allow":["GET"]}}],"collection":[{"href":"https:\/\/www.multicasa.com.br\/inicio\/wp-json\/wp\/v2\/product"}],"about":[{"href":"https:\/\/www.multicasa.com.br\/inicio\/wp-json\/wp\/v2\/types\/product"}],"wp:featuredmedia":[{"embeddable":true,"href":"https:\/\/www.multicasa.com.br\/inicio\/wp-json\/wp\/v2\/media\/20231"}],"wp:attachment":[{"href":"https:\/\/www.multicasa.com.br\/inicio\/wp-json\/wp\/v2\/media?parent=20141"}],"wp:term":[{"taxonomy":"product_brand","embeddable":true,"href":"https:\/\/www.multicasa.com.br\/inicio\/wp-json\/wp\/v2\/product_brand?post=20141"},{"taxonomy":"product_cat","embeddable":true,"href":"https:\/\/www.multicasa.com.br\/inicio\/wp-json\/wp\/v2\/product_cat?post=20141"},{"taxonomy":"product_tag","embeddable":true,"href":"https:\/\/www.multicasa.com.br\/inicio\/wp-json\/wp\/v2\/product_tag?post=20141"}],"curies":[{"name":"wp","href":"https:\/\/api.w.org\/{rel}","templated":true}]}}