{"id":20142,"date":"2025-06-20T19:58:38","date_gmt":"2025-06-20T23:58:38","guid":{"rendered":"https:\/\/www.multicasa.com.br\/inicio\/?post_type=product&#038;p=20142"},"modified":"2026-01-09T16:23:24","modified_gmt":"2026-01-09T20:23:24","slug":"garrafa-termica-em-aco-inox-branca-stanley-473ml","status":"publish","type":"product","link":"https:\/\/www.multicasa.com.br\/inicio\/produto\/garrafa-termica-em-aco-inox-branca-stanley-473ml\/","title":{"rendered":"Garrafa T\u00e9rmica em A\u00e7o Inox Branca Stanley 473ml"},"content":{"rendered":"<p>Conserve suas bebidas quentes ou frias com a Garrafa T\u00e9rmica Stanley. Com capacidade para 473ml, \u00e9 feita em a\u00e7o inox 18\/8 contra vazamentos e livre de BPA. Com al\u00e7a emborrachada, tampa abre e fecha e bot\u00e3o de acionamento de fluxo, permite abrir, beber e fechar apenas com uma m\u00e3o. Perfeita para pr\u00e1tica de esportes, academia, escrit\u00f3rio ou onde voc\u00ea estiver. Sua tampa \u00e9 desmont\u00e1vel, facilitando a limpeza profunda.<\/p>\n","protected":false},"excerpt":{"rendered":"<h4 style=\"margin: 0px;padding: 0px 0px 16px;font-family: Lato, sans-serif;font-weight: bold;line-height: 3rem;color: var(--dark-grey3);font-size: 22px;font-style: normal;letter-spacing: normal;text-align: start;text-indent: 0px;text-transform: none\">Informa\u00e7\u00f5es t\u00e9cnicas<\/h4>\n<p><span style=\"margin: 0px;padding: 0px;font-weight: 450;font-size: 14px;line-height: 21px;color: var(--dark-grey2);font-family: Lato, sans-serif;font-style: normal;letter-spacing: normal;text-align: start;text-indent: 0px;text-transform: none\">Produto: Garrafa t\u00e9rmica<br \/>\nMarca: Stanley<br \/>\nMaterial: A\u00e7o Inox<br \/>\nCor: Branca<br \/>\nCapacidade: 473ml<br \/>\nItens Inclusos: 1 garrafa t\u00e9rmica<br \/>\nDimens\u00f5es do produto (A x L x P): 25 x 7,2 x 9,5cm<\/span><\/p>\n","protected":false},"featured_media":20242,"template":"","meta":{"_joinchat":[]},"product_brand":[],"product_cat":[93],"product_tag":[],"class_list":{"0":"post-20142","1":"product","2":"type-product","3":"status-publish","4":"has-post-thumbnail","6":"product_cat-utensilios-para-cozinha","8":"first","9":"outofstock","10":"shipping-taxable","11":"product-type-simple"},"_links":{"self":[{"href":"https:\/\/www.multicasa.com.br\/inicio\/wp-json\/wp\/v2\/product\/20142","targetHints":{"allow":["GET"]}}],"collection":[{"href":"https:\/\/www.multicasa.com.br\/inicio\/wp-json\/wp\/v2\/product"}],"about":[{"href":"https:\/\/www.multicasa.com.br\/inicio\/wp-json\/wp\/v2\/types\/product"}],"wp:featuredmedia":[{"embeddable":true,"href":"https:\/\/www.multicasa.com.br\/inicio\/wp-json\/wp\/v2\/media\/20242"}],"wp:attachment":[{"href":"https:\/\/www.multicasa.com.br\/inicio\/wp-json\/wp\/v2\/media?parent=20142"}],"wp:term":[{"taxonomy":"product_brand","embeddable":true,"href":"https:\/\/www.multicasa.com.br\/inicio\/wp-json\/wp\/v2\/product_brand?post=20142"},{"taxonomy":"product_cat","embeddable":true,"href":"https:\/\/www.multicasa.com.br\/inicio\/wp-json\/wp\/v2\/product_cat?post=20142"},{"taxonomy":"product_tag","embeddable":true,"href":"https:\/\/www.multicasa.com.br\/inicio\/wp-json\/wp\/v2\/product_tag?post=20142"}],"curies":[{"name":"wp","href":"https:\/\/api.w.org\/{rel}","templated":true}]}}