{"id":20168,"date":"2025-06-20T19:59:10","date_gmt":"2025-06-20T23:59:10","guid":{"rendered":"https:\/\/www.multicasa.com.br\/inicio\/?post_type=product&#038;p=20168"},"modified":"2025-06-23T10:47:20","modified_gmt":"2025-06-23T14:47:20","slug":"video-porteiro-colorido-sense-light-s-hdl","status":"publish","type":"product","link":"https:\/\/www.multicasa.com.br\/inicio\/produto\/video-porteiro-colorido-sense-light-s-hdl\/","title":{"rendered":"Video Porteiro Colorido Sense Light S Hdl"},"content":{"rendered":"<p>A linha de V\u00eddeo Porteiro SENSE \u00e9 composta por uma c\u00e2mera (painel externo) com circuito de \u00e1udio, acionamento de fechadura e geradora de toque de chamada, um monitor com tela de 4\u0094 e fone acoplado, na cor branca \u0095 O sistema permite a visualiza\u00e7\u00e3o de uma segunda imagem (c\u00e2mera auxiliar) conectada e selecionada pelo monitor interno \u0095 Possui alarme antiviola\u00e7\u00e3o no painel externo \u0095 Aceita at\u00e9 4 pontos internos (monitores ou interfones AZ-S) \u0095 Esses modelos possuem aba protetora para o painel externo \u0095 O V\u00eddeo Porteiro tem design atual e se aplica a diversos ambientes, proporcionando mais conforto e seguran\u00e7a<\/p>\n","protected":false},"excerpt":{"rendered":"<h4 style=\"margin: 0px;padding: 0px 0px 16px;font-family: Lato, sans-serif;font-weight: bold;line-height: 3rem;color: var(--dark-grey3);font-size: 22px;font-style: normal;letter-spacing: normal;text-align: start;text-indent: 0px;text-transform: none\">Informa\u00e7\u00f5es t\u00e9cnicas<\/h4>\n<p><span style=\"margin: 0px;padding: 0px;font-weight: 450;font-size: 14px;line-height: 21px;color: var(--dark-grey2);font-family: Lato, sans-serif;font-style: normal;letter-spacing: normal;text-align: start;text-indent: 0px;text-transform: none\">Produto: V\u00cdDEO PORTEIRO COLOR.SENSE LIGHT S<br \/>\nMarca: Hdl<br \/>\nMaterial: Pl\u00e1stico<br \/>\nCor: Branco<br \/>\nCaracter\u00edsticas:<br \/>\n-Alarme antivandalismo.<br \/>\n-Bivolt autom\u00e1tico.<br \/>\n-Lcd Color.<br \/>\n-Saida de video para Dvr.<br \/>\n-At\u00e9 4 c\u00e2meras.<br \/>\n-At\u00e9 2 unidades externas.<br \/>\n-Controla 2 fechaduras.<br \/>\n-Resistente ao tempo.<\/span><\/p>\n","protected":false},"featured_media":26289,"template":"","meta":{"_joinchat":[]},"product_brand":[],"product_cat":[161],"product_tag":[],"class_list":{"0":"post-20168","1":"product","2":"type-product","3":"status-publish","4":"has-post-thumbnail","6":"product_cat-seguranca","8":"first","9":"outofstock","10":"shipping-taxable","11":"product-type-simple"},"_links":{"self":[{"href":"https:\/\/www.multicasa.com.br\/inicio\/wp-json\/wp\/v2\/product\/20168","targetHints":{"allow":["GET"]}}],"collection":[{"href":"https:\/\/www.multicasa.com.br\/inicio\/wp-json\/wp\/v2\/product"}],"about":[{"href":"https:\/\/www.multicasa.com.br\/inicio\/wp-json\/wp\/v2\/types\/product"}],"wp:featuredmedia":[{"embeddable":true,"href":"https:\/\/www.multicasa.com.br\/inicio\/wp-json\/wp\/v2\/media\/26289"}],"wp:attachment":[{"href":"https:\/\/www.multicasa.com.br\/inicio\/wp-json\/wp\/v2\/media?parent=20168"}],"wp:term":[{"taxonomy":"product_brand","embeddable":true,"href":"https:\/\/www.multicasa.com.br\/inicio\/wp-json\/wp\/v2\/product_brand?post=20168"},{"taxonomy":"product_cat","embeddable":true,"href":"https:\/\/www.multicasa.com.br\/inicio\/wp-json\/wp\/v2\/product_cat?post=20168"},{"taxonomy":"product_tag","embeddable":true,"href":"https:\/\/www.multicasa.com.br\/inicio\/wp-json\/wp\/v2\/product_tag?post=20168"}],"curies":[{"name":"wp","href":"https:\/\/api.w.org\/{rel}","templated":true}]}}