{"id":20170,"date":"2025-06-20T19:59:11","date_gmt":"2025-06-20T23:59:11","guid":{"rendered":"https:\/\/www.multicasa.com.br\/inicio\/?post_type=product&#038;p=20170"},"modified":"2025-06-23T09:55:58","modified_gmt":"2025-06-23T13:55:58","slug":"cafeteira-eletrica-single-cadence-caf218-contrast-450w-127v","status":"publish","type":"product","link":"https:\/\/www.multicasa.com.br\/inicio\/produto\/cafeteira-eletrica-single-cadence-caf218-contrast-450w-127v\/","title":{"rendered":"Cafeteira El\u00e9trica Single Cadence CAF218 Contrast 450W &#8211; 127V"},"content":{"rendered":"<p>Com a Cafeteira el\u00e9trica Single Cadence modelo CAF218 voc\u00ea ter\u00e1 um produto com design moderno onde n\u00e3o \u00e9 necess\u00e1rio o uso de jarras. Prepare seu caf\u00e9 diretamente em 2 x\u00edcaras exclusivas de porcelana que acompanham o produto dispensando o uso de jarra, com capacidade de 120ml para cada x\u00edcara ao mesmo tempo. Com pot\u00eancia de 450w e base para alimenta\u00e7\u00e3o compat\u00edvel com voltagem de 127v. Sua base \u00e9 remov\u00edvel e lav\u00e1vel e possui prote\u00e7\u00e3o contra superaquecimento. A linha Cadence Contrast \u00e9 uma combina\u00e7\u00e3o de design e qualidade para transformar sua cozinha.<\/p>\n","protected":false},"excerpt":{"rendered":"<h4 style=\"margin: 0px;padding: 0px 0px 16px;font-family: Lato, sans-serif;font-weight: bold;line-height: 3rem;color: var(--dark-grey3);font-size: 22px;font-style: normal;letter-spacing: normal;text-align: start;text-indent: 0px;text-transform: none\">Informa\u00e7\u00f5es t\u00e9cnicas<\/h4>\n<p><span style=\"margin: 0px;padding: 0px;font-weight: 450;font-size: 14px;line-height: 21px;color: var(--dark-grey2);font-family: Lato, sans-serif;font-style: normal;letter-spacing: normal;text-align: start;text-indent: 0px;text-transform: none\">Produto: Cafeteira Single<br \/>\nTipo: El\u00e9trica<br \/>\nMarca: Cadence<br \/>\nModelo: CAF218<br \/>\nMaterial: Pl\u00e1stico<br \/>\nCor: Preto, laranja<br \/>\nCapacidade de x\u00edcaras: 2 caf\u00e9s (120ml cada)<br \/>\nPot\u00eancia: 450w<br \/>\nTens\u00e3o el\u00e9trica: 127v<br \/>\nCaracter\u00edsticas: Sem necessidade do uso de jarra<br \/>\nbandeja remov\u00edvel<br \/>\nQuantidade de pe\u00e7as: 3<br \/>\nItens Inclusos: 1 cafeteira<br \/>\n2 x\u00edcaras de porcelana<br \/>\nDimens\u00f5es do produto (A x L x P): 23,7 x 21,8 x 17,8cm<br \/>\nGarantia: 6 meses direto pelo fabricante<br \/>\nOCP: 0040<br \/>\n<\/span><\/p>\n","protected":false},"featured_media":24841,"template":"","meta":{"_joinchat":[]},"product_brand":[],"product_cat":[93],"product_tag":[],"class_list":{"0":"post-20170","1":"product","2":"type-product","3":"status-publish","4":"has-post-thumbnail","6":"product_cat-utensilios-para-cozinha","8":"first","9":"outofstock","10":"shipping-taxable","11":"product-type-simple"},"_links":{"self":[{"href":"https:\/\/www.multicasa.com.br\/inicio\/wp-json\/wp\/v2\/product\/20170","targetHints":{"allow":["GET"]}}],"collection":[{"href":"https:\/\/www.multicasa.com.br\/inicio\/wp-json\/wp\/v2\/product"}],"about":[{"href":"https:\/\/www.multicasa.com.br\/inicio\/wp-json\/wp\/v2\/types\/product"}],"wp:featuredmedia":[{"embeddable":true,"href":"https:\/\/www.multicasa.com.br\/inicio\/wp-json\/wp\/v2\/media\/24841"}],"wp:attachment":[{"href":"https:\/\/www.multicasa.com.br\/inicio\/wp-json\/wp\/v2\/media?parent=20170"}],"wp:term":[{"taxonomy":"product_brand","embeddable":true,"href":"https:\/\/www.multicasa.com.br\/inicio\/wp-json\/wp\/v2\/product_brand?post=20170"},{"taxonomy":"product_cat","embeddable":true,"href":"https:\/\/www.multicasa.com.br\/inicio\/wp-json\/wp\/v2\/product_cat?post=20170"},{"taxonomy":"product_tag","embeddable":true,"href":"https:\/\/www.multicasa.com.br\/inicio\/wp-json\/wp\/v2\/product_tag?post=20170"}],"curies":[{"name":"wp","href":"https:\/\/api.w.org\/{rel}","templated":true}]}}