{"id":20173,"date":"2025-06-20T19:59:11","date_gmt":"2025-06-20T23:59:11","guid":{"rendered":"https:\/\/www.multicasa.com.br\/inicio\/?post_type=product&#038;p=20173"},"modified":"2025-06-20T20:00:46","modified_gmt":"2025-06-21T00:00:46","slug":"jogo-de-colheres-medidoras-em-plastico-colorido-uny-home-6-pecas","status":"publish","type":"product","link":"https:\/\/www.multicasa.com.br\/inicio\/produto\/jogo-de-colheres-medidoras-em-plastico-colorido-uny-home-6-pecas\/","title":{"rendered":"Jogo de Colheres Medidoras em Pl\u00e1stico Colorido Uny Home 6 Pe\u00e7as"},"content":{"rendered":"<p>Com o Jogo de Colheres Medidoras Uny Home seus problemas na hora de preparar receitas acabaram. O conjunto conta com 6 pe\u00e7as em nylon refor\u00e7ado com as principais refer\u00eancias utilizadas, sendo as medidas de: 1 x\u00edcara de ch\u00e1, \u00bd x\u00edcara de ch\u00e1, ? x\u00edcara de ch\u00e1, \u00bc x\u00edcara de ch\u00e1, 1 colher de ch\u00e1 e \u00bd colher de ch\u00e1. As cores s\u00e3o variadas e as colheres podem facilmente serem empilhadas otimizando a armazenagem.<\/p>\n","protected":false},"excerpt":{"rendered":"<h4 style=\"margin: 0px;padding: 0px 0px 16px;font-family: Lato, sans-serif;font-weight: bold;line-height: 3rem;color: var(--dark-grey3);font-size: 22px;font-style: normal;letter-spacing: normal;text-align: start;text-indent: 0px;text-transform: none\">Informa\u00e7\u00f5es t\u00e9cnicas<\/h4>\n<p><span style=\"margin: 0px;padding: 0px;font-weight: 450;font-size: 14px;line-height: 21px;color: var(--dark-grey2);font-family: Lato, sans-serif;font-style: normal;letter-spacing: normal;text-align: start;text-indent: 0px;text-transform: none\">Produto: Colheres medidoras<br \/>\nMarca: Uny Home<br \/>\nMaterial: Nylon<br \/>\nCor: Sortidas<br \/>\nQuantidade de pe\u00e7as: 6<br \/>\nItens Inclusos: 1 medidora de 1\/2 colher de ch\u00e1<br \/>\n1 medidora de 1 colher de ch\u00e1<br \/>\n1 medidora de 1\/4 x\u00edcara de ch\u00e1<br \/>\n1 medidora de 1\/3 x\u00edcara de ch\u00e1<br \/>\n1 medidora de 1\/2 x\u00edcara ch\u00e1<br \/>\n1 medidora de 1 x\u00edcara de ch\u00e1<br \/>\nDimens\u00f5es do produto (A x L): 1\/2 Colher de Ch\u00e1 &#8211; 3,0 x 9,5cm<br \/>\n1 Colher de Ch\u00e1 &#8211; 4,0 x 11,0cm<br \/>\n1\/4 X\u00edcara de Ch\u00e1 &#8211; 5,5 x 12,0cm<br \/>\n1\/3 X\u00edcara de Ch\u00e1 &#8211; 6,5 x 13,0cm<br \/>\n1\/2 X\u00edcara Ch\u00e1 &#8211; 8,0 x 14,5cm<br \/>\n1 X\u00edcara de Ch\u00e1 &#8211; 9,0 x 16,5cm<\/span><\/p>\n","protected":false},"featured_media":20255,"template":"","meta":{"_joinchat":[]},"product_brand":[],"product_cat":[93],"product_tag":[],"class_list":{"0":"post-20173","1":"product","2":"type-product","3":"status-publish","4":"has-post-thumbnail","6":"product_cat-utensilios-para-cozinha","8":"first","9":"outofstock","10":"shipping-taxable","11":"product-type-simple"},"_links":{"self":[{"href":"https:\/\/www.multicasa.com.br\/inicio\/wp-json\/wp\/v2\/product\/20173","targetHints":{"allow":["GET"]}}],"collection":[{"href":"https:\/\/www.multicasa.com.br\/inicio\/wp-json\/wp\/v2\/product"}],"about":[{"href":"https:\/\/www.multicasa.com.br\/inicio\/wp-json\/wp\/v2\/types\/product"}],"wp:featuredmedia":[{"embeddable":true,"href":"https:\/\/www.multicasa.com.br\/inicio\/wp-json\/wp\/v2\/media\/20255"}],"wp:attachment":[{"href":"https:\/\/www.multicasa.com.br\/inicio\/wp-json\/wp\/v2\/media?parent=20173"}],"wp:term":[{"taxonomy":"product_brand","embeddable":true,"href":"https:\/\/www.multicasa.com.br\/inicio\/wp-json\/wp\/v2\/product_brand?post=20173"},{"taxonomy":"product_cat","embeddable":true,"href":"https:\/\/www.multicasa.com.br\/inicio\/wp-json\/wp\/v2\/product_cat?post=20173"},{"taxonomy":"product_tag","embeddable":true,"href":"https:\/\/www.multicasa.com.br\/inicio\/wp-json\/wp\/v2\/product_tag?post=20173"}],"curies":[{"name":"wp","href":"https:\/\/api.w.org\/{rel}","templated":true}]}}