{"id":20174,"date":"2025-06-20T19:59:11","date_gmt":"2025-06-20T23:59:11","guid":{"rendered":"https:\/\/www.multicasa.com.br\/inicio\/?post_type=product&#038;p=20174"},"modified":"2025-08-18T01:25:19","modified_gmt":"2025-08-18T05:25:19","slug":"porta-condimento-de-plastico-preto-vermelho-plasutil","status":"publish","type":"product","link":"https:\/\/www.multicasa.com.br\/inicio\/produto\/porta-condimento-de-plastico-preto-vermelho-plasutil\/","title":{"rendered":"Porta Condimento de Pl\u00e1stico Preto\/Vermelho Plas\u00fatil"},"content":{"rendered":"<p>O Porta Tempero de Pl\u00e1stico da Plas\u00fatil tem capacidade m\u00e1xima de 140ml, possui v\u00e1lvula de dosagem e sistema abre fecha. Ideal para preservar o seu tempero, funciona de forma simples sendo necess\u00e1rio apenas pressionar o centro para permitir a sa\u00edda do condimento e, para veda\u00e7\u00e3o, \u00e9 necess\u00e1rio abaixar as laterais. Dispon\u00edvel na cor preto e vermelho.<\/p>\n","protected":false},"excerpt":{"rendered":"<h4 style=\"margin: 0px;padding: 0px 0px 16px;font-family: Lato, sans-serif;font-weight: bold;line-height: 3rem;color: var(--dark-grey3);font-size: 22px;font-style: normal;letter-spacing: normal;text-align: start;text-indent: 0px;text-transform: none\">Informa\u00e7\u00f5es t\u00e9cnicas<\/h4>\n<p><span style=\"margin: 0px;padding: 0px;font-weight: 450;font-size: 14px;line-height: 21px;color: var(--dark-grey2);font-family: Lato, sans-serif;font-style: normal;letter-spacing: normal;text-align: start;text-indent: 0px;text-transform: none\">Produto: Porta Condimentos<br \/>\nMarca: Plas\u00fatil<br \/>\nMaterial: Pl\u00e1stico<br \/>\nSilicone<br \/>\nCor: Preto e Vermelho<br \/>\nCapacidade: 140ml<br \/>\nItens Inclusos: 1 Porta condimentos<br \/>\nDimens\u00f5es do produto (A x L x P): 7,5 x 6,1cm<\/span><\/p>\n","protected":false},"featured_media":20261,"template":"","meta":{"_joinchat":[]},"product_brand":[],"product_cat":[93],"product_tag":[],"class_list":{"0":"post-20174","1":"product","2":"type-product","3":"status-publish","4":"has-post-thumbnail","6":"product_cat-utensilios-para-cozinha","8":"first","9":"instock","10":"shipping-taxable","11":"purchasable","12":"product-type-simple"},"_links":{"self":[{"href":"https:\/\/www.multicasa.com.br\/inicio\/wp-json\/wp\/v2\/product\/20174","targetHints":{"allow":["GET"]}}],"collection":[{"href":"https:\/\/www.multicasa.com.br\/inicio\/wp-json\/wp\/v2\/product"}],"about":[{"href":"https:\/\/www.multicasa.com.br\/inicio\/wp-json\/wp\/v2\/types\/product"}],"wp:featuredmedia":[{"embeddable":true,"href":"https:\/\/www.multicasa.com.br\/inicio\/wp-json\/wp\/v2\/media\/20261"}],"wp:attachment":[{"href":"https:\/\/www.multicasa.com.br\/inicio\/wp-json\/wp\/v2\/media?parent=20174"}],"wp:term":[{"taxonomy":"product_brand","embeddable":true,"href":"https:\/\/www.multicasa.com.br\/inicio\/wp-json\/wp\/v2\/product_brand?post=20174"},{"taxonomy":"product_cat","embeddable":true,"href":"https:\/\/www.multicasa.com.br\/inicio\/wp-json\/wp\/v2\/product_cat?post=20174"},{"taxonomy":"product_tag","embeddable":true,"href":"https:\/\/www.multicasa.com.br\/inicio\/wp-json\/wp\/v2\/product_tag?post=20174"}],"curies":[{"name":"wp","href":"https:\/\/api.w.org\/{rel}","templated":true}]}}