{"id":20175,"date":"2025-06-20T19:59:11","date_gmt":"2025-06-20T23:59:11","guid":{"rendered":"https:\/\/www.multicasa.com.br\/inicio\/?post_type=product&#038;p=20175"},"modified":"2026-04-23T09:50:27","modified_gmt":"2026-04-23T13:50:27","slug":"quadro-comando-40x30x20cm-lukma","status":"publish","type":"product","link":"https:\/\/www.multicasa.com.br\/inicio\/produto\/quadro-comando-40x30x20cm-lukma\/","title":{"rendered":"Quadro Comando 40X30X20Cm Lukma"},"content":{"rendered":"<p>O quadro de comando da lukma \u00e9 um equipamento amplamente utilizado na automa\u00e7\u00e3o industrial. \u00c9 a estrutura que comanda todos os processos industriais, designados atrav\u00e9s de um software que \u00e9 programado para enviar impulsos el\u00e9tricos em forma de comandos para o controle de m\u00e1quinas na linha de produ\u00e7\u00e3o.<\/p>\n","protected":false},"excerpt":{"rendered":"<h4 style=\"margin: 0px;padding: 0px 0px 16px;font-family: Lato, sans-serif;font-weight: bold;line-height: 3rem;color: var(--dark-grey3);font-size: 22px;font-style: normal;letter-spacing: normal;text-align: start;text-indent: 0px;text-transform: none\">Informa\u00e7\u00f5es t\u00e9cnicas<\/h4>\n<p><span style=\"margin: 0px;padding: 0px;font-weight: 450;font-size: 14px;line-height: 21px;color: var(--dark-grey2);font-family: Lato, sans-serif;font-style: normal;letter-spacing: normal;text-align: start;text-indent: 0px;text-transform: none\">Produto: QUADRO COMANDO 40X30X20 LUKMA<br \/>\nMarca: Lukma<br \/>\nMaterial: A\u00e7o<br \/>\nCor: Laranja<br \/>\nCaracter\u00edsticas<br \/>\n-Montagem de sobrepor e embutir;<br \/>\n-Caixas para uso abrigado e ao tempo com grau de prote\u00e7\u00e3o IP54;<br \/>\n&#8211; Grau de resist\u00eancia mec\u00e2nica IK-10;<br \/>\n&#8211; Portas com fecho tipo fenda;<br \/>\n&#8211; Placa de montagem em chapa de a\u00e7o 1020 de at\u00e9 1,9mm (14MSG);<br \/>\n&#8211; Abertura da porta em 110\u00b0;<br \/>\n&#8211; Pintura pelo processo eletrost\u00e1tico com tinta p\u00f3;<br \/>\n&#8211; Cores padr\u00e3o RAL 7032; Placa de montagem laranja Munsell 2.5YR 6\/14;<br \/>\n&#8211; Dobradi\u00e7as de a\u00e7o embutidas;<br \/>\n&#8211; Portas com pino de aterramento.<br \/>\nDimens\u00f5es<br \/>\n40 x 30 x 20cm<\/span><\/p>\n","protected":false},"featured_media":27456,"template":"","meta":{"_joinchat":[]},"product_brand":[],"product_cat":[119],"product_tag":[],"class_list":{"0":"post-20175","1":"product","2":"type-product","3":"status-publish","4":"has-post-thumbnail","6":"product_cat-materiais-eletricos","8":"first","9":"outofstock","10":"shipping-taxable","11":"purchasable","12":"product-type-simple"},"_links":{"self":[{"href":"https:\/\/www.multicasa.com.br\/inicio\/wp-json\/wp\/v2\/product\/20175","targetHints":{"allow":["GET"]}}],"collection":[{"href":"https:\/\/www.multicasa.com.br\/inicio\/wp-json\/wp\/v2\/product"}],"about":[{"href":"https:\/\/www.multicasa.com.br\/inicio\/wp-json\/wp\/v2\/types\/product"}],"wp:featuredmedia":[{"embeddable":true,"href":"https:\/\/www.multicasa.com.br\/inicio\/wp-json\/wp\/v2\/media\/27456"}],"wp:attachment":[{"href":"https:\/\/www.multicasa.com.br\/inicio\/wp-json\/wp\/v2\/media?parent=20175"}],"wp:term":[{"taxonomy":"product_brand","embeddable":true,"href":"https:\/\/www.multicasa.com.br\/inicio\/wp-json\/wp\/v2\/product_brand?post=20175"},{"taxonomy":"product_cat","embeddable":true,"href":"https:\/\/www.multicasa.com.br\/inicio\/wp-json\/wp\/v2\/product_cat?post=20175"},{"taxonomy":"product_tag","embeddable":true,"href":"https:\/\/www.multicasa.com.br\/inicio\/wp-json\/wp\/v2\/product_tag?post=20175"}],"curies":[{"name":"wp","href":"https:\/\/api.w.org\/{rel}","templated":true}]}}