{"id":20195,"date":"2025-06-20T19:59:34","date_gmt":"2025-06-20T23:59:34","guid":{"rendered":"https:\/\/www.multicasa.com.br\/inicio\/?post_type=product&#038;p=20195"},"modified":"2025-06-20T20:00:57","modified_gmt":"2025-06-21T00:00:57","slug":"descanso-de-plastico-para-talher-dr-util","status":"publish","type":"product","link":"https:\/\/www.multicasa.com.br\/inicio\/produto\/descanso-de-plastico-para-talher-dr-util\/","title":{"rendered":"Descanso de Pl\u00e1stico para Talher Dr. \u00datil"},"content":{"rendered":"<p>Ideal para manter a pia limpa enquanto cozinha, bem como toalhas e mesas. Utilize o Descanso para Talher da Dr. \u00datil para repousar utens\u00edlios enquanto n\u00e3o estiver utilizando. Feito de pl\u00e1stico, tem f\u00e1cil utiliza\u00e7\u00e3o e higieniza\u00e7\u00e3o. Tem dimens\u00f5es de 1,5 x 14 x 17 cm.<\/p>\n","protected":false},"excerpt":{"rendered":"<h4 style=\"margin: 0px;padding: 0px 0px 16px;font-family: Lato, sans-serif;font-weight: bold;line-height: 3rem;color: var(--dark-grey3);font-size: 22px;font-style: normal;letter-spacing: normal;text-align: start;text-indent: 0px;text-transform: none\">Informa\u00e7\u00f5es t\u00e9cnicas<\/h4>\n<p><span style=\"margin: 0px;padding: 0px;font-weight: 450;font-size: 14px;line-height: 21px;color: var(--dark-grey2);font-family: Lato, sans-serif;font-style: normal;letter-spacing: normal;text-align: start;text-indent: 0px;text-transform: none\">Produto: Descanso de Talher<br \/>\nMarca: Dr. \u00datil<br \/>\nMaterial: Pl\u00e1stico<br \/>\nCor: sortidos<br \/>\nCaracter\u00edsticas: Auxilia na higiene da pia; descansa os talheres.<br \/>\nItens Inclusos: 1 Descanso de Talher<br \/>\nDimens\u00f5es do produto (A x L x P): 1,5 x 14 x 17cm<br \/>\n<\/span><\/p>\n","protected":false},"featured_media":20277,"template":"","meta":{"_joinchat":[]},"product_brand":[],"product_cat":[93],"product_tag":[],"class_list":{"0":"post-20195","1":"product","2":"type-product","3":"status-publish","4":"has-post-thumbnail","6":"product_cat-utensilios-para-cozinha","8":"first","9":"outofstock","10":"shipping-taxable","11":"product-type-simple"},"_links":{"self":[{"href":"https:\/\/www.multicasa.com.br\/inicio\/wp-json\/wp\/v2\/product\/20195","targetHints":{"allow":["GET"]}}],"collection":[{"href":"https:\/\/www.multicasa.com.br\/inicio\/wp-json\/wp\/v2\/product"}],"about":[{"href":"https:\/\/www.multicasa.com.br\/inicio\/wp-json\/wp\/v2\/types\/product"}],"wp:featuredmedia":[{"embeddable":true,"href":"https:\/\/www.multicasa.com.br\/inicio\/wp-json\/wp\/v2\/media\/20277"}],"wp:attachment":[{"href":"https:\/\/www.multicasa.com.br\/inicio\/wp-json\/wp\/v2\/media?parent=20195"}],"wp:term":[{"taxonomy":"product_brand","embeddable":true,"href":"https:\/\/www.multicasa.com.br\/inicio\/wp-json\/wp\/v2\/product_brand?post=20195"},{"taxonomy":"product_cat","embeddable":true,"href":"https:\/\/www.multicasa.com.br\/inicio\/wp-json\/wp\/v2\/product_cat?post=20195"},{"taxonomy":"product_tag","embeddable":true,"href":"https:\/\/www.multicasa.com.br\/inicio\/wp-json\/wp\/v2\/product_tag?post=20195"}],"curies":[{"name":"wp","href":"https:\/\/api.w.org\/{rel}","templated":true}]}}