{"id":20197,"date":"2025-06-20T19:59:34","date_gmt":"2025-06-20T23:59:34","guid":{"rendered":"https:\/\/www.multicasa.com.br\/inicio\/?post_type=product&#038;p=20197"},"modified":"2025-10-31T10:28:44","modified_gmt":"2025-10-31T14:28:44","slug":"jogo-de-potes-de-plastico-com-tampa-preta-plasutil-155ml-4-pecas","status":"publish","type":"product","link":"https:\/\/www.multicasa.com.br\/inicio\/produto\/jogo-de-potes-de-plastico-com-tampa-preta-plasutil-155ml-4-pecas\/","title":{"rendered":"Jogo de Potes de Pl\u00e1stico com Tampa Preta Plas\u00fatil 155ml 4 Pe\u00e7as"},"content":{"rendered":"<p>Jogo de Potes de Pl\u00e1stico Plas\u00fatil, lindo conjunto de organizadores empilh\u00e1veis com tampa rosca na cor preto que se encaixam e travam, contendo 4 unidades de 155ml de capacidade cada. Suas tampas s\u00e3o empilh\u00e1veis e se encaixam umas nas outras, proporcionando uma grande economia de espa\u00e7o no arm\u00e1rio. Indicado para armazenar alimentos diversos, e sua tampa permite deix\u00e1-los conservados por mais tempo. N\u00e3o indicado para utiliza\u00e7\u00e3o no micro-ondas e lava lou\u00e7as, n\u00e3o armazenar alimentos quentes e n\u00e3o deixar exposto ao sol.<\/p>\n","protected":false},"excerpt":{"rendered":"<h4 style=\"margin: 0px;padding: 0px 0px 16px;font-family: Lato, sans-serif;font-weight: bold;line-height: 3rem;color: var(--dark-grey3);font-size: 22px;font-style: normal;letter-spacing: normal;text-align: start;text-indent: 0px;text-transform: none\">Informa\u00e7\u00f5es t\u00e9cnicas<\/h4>\n<p><span style=\"margin: 0px;padding: 0px;font-weight: 450;font-size: 14px;line-height: 21px;color: var(--dark-grey2);font-family: Lato, sans-serif;font-style: normal;letter-spacing: normal;text-align: start;text-indent: 0px;text-transform: none\">Produto: Pote<br \/>\nMarca: Plas\u00fatil<br \/>\nMaterial: Polipropileno<br \/>\nPET<br \/>\nCor: Incolor e preto<br \/>\nCapacidade: 155ml<br \/>\nCaracter\u00edsticas: Livre de BPA<br \/>\nPode ir no micro-ondas<br \/>\nPode ir no freezer<br \/>\nPode ir na lava lou\u00e7as<br \/>\nTemperatura m\u00e1xima permitida 50\u00b0C<br \/>\nItens Inclusos: 4 potes<br \/>\nDimens\u00f5es do produto (A X L ): 7,9 x 20,3cm<\/span><\/p>\n","protected":false},"featured_media":20281,"template":"","meta":{"_joinchat":[]},"product_brand":[],"product_cat":[93],"product_tag":[],"class_list":{"0":"post-20197","1":"product","2":"type-product","3":"status-publish","4":"has-post-thumbnail","6":"product_cat-utensilios-para-cozinha","8":"first","9":"outofstock","10":"shipping-taxable","11":"purchasable","12":"product-type-simple"},"_links":{"self":[{"href":"https:\/\/www.multicasa.com.br\/inicio\/wp-json\/wp\/v2\/product\/20197","targetHints":{"allow":["GET"]}}],"collection":[{"href":"https:\/\/www.multicasa.com.br\/inicio\/wp-json\/wp\/v2\/product"}],"about":[{"href":"https:\/\/www.multicasa.com.br\/inicio\/wp-json\/wp\/v2\/types\/product"}],"wp:featuredmedia":[{"embeddable":true,"href":"https:\/\/www.multicasa.com.br\/inicio\/wp-json\/wp\/v2\/media\/20281"}],"wp:attachment":[{"href":"https:\/\/www.multicasa.com.br\/inicio\/wp-json\/wp\/v2\/media?parent=20197"}],"wp:term":[{"taxonomy":"product_brand","embeddable":true,"href":"https:\/\/www.multicasa.com.br\/inicio\/wp-json\/wp\/v2\/product_brand?post=20197"},{"taxonomy":"product_cat","embeddable":true,"href":"https:\/\/www.multicasa.com.br\/inicio\/wp-json\/wp\/v2\/product_cat?post=20197"},{"taxonomy":"product_tag","embeddable":true,"href":"https:\/\/www.multicasa.com.br\/inicio\/wp-json\/wp\/v2\/product_tag?post=20197"}],"curies":[{"name":"wp","href":"https:\/\/api.w.org\/{rel}","templated":true}]}}