{"id":20200,"date":"2025-06-20T19:59:35","date_gmt":"2025-06-20T23:59:35","guid":{"rendered":"https:\/\/www.multicasa.com.br\/inicio\/?post_type=product&#038;p=20200"},"modified":"2026-01-03T12:30:10","modified_gmt":"2026-01-03T16:30:10","slug":"garfo-de-petisco-inox-vermelho-uny-home-6-pecas","status":"publish","type":"product","link":"https:\/\/www.multicasa.com.br\/inicio\/produto\/garfo-de-petisco-inox-vermelho-uny-home-6-pecas\/","title":{"rendered":"Garfo de Petisco Inox Vermelho Uny Home 6 Pe\u00e7as"},"content":{"rendered":"<p>Use o Garfo de Petisco da Uny Home para servir salames, queijos e outros alimentos como petiscos. S\u00e3o 6 pe\u00e7as de a\u00e7o inox e cabo pl\u00e1stico, dispon\u00edvel na cor vermelha. Ideal para deixar sua mesa mais alegre e servir os convidados com estilo.<\/p>\n","protected":false},"excerpt":{"rendered":"<h4 style=\"margin: 0px;padding: 0px 0px 16px;font-family: Lato, sans-serif;font-weight: bold;line-height: 3rem;color: var(--dark-grey3);font-size: 22px;font-style: normal;letter-spacing: normal;text-align: start;text-indent: 0px;text-transform: none\">Informa\u00e7\u00f5es t\u00e9cnicas<\/h4>\n<p><span style=\"margin: 0px;padding: 0px;font-weight: 450;font-size: 14px;line-height: 21px;color: var(--dark-grey2);font-family: Lato, sans-serif;font-style: normal;letter-spacing: normal;text-align: start;text-indent: 0px;text-transform: none\">Produto: Garfo de Petisco<br \/>\nMarca: Uny Home<br \/>\nMaterial: Inox<br \/>\nPl\u00e1stico<br \/>\nCor: Vermelho<br \/>\nItens Inclusos: 6 Garfos de Petisco<br \/>\nDimens\u00f5es do produto (L): 10,3cm<\/span><\/p>\n","protected":false},"featured_media":20283,"template":"","meta":{"_joinchat":[]},"product_brand":[],"product_cat":[93],"product_tag":[],"class_list":{"0":"post-20200","1":"product","2":"type-product","3":"status-publish","4":"has-post-thumbnail","6":"product_cat-utensilios-para-cozinha","8":"first","9":"outofstock","10":"shipping-taxable","11":"purchasable","12":"product-type-simple"},"_links":{"self":[{"href":"https:\/\/www.multicasa.com.br\/inicio\/wp-json\/wp\/v2\/product\/20200","targetHints":{"allow":["GET"]}}],"collection":[{"href":"https:\/\/www.multicasa.com.br\/inicio\/wp-json\/wp\/v2\/product"}],"about":[{"href":"https:\/\/www.multicasa.com.br\/inicio\/wp-json\/wp\/v2\/types\/product"}],"wp:featuredmedia":[{"embeddable":true,"href":"https:\/\/www.multicasa.com.br\/inicio\/wp-json\/wp\/v2\/media\/20283"}],"wp:attachment":[{"href":"https:\/\/www.multicasa.com.br\/inicio\/wp-json\/wp\/v2\/media?parent=20200"}],"wp:term":[{"taxonomy":"product_brand","embeddable":true,"href":"https:\/\/www.multicasa.com.br\/inicio\/wp-json\/wp\/v2\/product_brand?post=20200"},{"taxonomy":"product_cat","embeddable":true,"href":"https:\/\/www.multicasa.com.br\/inicio\/wp-json\/wp\/v2\/product_cat?post=20200"},{"taxonomy":"product_tag","embeddable":true,"href":"https:\/\/www.multicasa.com.br\/inicio\/wp-json\/wp\/v2\/product_tag?post=20200"}],"curies":[{"name":"wp","href":"https:\/\/api.w.org\/{rel}","templated":true}]}}