{"id":20221,"date":"2025-06-20T20:00:02","date_gmt":"2025-06-21T00:00:02","guid":{"rendered":"https:\/\/www.multicasa.com.br\/inicio\/?post_type=product&#038;p=20221"},"modified":"2025-12-16T18:44:23","modified_gmt":"2025-12-16T22:44:23","slug":"saleiro-pimenteiro-de-vidro-e-inox-uny-home-2-pecas","status":"publish","type":"product","link":"https:\/\/www.multicasa.com.br\/inicio\/produto\/saleiro-pimenteiro-de-vidro-e-inox-uny-home-2-pecas\/","title":{"rendered":"Saleiro\/Pimenteiro de Vidro e Inox Uny Home 2 Pe\u00e7as"},"content":{"rendered":"<p>Com o Saleiro\/Pimenteiro de Vidro e Inox da Uny Home voc\u00ea tempera e serve suas refei\u00e7\u00f5es com charme especial. S\u00e3o 2 unidades feitas com materiais que garantem a durabilidade e leveza, conferindo qualidade do produto. Ideal para quem gosta de dosar a quantidade certa de tempero no prato, tem dimens\u00f5es de 7 cm de altura e 4 cm de di\u00e2metro.<\/p>\n","protected":false},"excerpt":{"rendered":"<h4 style=\"margin: 0px;padding: 0px 0px 16px;font-family: Lato, sans-serif;font-weight: bold;line-height: 3rem;color: var(--dark-grey3);font-size: 22px;font-style: normal;letter-spacing: normal;text-align: start;text-indent: 0px;text-transform: none\">Informa\u00e7\u00f5es t\u00e9cnicas<\/h4>\n<p><span style=\"margin: 0px;padding: 0px;font-weight: 450;font-size: 14px;line-height: 21px;color: var(--dark-grey2);font-family: Lato, sans-serif;font-style: normal;letter-spacing: normal;text-align: start;text-indent: 0px;text-transform: none\">Produto: Saleiro\/Pimenteiro<br \/>\nMarca: Uny Home<br \/>\nMaterial: Vidro<br \/>\nA\u00e7o Inox<br \/>\nCor: Prata<br \/>\nItens Inclusos: 2 Saleiros\/Pimenteiros<br \/>\nDi\u00e2metro do produto: 4cm<br \/>\nDimens\u00f5es do produto (A x L x P): 5,5 x 11 x 5,5cm<\/span><\/p>\n","protected":false},"featured_media":20284,"template":"","meta":{"_joinchat":[]},"product_brand":[],"product_cat":[93],"product_tag":[],"class_list":{"0":"post-20221","1":"product","2":"type-product","3":"status-publish","4":"has-post-thumbnail","6":"product_cat-utensilios-para-cozinha","8":"first","9":"outofstock","10":"shipping-taxable","11":"purchasable","12":"product-type-simple"},"_links":{"self":[{"href":"https:\/\/www.multicasa.com.br\/inicio\/wp-json\/wp\/v2\/product\/20221","targetHints":{"allow":["GET"]}}],"collection":[{"href":"https:\/\/www.multicasa.com.br\/inicio\/wp-json\/wp\/v2\/product"}],"about":[{"href":"https:\/\/www.multicasa.com.br\/inicio\/wp-json\/wp\/v2\/types\/product"}],"wp:featuredmedia":[{"embeddable":true,"href":"https:\/\/www.multicasa.com.br\/inicio\/wp-json\/wp\/v2\/media\/20284"}],"wp:attachment":[{"href":"https:\/\/www.multicasa.com.br\/inicio\/wp-json\/wp\/v2\/media?parent=20221"}],"wp:term":[{"taxonomy":"product_brand","embeddable":true,"href":"https:\/\/www.multicasa.com.br\/inicio\/wp-json\/wp\/v2\/product_brand?post=20221"},{"taxonomy":"product_cat","embeddable":true,"href":"https:\/\/www.multicasa.com.br\/inicio\/wp-json\/wp\/v2\/product_cat?post=20221"},{"taxonomy":"product_tag","embeddable":true,"href":"https:\/\/www.multicasa.com.br\/inicio\/wp-json\/wp\/v2\/product_tag?post=20221"}],"curies":[{"name":"wp","href":"https:\/\/api.w.org\/{rel}","templated":true}]}}