{"id":20226,"date":"2025-06-20T20:00:03","date_gmt":"2025-06-21T00:00:03","guid":{"rendered":"https:\/\/www.multicasa.com.br\/inicio\/?post_type=product&#038;p=20226"},"modified":"2025-08-17T19:02:59","modified_gmt":"2025-08-17T23:02:59","slug":"adesivo-cpvc-flowguard-175g-vd-aman","status":"publish","type":"product","link":"https:\/\/www.multicasa.com.br\/inicio\/produto\/adesivo-cpvc-flowguard-175g-vd-aman\/","title":{"rendered":"Adesivo Cpvc Flowguard 175G Vd Aman"},"content":{"rendered":"<p>Indicado para colagem de tubos e conex\u00f5es da Linha Super CPVC. A sua viscosidade e seu tempo de trabalho s\u00e3o otimizados para a solda de tubula\u00e7\u00f5es de at\u00e9 114 mm de di\u00e2metro. Seguran\u00e7a garantida; Sem toluol; Cor verde para marcar o lugar aonde o adesivo foi aplicado; Acompanha pincel aplicador.<\/p>\n","protected":false},"excerpt":{"rendered":"<h4 style=\"margin: 0px;padding: 0px 0px 16px;font-family: Lato, sans-serif;font-weight: bold;line-height: 3rem;color: var(--dark-grey3);font-size: 22px;font-style: normal;letter-spacing: normal;text-align: start;text-indent: 0px;text-transform: none\">Informa\u00e7\u00f5es t\u00e9cnicas<\/h4>\n<p><span style=\"margin: 0px;padding: 0px;font-weight: 450;font-size: 14px;line-height: 21px;color: var(--dark-grey2);font-family: Lato, sans-serif;font-style: normal;letter-spacing: normal;text-align: start;text-indent: 0px;text-transform: none\">Produto: ADESIVO CPVC FLOWGUARD 175G VD AMAN<br \/>\nMarca: Amanco<br \/>\nMaterial: Adesivo<br \/>\nCor: Verde<br \/>\nCaracter\u00edsticas<br \/>\n&#8211; Dispon\u00edvel em bisnaga com 75 g;<br \/>\n&#8211; Dispon\u00edvel em frasco com 175 e 850 g;<br \/>\n&#8211; Adesivo exclusivo para a linha Super CPVC FlowGuard;<br \/>\n&#8211; \u00c9 necess\u00e1rio aguardar 24 horas para submeter o sistema a press\u00e3o.<\/span><\/p>\n","protected":false},"featured_media":27247,"template":"","meta":{"_joinchat":[]},"product_brand":[],"product_cat":[162],"product_tag":[],"class_list":{"0":"post-20226","1":"product","2":"type-product","3":"status-publish","4":"has-post-thumbnail","6":"product_cat-colas-e-cia","8":"first","9":"outofstock","10":"shipping-taxable","11":"purchasable","12":"product-type-simple"},"_links":{"self":[{"href":"https:\/\/www.multicasa.com.br\/inicio\/wp-json\/wp\/v2\/product\/20226","targetHints":{"allow":["GET"]}}],"collection":[{"href":"https:\/\/www.multicasa.com.br\/inicio\/wp-json\/wp\/v2\/product"}],"about":[{"href":"https:\/\/www.multicasa.com.br\/inicio\/wp-json\/wp\/v2\/types\/product"}],"wp:featuredmedia":[{"embeddable":true,"href":"https:\/\/www.multicasa.com.br\/inicio\/wp-json\/wp\/v2\/media\/27247"}],"wp:attachment":[{"href":"https:\/\/www.multicasa.com.br\/inicio\/wp-json\/wp\/v2\/media?parent=20226"}],"wp:term":[{"taxonomy":"product_brand","embeddable":true,"href":"https:\/\/www.multicasa.com.br\/inicio\/wp-json\/wp\/v2\/product_brand?post=20226"},{"taxonomy":"product_cat","embeddable":true,"href":"https:\/\/www.multicasa.com.br\/inicio\/wp-json\/wp\/v2\/product_cat?post=20226"},{"taxonomy":"product_tag","embeddable":true,"href":"https:\/\/www.multicasa.com.br\/inicio\/wp-json\/wp\/v2\/product_tag?post=20226"}],"curies":[{"name":"wp","href":"https:\/\/api.w.org\/{rel}","templated":true}]}}