{"id":20245,"date":"2025-06-20T20:00:27","date_gmt":"2025-06-21T00:00:27","guid":{"rendered":"https:\/\/www.multicasa.com.br\/inicio\/?post_type=product&#038;p=20245"},"modified":"2025-08-18T01:33:32","modified_gmt":"2025-08-18T05:33:32","slug":"saco-de-silicone-reutilizavel-para-alimentos-uny-home","status":"publish","type":"product","link":"https:\/\/www.multicasa.com.br\/inicio\/produto\/saco-de-silicone-reutilizavel-para-alimentos-uny-home\/","title":{"rendered":"Saco de Silicone Re\u00fatiliz\u00e1vel Para Alimentos Uny Home"},"content":{"rendered":"<p>O Saco reutiliz\u00e1vel Para Alimentos Uny Home \u00e9 produzido em silicone de qualidade, dur\u00e1vel, est\u00e1vel e herm\u00e9tico para evitar vazamentos. Livre de BPA, ele resiste a temperaturas de aproximadamente -50 at\u00e9 +250\u00b0C permitindo o uso em freezers, fornos e micro-ondas. Possui capacidade para 1L e \u00f3tima veda\u00e7\u00e3o. N\u00e3o mancha e nem quebra. \u00d3timo para sandu\u00edches, lanches e outros alimentos.<\/p>\n","protected":false},"excerpt":{"rendered":"<h4 style=\"margin: 0px;padding: 0px 0px 16px;font-family: Lato, sans-serif;font-weight: bold;line-height: 3rem;color: var(--dark-grey3);font-size: 22px;font-style: normal;letter-spacing: normal;text-align: start;text-indent: 0px;text-transform: none\">Informa\u00e7\u00f5es t\u00e9cnicas<\/h4>\n<p><span style=\"margin: 0px;padding: 0px;font-weight: 450;font-size: 14px;line-height: 21px;color: var(--dark-grey2);font-family: Lato, sans-serif;font-style: normal;letter-spacing: normal;text-align: start;text-indent: 0px;text-transform: none\">Produto: Saco para alimentos<br \/>\nMarca: Uny Home<br \/>\nMaterial: Pl\u00e1stico e Silicone<br \/>\nCor: Sortida<br \/>\nCapacidade: 1L<br \/>\nCaracter\u00edsticas: Livre de BPA; Resiste a temperaturas de -50 at\u00e9 +250\u00b0C; Pode ir no micro-ondas; Pode ir a lava lou\u00e7as; Pode ir no Vaporizador; N\u00e3o macha; N\u00e3o t\u00f3xico<br \/>\nItens Inclusos: 1 saco para alimento<br \/>\nDimens\u00f5es do produto (A X L): 17x 20cm<\/span><\/p>\n","protected":false},"featured_media":20306,"template":"","meta":{"_joinchat":[]},"product_brand":[],"product_cat":[93],"product_tag":[],"class_list":{"0":"post-20245","1":"product","2":"type-product","3":"status-publish","4":"has-post-thumbnail","6":"product_cat-utensilios-para-cozinha","8":"first","9":"instock","10":"shipping-taxable","11":"purchasable","12":"product-type-simple"},"_links":{"self":[{"href":"https:\/\/www.multicasa.com.br\/inicio\/wp-json\/wp\/v2\/product\/20245","targetHints":{"allow":["GET"]}}],"collection":[{"href":"https:\/\/www.multicasa.com.br\/inicio\/wp-json\/wp\/v2\/product"}],"about":[{"href":"https:\/\/www.multicasa.com.br\/inicio\/wp-json\/wp\/v2\/types\/product"}],"wp:featuredmedia":[{"embeddable":true,"href":"https:\/\/www.multicasa.com.br\/inicio\/wp-json\/wp\/v2\/media\/20306"}],"wp:attachment":[{"href":"https:\/\/www.multicasa.com.br\/inicio\/wp-json\/wp\/v2\/media?parent=20245"}],"wp:term":[{"taxonomy":"product_brand","embeddable":true,"href":"https:\/\/www.multicasa.com.br\/inicio\/wp-json\/wp\/v2\/product_brand?post=20245"},{"taxonomy":"product_cat","embeddable":true,"href":"https:\/\/www.multicasa.com.br\/inicio\/wp-json\/wp\/v2\/product_cat?post=20245"},{"taxonomy":"product_tag","embeddable":true,"href":"https:\/\/www.multicasa.com.br\/inicio\/wp-json\/wp\/v2\/product_tag?post=20245"}],"curies":[{"name":"wp","href":"https:\/\/api.w.org\/{rel}","templated":true}]}}