{"id":20265,"date":"2025-06-20T20:00:50","date_gmt":"2025-06-21T00:00:50","guid":{"rendered":"https:\/\/www.multicasa.com.br\/inicio\/?post_type=product&#038;p=20265"},"modified":"2025-06-20T20:01:41","modified_gmt":"2025-06-21T00:01:41","slug":"garrafa-termica-com-alca-inox-uny-gift-15l","status":"publish","type":"product","link":"https:\/\/www.multicasa.com.br\/inicio\/produto\/garrafa-termica-com-alca-inox-uny-gift-15l\/","title":{"rendered":"Garrafa T\u00e9rmica com Al\u00e7a Inox Uny Gift 1,5L"},"content":{"rendered":"<p>A Garrafa T\u00e9rmica com Al\u00e7a Inox Uny Gift \u00e9 ideal para manter a temperatura de bebidas frias ou quentes. Produzida em a\u00e7o inox, possui al\u00e7a, tampa e seu sistema de abertura \u00e9 de click. Com capacidade para 1,5L e 30,4 cm de altura, ela possui o tamanho perfeito. Bonita, \u00fatil e f\u00e1cil de limpar.<\/p>\n","protected":false},"excerpt":{"rendered":"<h4 style=\"margin: 0px;padding: 0px 0px 16px;font-family: Lato, sans-serif;font-weight: bold;line-height: 3rem;color: var(--dark-grey3);font-size: 22px;font-style: normal;letter-spacing: normal;text-align: start;text-indent: 0px;text-transform: none\">Informa\u00e7\u00f5es t\u00e9cnicas<\/h4>\n<p><span style=\"margin: 0px;padding: 0px;font-weight: 450;font-size: 14px;line-height: 21px;color: var(--dark-grey2);font-family: Lato, sans-serif;font-style: normal;letter-spacing: normal;text-align: start;text-indent: 0px;text-transform: none\">Produto: Garrafa<br \/>\nTipo: T\u00e9rmica<br \/>\nMarca: Uny Gift<br \/>\nMaterial: A\u00e7o Inox<br \/>\nCor: Sortido<br \/>\nCapacidade: 1,5L<br \/>\nItens Inclusos: 1 garrafa<br \/>\nDicas de uso e preserva\u00e7\u00e3o: N\u00e3o recomendado o uso de l\u00edquidos \u00e1cidos e produtos l\u00e1cteos<br \/>\nDi\u00e2metro do produto: 10,3cm<br \/>\nDimens\u00f5es do produto (A): 30,4cm<\/span><\/p>\n","protected":false},"featured_media":20327,"template":"","meta":{"_joinchat":[]},"product_brand":[],"product_cat":[93],"product_tag":[],"class_list":{"0":"post-20265","1":"product","2":"type-product","3":"status-publish","4":"has-post-thumbnail","6":"product_cat-utensilios-para-cozinha","8":"first","9":"outofstock","10":"shipping-taxable","11":"product-type-simple"},"_links":{"self":[{"href":"https:\/\/www.multicasa.com.br\/inicio\/wp-json\/wp\/v2\/product\/20265","targetHints":{"allow":["GET"]}}],"collection":[{"href":"https:\/\/www.multicasa.com.br\/inicio\/wp-json\/wp\/v2\/product"}],"about":[{"href":"https:\/\/www.multicasa.com.br\/inicio\/wp-json\/wp\/v2\/types\/product"}],"wp:featuredmedia":[{"embeddable":true,"href":"https:\/\/www.multicasa.com.br\/inicio\/wp-json\/wp\/v2\/media\/20327"}],"wp:attachment":[{"href":"https:\/\/www.multicasa.com.br\/inicio\/wp-json\/wp\/v2\/media?parent=20265"}],"wp:term":[{"taxonomy":"product_brand","embeddable":true,"href":"https:\/\/www.multicasa.com.br\/inicio\/wp-json\/wp\/v2\/product_brand?post=20265"},{"taxonomy":"product_cat","embeddable":true,"href":"https:\/\/www.multicasa.com.br\/inicio\/wp-json\/wp\/v2\/product_cat?post=20265"},{"taxonomy":"product_tag","embeddable":true,"href":"https:\/\/www.multicasa.com.br\/inicio\/wp-json\/wp\/v2\/product_tag?post=20265"}],"curies":[{"name":"wp","href":"https:\/\/api.w.org\/{rel}","templated":true}]}}