{"id":20292,"date":"2025-06-20T20:01:15","date_gmt":"2025-06-21T00:01:15","guid":{"rendered":"https:\/\/www.multicasa.com.br\/inicio\/?post_type=product&#038;p=20292"},"modified":"2025-06-20T20:01:57","modified_gmt":"2025-06-21T00:01:57","slug":"porta-rolos-papel-toalha-aco-preto-arthi","status":"publish","type":"product","link":"https:\/\/www.multicasa.com.br\/inicio\/produto\/porta-rolos-papel-toalha-aco-preto-arthi\/","title":{"rendered":"Porta Rolos Papel Toalha A\u00e7o Preto Arthi"},"content":{"rendered":"<p>O Porta Rolos Papel Toalha Arthi \u00e9 produzido em a\u00e7o preto \u00e9 ideal para armazenar rolos de papel toalha, papel filme ou papel alum\u00ednio com muita facilidade. Com design que permite servir a mesa ou guardar no arm\u00e1rio. O toque de eleg\u00e2ncia que faltava na sua cozinha!<\/p>\n","protected":false},"excerpt":{"rendered":"<h4 style=\"margin: 0px;padding: 0px 0px 16px;font-family: Lato, sans-serif;font-weight: bold;line-height: 3rem;color: var(--dark-grey3);font-size: 22px;font-style: normal;letter-spacing: normal;text-align: start;text-indent: 0px;text-transform: none\">Informa\u00e7\u00f5es t\u00e9cnicas<\/h4>\n<p><span style=\"margin: 0px;padding: 0px;font-weight: 450;font-size: 14px;line-height: 21px;color: var(--dark-grey2);font-family: Lato, sans-serif;font-style: normal;letter-spacing: normal;text-align: start;text-indent: 0px;text-transform: none\">Produto: Porta rolos<br \/>\nMarca: Arthi<br \/>\nMaterial: A\u00e7o<br \/>\nCor: Preto<br \/>\nCaracter\u00edsticas: Suporte para papel toalha<br \/>\nSuporte para papel alum\u00ednio.<br \/>\nSuporte para pl\u00e1stico filme de pvc<br \/>\nItens Inclusos: 1 porta rolos<br \/>\nDimens\u00f5es do produto (A x L x P): 31 x 14 x 14cm<\/span><\/p>\n","protected":false},"featured_media":20336,"template":"","meta":{"_joinchat":[]},"product_brand":[],"product_cat":[93],"product_tag":[],"class_list":{"0":"post-20292","1":"product","2":"type-product","3":"status-publish","4":"has-post-thumbnail","6":"product_cat-utensilios-para-cozinha","8":"first","9":"outofstock","10":"shipping-taxable","11":"product-type-simple"},"_links":{"self":[{"href":"https:\/\/www.multicasa.com.br\/inicio\/wp-json\/wp\/v2\/product\/20292","targetHints":{"allow":["GET"]}}],"collection":[{"href":"https:\/\/www.multicasa.com.br\/inicio\/wp-json\/wp\/v2\/product"}],"about":[{"href":"https:\/\/www.multicasa.com.br\/inicio\/wp-json\/wp\/v2\/types\/product"}],"wp:featuredmedia":[{"embeddable":true,"href":"https:\/\/www.multicasa.com.br\/inicio\/wp-json\/wp\/v2\/media\/20336"}],"wp:attachment":[{"href":"https:\/\/www.multicasa.com.br\/inicio\/wp-json\/wp\/v2\/media?parent=20292"}],"wp:term":[{"taxonomy":"product_brand","embeddable":true,"href":"https:\/\/www.multicasa.com.br\/inicio\/wp-json\/wp\/v2\/product_brand?post=20292"},{"taxonomy":"product_cat","embeddable":true,"href":"https:\/\/www.multicasa.com.br\/inicio\/wp-json\/wp\/v2\/product_cat?post=20292"},{"taxonomy":"product_tag","embeddable":true,"href":"https:\/\/www.multicasa.com.br\/inicio\/wp-json\/wp\/v2\/product_tag?post=20292"}],"curies":[{"name":"wp","href":"https:\/\/api.w.org\/{rel}","templated":true}]}}