{"id":20320,"date":"2025-06-20T20:01:39","date_gmt":"2025-06-21T00:01:39","guid":{"rendered":"https:\/\/www.multicasa.com.br\/inicio\/?post_type=product&#038;p=20320"},"modified":"2025-06-20T20:02:29","modified_gmt":"2025-06-21T00:02:29","slug":"pote-hermetico-de-plastico-lumini-paramount-580ml","status":"publish","type":"product","link":"https:\/\/www.multicasa.com.br\/inicio\/produto\/pote-hermetico-de-plastico-lumini-paramount-580ml\/","title":{"rendered":"Pote Herm\u00e9tico de Pl\u00e1stico Lumini Paramount 580ml"},"content":{"rendered":"<p>Com o Pote Herm\u00e9tico Lumini Paramount voc\u00ea tem a melhor op\u00e7\u00e3o para armazenar diversos tipos de mantimentos. Produzido em pl\u00e1stico transparente com detalhes pretos e capacidade de 580ml. A op\u00e7\u00e3o perfeita para organizar sua cozinha!<\/p>\n","protected":false},"excerpt":{"rendered":"<h4 style=\"margin: 0px;padding: 0px 0px 16px;font-family: Lato, sans-serif;font-weight: bold;line-height: 3rem;color: var(--dark-grey3);font-size: 22px;font-style: normal;letter-spacing: normal;text-align: start;text-indent: 0px;text-transform: none\">Informa\u00e7\u00f5es t\u00e9cnicas<\/h4>\n<p><span style=\"margin: 0px;padding: 0px;font-weight: 450;font-size: 14px;line-height: 21px;color: var(--dark-grey2);font-family: Lato, sans-serif;font-style: normal;letter-spacing: normal;text-align: start;text-indent: 0px;text-transform: none\">Produto: Pote<br \/>\nMarca: Paramount<br \/>\nMaterial: Pl\u00e1stico<br \/>\nCor: Incolor e preto<br \/>\nCapacidade: 580ml<br \/>\nItens Inclusos: 1 pote<br \/>\nDimens\u00f5es do produto (A x L x P): 14 x 9,5 x 8cm<\/span><\/p>\n","protected":false},"featured_media":20371,"template":"","meta":{"_joinchat":[]},"product_brand":[],"product_cat":[93],"product_tag":[],"class_list":{"0":"post-20320","1":"product","2":"type-product","3":"status-publish","4":"has-post-thumbnail","6":"product_cat-utensilios-para-cozinha","8":"first","9":"outofstock","10":"shipping-taxable","11":"product-type-simple"},"_links":{"self":[{"href":"https:\/\/www.multicasa.com.br\/inicio\/wp-json\/wp\/v2\/product\/20320","targetHints":{"allow":["GET"]}}],"collection":[{"href":"https:\/\/www.multicasa.com.br\/inicio\/wp-json\/wp\/v2\/product"}],"about":[{"href":"https:\/\/www.multicasa.com.br\/inicio\/wp-json\/wp\/v2\/types\/product"}],"wp:featuredmedia":[{"embeddable":true,"href":"https:\/\/www.multicasa.com.br\/inicio\/wp-json\/wp\/v2\/media\/20371"}],"wp:attachment":[{"href":"https:\/\/www.multicasa.com.br\/inicio\/wp-json\/wp\/v2\/media?parent=20320"}],"wp:term":[{"taxonomy":"product_brand","embeddable":true,"href":"https:\/\/www.multicasa.com.br\/inicio\/wp-json\/wp\/v2\/product_brand?post=20320"},{"taxonomy":"product_cat","embeddable":true,"href":"https:\/\/www.multicasa.com.br\/inicio\/wp-json\/wp\/v2\/product_cat?post=20320"},{"taxonomy":"product_tag","embeddable":true,"href":"https:\/\/www.multicasa.com.br\/inicio\/wp-json\/wp\/v2\/product_tag?post=20320"}],"curies":[{"name":"wp","href":"https:\/\/api.w.org\/{rel}","templated":true}]}}