{"id":20324,"date":"2025-06-20T20:01:40","date_gmt":"2025-06-21T00:01:40","guid":{"rendered":"https:\/\/www.multicasa.com.br\/inicio\/?post_type=product&#038;p=20324"},"modified":"2025-06-20T20:02:44","modified_gmt":"2025-06-21T00:02:44","slug":"mini-processador-de-alimentos-manual-clink","status":"publish","type":"product","link":"https:\/\/www.multicasa.com.br\/inicio\/produto\/mini-processador-de-alimentos-manual-clink\/","title":{"rendered":"Mini Processador de Alimentos Manual Clink"},"content":{"rendered":"<p>Com o Mini Processador de Alimentos Manual da Clink voc\u00ea pica e tritura alimentos de forma f\u00e1cil e r\u00e1pida. Ideal para preparar vinagrete e cortar cebola, tomate, alho, legumes e outros com muita praticidade. Acionado por corda retr\u00e1til, \u00e9 feito de pl\u00e1stico com 3 l\u00e2minas girat\u00f3rias de a\u00e7o inox. F\u00e1cil de higienizar, tem dimens\u00f5es de 12,5 x 8,5 cm. Uso indicado para quem deseja ganhar tempo na hora de preparar suas receitas favoritas.<\/p>\n","protected":false},"excerpt":{"rendered":"<h4 style=\"margin: 0px;padding: 0px 0px 16px;font-family: Lato, sans-serif;font-weight: bold;line-height: 3rem;color: var(--dark-grey3);font-size: 22px;font-style: normal;letter-spacing: normal;text-align: start;text-indent: 0px;text-transform: none\">Informa\u00e7\u00f5es t\u00e9cnicas<\/h4>\n<p><span style=\"margin: 0px;padding: 0px;font-weight: 450;font-size: 14px;line-height: 21px;color: var(--dark-grey2);font-family: Lato, sans-serif;font-style: normal;letter-spacing: normal;text-align: start;text-indent: 0px;text-transform: none\">Produto: Mini Processador<br \/>\nTipo: Manual<br \/>\nMarca: Clink<br \/>\nMaterial: L\u00e2minas em Inox<br \/>\nCorpo em Polipropileno<br \/>\nCor:<br \/>\nCaracter\u00edsticas: 3 l\u00e2minas girat\u00f3rias<br \/>\nAcionamento por corda retr\u00e1til<br \/>\nItens Inclusos: 1 mini processador<br \/>\nDimens\u00f5es do produto (A X L): 8,5 x 12,5 cm<\/span><\/p>\n","protected":false},"featured_media":20390,"template":"","meta":{"_joinchat":[]},"product_brand":[],"product_cat":[93],"product_tag":[],"class_list":{"0":"post-20324","1":"product","2":"type-product","3":"status-publish","4":"has-post-thumbnail","6":"product_cat-utensilios-para-cozinha","8":"first","9":"outofstock","10":"shipping-taxable","11":"product-type-simple"},"_links":{"self":[{"href":"https:\/\/www.multicasa.com.br\/inicio\/wp-json\/wp\/v2\/product\/20324","targetHints":{"allow":["GET"]}}],"collection":[{"href":"https:\/\/www.multicasa.com.br\/inicio\/wp-json\/wp\/v2\/product"}],"about":[{"href":"https:\/\/www.multicasa.com.br\/inicio\/wp-json\/wp\/v2\/types\/product"}],"wp:featuredmedia":[{"embeddable":true,"href":"https:\/\/www.multicasa.com.br\/inicio\/wp-json\/wp\/v2\/media\/20390"}],"wp:attachment":[{"href":"https:\/\/www.multicasa.com.br\/inicio\/wp-json\/wp\/v2\/media?parent=20324"}],"wp:term":[{"taxonomy":"product_brand","embeddable":true,"href":"https:\/\/www.multicasa.com.br\/inicio\/wp-json\/wp\/v2\/product_brand?post=20324"},{"taxonomy":"product_cat","embeddable":true,"href":"https:\/\/www.multicasa.com.br\/inicio\/wp-json\/wp\/v2\/product_cat?post=20324"},{"taxonomy":"product_tag","embeddable":true,"href":"https:\/\/www.multicasa.com.br\/inicio\/wp-json\/wp\/v2\/product_tag?post=20324"}],"curies":[{"name":"wp","href":"https:\/\/api.w.org\/{rel}","templated":true}]}}