{"id":20325,"date":"2025-06-20T20:01:40","date_gmt":"2025-06-21T00:01:40","guid":{"rendered":"https:\/\/www.multicasa.com.br\/inicio\/?post_type=product&#038;p=20325"},"modified":"2025-06-20T20:02:46","modified_gmt":"2025-06-21T00:02:46","slug":"espatula-de-silicone-vermelha-uny-home","status":"publish","type":"product","link":"https:\/\/www.multicasa.com.br\/inicio\/produto\/espatula-de-silicone-vermelha-uny-home\/","title":{"rendered":"Esp\u00e1tula de Silicone Vermelha Uny Home"},"content":{"rendered":"<p>A Esp\u00e1tula Uny Home \u00e9 perfeita para voc\u00ea preparar receitas sem desperdi\u00e7ar, raspando a panela sem arranhar o fundo. \u00c9 produzida em silicone vermelho de alta resist\u00eancia que suporta at\u00e9 220\u00b0C de temperatura, sem deformar ou aquecer. Por serem pe\u00e7as inteiri\u00e7as n\u00e3o absorvem l\u00edquidos ou res\u00edduos. Leve, resistente e de f\u00e1cil higieniza\u00e7\u00e3o.<\/p>\n","protected":false},"excerpt":{"rendered":"<h4 style=\"margin: 0px;padding: 0px 0px 16px;font-family: Lato, sans-serif;font-weight: bold;line-height: 3rem;color: var(--dark-grey3);font-size: 22px;font-style: normal;letter-spacing: normal;text-align: start;text-indent: 0px;text-transform: none\">Informa\u00e7\u00f5es t\u00e9cnicas<\/h4>\n<p><span style=\"margin: 0px;padding: 0px;font-weight: 450;font-size: 14px;line-height: 21px;color: var(--dark-grey2);font-family: Lato, sans-serif;font-style: normal;letter-spacing: normal;text-align: start;text-indent: 0px;text-transform: none\">Produto: Esp\u00e1tula<br \/>\nMarca: Uny Home<br \/>\nMaterial: Silicone<br \/>\nCor: Vermelha<br \/>\nCaracter\u00edsticas: Suporta at\u00e9 220\u00b0<br \/>\nItens Inclusos: 1 esp\u00e1tula<br \/>\nDimens\u00f5es do produto (A): 27cm<\/span><\/p>\n","protected":false},"featured_media":20394,"template":"","meta":{"_joinchat":[]},"product_brand":[],"product_cat":[93],"product_tag":[],"class_list":{"0":"post-20325","1":"product","2":"type-product","3":"status-publish","4":"has-post-thumbnail","6":"product_cat-utensilios-para-cozinha","8":"first","9":"outofstock","10":"shipping-taxable","11":"product-type-simple"},"_links":{"self":[{"href":"https:\/\/www.multicasa.com.br\/inicio\/wp-json\/wp\/v2\/product\/20325","targetHints":{"allow":["GET"]}}],"collection":[{"href":"https:\/\/www.multicasa.com.br\/inicio\/wp-json\/wp\/v2\/product"}],"about":[{"href":"https:\/\/www.multicasa.com.br\/inicio\/wp-json\/wp\/v2\/types\/product"}],"wp:featuredmedia":[{"embeddable":true,"href":"https:\/\/www.multicasa.com.br\/inicio\/wp-json\/wp\/v2\/media\/20394"}],"wp:attachment":[{"href":"https:\/\/www.multicasa.com.br\/inicio\/wp-json\/wp\/v2\/media?parent=20325"}],"wp:term":[{"taxonomy":"product_brand","embeddable":true,"href":"https:\/\/www.multicasa.com.br\/inicio\/wp-json\/wp\/v2\/product_brand?post=20325"},{"taxonomy":"product_cat","embeddable":true,"href":"https:\/\/www.multicasa.com.br\/inicio\/wp-json\/wp\/v2\/product_cat?post=20325"},{"taxonomy":"product_tag","embeddable":true,"href":"https:\/\/www.multicasa.com.br\/inicio\/wp-json\/wp\/v2\/product_tag?post=20325"}],"curies":[{"name":"wp","href":"https:\/\/api.w.org\/{rel}","templated":true}]}}