{"id":20347,"date":"2025-06-20T20:02:05","date_gmt":"2025-06-21T00:02:05","guid":{"rendered":"https:\/\/www.multicasa.com.br\/inicio\/?post_type=product&#038;p=20347"},"modified":"2025-06-20T20:02:56","modified_gmt":"2025-06-21T00:02:56","slug":"descascador-e-fatiador-de-abacaxi-em-inox-top-rio","status":"publish","type":"product","link":"https:\/\/www.multicasa.com.br\/inicio\/produto\/descascador-e-fatiador-de-abacaxi-em-inox-top-rio\/","title":{"rendered":"Descascador e Fatiador de Abacaxi em Inox Top Rio"},"content":{"rendered":"<p>O Descascador e Fatiador de Abacaxi da Top Rio funciona manualmente e de maneira bem simples: basta cortar a parte superior do abacaxi e rosquear o instrumento no corpo da fruta. Seu mecanismo de a\u00e7o inoxid\u00e1vel com serrilha faz com que, em instantes, ele esteja pronto para ser consumido. N\u00e3o enferruja e n\u00e3o quebra facilmente. Tem design anat\u00f4mico, dimens\u00f5es de 10 x 25 cm e di\u00e2metros de 8 cm na parte do corte e 2,5 cm no tubo central. Uma alternativa inovadora para incrementar a sua cozinha.<\/p>\n","protected":false},"excerpt":{"rendered":"<h4 style=\"margin: 0px;padding: 0px 0px 16px;font-family: Lato, sans-serif;font-weight: bold;line-height: 3rem;color: var(--dark-grey3);font-size: 22px;font-style: normal;letter-spacing: normal;text-align: start;text-indent: 0px;text-transform: none\">Informa\u00e7\u00f5es t\u00e9cnicas<\/h4>\n<p><span style=\"margin: 0px;padding: 0px;font-weight: 450;font-size: 14px;line-height: 21px;color: var(--dark-grey2);font-family: Lato, sans-serif;font-style: normal;letter-spacing: normal;text-align: start;text-indent: 0px;text-transform: none\">Produto: Descascador e Fatiador de Abacaxi<br \/>\nMarca: Top Rio<br \/>\nMaterial: Inox<br \/>\nCor: Preto, prata<br \/>\nItens inclusos: 1 descascador e fatiador de abacaxi<br \/>\nDimens\u00f5es do produto (A x L x P): 25 x 10 x 8cm<br \/>\nDi\u00e2metro superior de 8cm<br \/>\nDi\u00e2metro central de 2,5cm<\/span><\/p>\n","protected":false},"featured_media":20399,"template":"","meta":{"_joinchat":[]},"product_brand":[],"product_cat":[93],"product_tag":[],"class_list":{"0":"post-20347","1":"product","2":"type-product","3":"status-publish","4":"has-post-thumbnail","6":"product_cat-utensilios-para-cozinha","8":"first","9":"outofstock","10":"shipping-taxable","11":"product-type-simple"},"_links":{"self":[{"href":"https:\/\/www.multicasa.com.br\/inicio\/wp-json\/wp\/v2\/product\/20347","targetHints":{"allow":["GET"]}}],"collection":[{"href":"https:\/\/www.multicasa.com.br\/inicio\/wp-json\/wp\/v2\/product"}],"about":[{"href":"https:\/\/www.multicasa.com.br\/inicio\/wp-json\/wp\/v2\/types\/product"}],"wp:featuredmedia":[{"embeddable":true,"href":"https:\/\/www.multicasa.com.br\/inicio\/wp-json\/wp\/v2\/media\/20399"}],"wp:attachment":[{"href":"https:\/\/www.multicasa.com.br\/inicio\/wp-json\/wp\/v2\/media?parent=20347"}],"wp:term":[{"taxonomy":"product_brand","embeddable":true,"href":"https:\/\/www.multicasa.com.br\/inicio\/wp-json\/wp\/v2\/product_brand?post=20347"},{"taxonomy":"product_cat","embeddable":true,"href":"https:\/\/www.multicasa.com.br\/inicio\/wp-json\/wp\/v2\/product_cat?post=20347"},{"taxonomy":"product_tag","embeddable":true,"href":"https:\/\/www.multicasa.com.br\/inicio\/wp-json\/wp\/v2\/product_tag?post=20347"}],"curies":[{"name":"wp","href":"https:\/\/api.w.org\/{rel}","templated":true}]}}