{"id":20349,"date":"2025-06-20T20:02:06","date_gmt":"2025-06-21T00:02:06","guid":{"rendered":"https:\/\/www.multicasa.com.br\/inicio\/?post_type=product&#038;p=20349"},"modified":"2025-12-16T18:46:49","modified_gmt":"2025-12-16T22:46:49","slug":"kit-abridor-de-vinho-em-inox-uny-home-5-pecas","status":"publish","type":"product","link":"https:\/\/www.multicasa.com.br\/inicio\/produto\/kit-abridor-de-vinho-em-inox-uny-home-5-pecas\/","title":{"rendered":"Kit Abridor de Vinho em Inox Uny Home 5 Pe\u00e7as"},"content":{"rendered":"<p>O Kit Abridor de Vinho Uny Home com 5 Pe\u00e7as \u00e9 uma \u00f3tima op\u00e7\u00e3o presentear. Com embalagem em formato de livro, \u00e9 composto por 1 canivete saca-rolhas, 1 anel salva-gotas, 1 bico dosador, 1 tampa de vinho e 1 corta lacre. Torne o momento de abertura de um bom vinho ainda mais especial e pr\u00e1tico. Todos os itens s\u00e3o produzidos em a\u00e7o inox.<\/p>\n","protected":false},"excerpt":{"rendered":"<h4 style=\"margin: 0px;padding: 0px 0px 16px;font-family: Lato, sans-serif;font-weight: bold;line-height: 3rem;color: var(--dark-grey3);font-size: 22px;font-style: normal;letter-spacing: normal;text-align: start;text-indent: 0px;text-transform: none\">Informa\u00e7\u00f5es t\u00e9cnicas<\/h4>\n<p><span style=\"margin: 0px;padding: 0px;font-weight: 450;font-size: 14px;line-height: 21px;color: var(--dark-grey2);font-family: Lato, sans-serif;font-style: normal;letter-spacing: normal;text-align: start;text-indent: 0px;text-transform: none\">Produto: Kit Abridor de Vinho<br \/>\nMarca: Uny Home<br \/>\nMaterial: Pl\u00e1stico<br \/>\nA\u00e7o inox<br \/>\nCor: Preto, prata<br \/>\nQuantidade de Itens: 5 Pe\u00e7as<br \/>\nItens inclusos: 1 Canivete saca-rolhas<br \/>\n1 Anel salva-gotas<br \/>\n1 Bico dosador<br \/>\n1 Tampa de vinho<br \/>\n1 Corta lacre<br \/>\nDimens\u00f5es do produto (A x L x P): 21 x 16,3 x 3,7cm<br \/>\n<\/span><\/p>\n","protected":false},"featured_media":25335,"template":"","meta":{"_joinchat":[]},"product_brand":[],"product_cat":[93],"product_tag":[],"class_list":{"0":"post-20349","1":"product","2":"type-product","3":"status-publish","4":"has-post-thumbnail","6":"product_cat-utensilios-para-cozinha","8":"first","9":"outofstock","10":"shipping-taxable","11":"purchasable","12":"product-type-simple"},"_links":{"self":[{"href":"https:\/\/www.multicasa.com.br\/inicio\/wp-json\/wp\/v2\/product\/20349","targetHints":{"allow":["GET"]}}],"collection":[{"href":"https:\/\/www.multicasa.com.br\/inicio\/wp-json\/wp\/v2\/product"}],"about":[{"href":"https:\/\/www.multicasa.com.br\/inicio\/wp-json\/wp\/v2\/types\/product"}],"wp:featuredmedia":[{"embeddable":true,"href":"https:\/\/www.multicasa.com.br\/inicio\/wp-json\/wp\/v2\/media\/25335"}],"wp:attachment":[{"href":"https:\/\/www.multicasa.com.br\/inicio\/wp-json\/wp\/v2\/media?parent=20349"}],"wp:term":[{"taxonomy":"product_brand","embeddable":true,"href":"https:\/\/www.multicasa.com.br\/inicio\/wp-json\/wp\/v2\/product_brand?post=20349"},{"taxonomy":"product_cat","embeddable":true,"href":"https:\/\/www.multicasa.com.br\/inicio\/wp-json\/wp\/v2\/product_cat?post=20349"},{"taxonomy":"product_tag","embeddable":true,"href":"https:\/\/www.multicasa.com.br\/inicio\/wp-json\/wp\/v2\/product_tag?post=20349"}],"curies":[{"name":"wp","href":"https:\/\/api.w.org\/{rel}","templated":true}]}}