{"id":20350,"date":"2025-06-20T20:02:06","date_gmt":"2025-06-21T00:02:06","guid":{"rendered":"https:\/\/www.multicasa.com.br\/inicio\/?post_type=product&#038;p=20350"},"modified":"2025-06-20T20:03:03","modified_gmt":"2025-06-21T00:03:03","slug":"funil-plastico-com-peneira-branco-plasutil","status":"publish","type":"product","link":"https:\/\/www.multicasa.com.br\/inicio\/produto\/funil-plastico-com-peneira-branco-plasutil\/","title":{"rendered":"Funil Pl\u00e1stico com Peneira Branco Plas\u00fatil"},"content":{"rendered":"<p>O Funil Pl\u00e1stico com Peneira permite separar l\u00edquidos de s\u00f3lidos e despejar conte\u00fados em recipientes menores sem desperdi\u00e7ar o alimento. O funil \u00e9 encaix\u00e1vel e facilita na hora de transferir l\u00edquidos com praticidade e efici\u00eancia. Tenha mais praticidade para sua cozinha no dia-a-dia!<\/p>\n","protected":false},"excerpt":{"rendered":"<h4 style=\"margin: 0px;padding: 0px 0px 16px;font-family: Lato, sans-serif;font-weight: bold;line-height: 3rem;color: var(--dark-grey3);font-size: 22px;font-style: normal;letter-spacing: normal;text-align: start;text-indent: 0px;text-transform: none\">Informa\u00e7\u00f5es t\u00e9cnicas<\/h4>\n<p><span style=\"margin: 0px;padding: 0px;font-weight: 450;font-size: 14px;line-height: 21px;color: var(--dark-grey2);font-family: Lato, sans-serif;font-style: normal;letter-spacing: normal;text-align: start;text-indent: 0px;text-transform: none\">Produto: Peneira Pl\u00e1stica c\/ Funil<br \/>\nMarca: Plas\u00fatil<br \/>\nMaterial: Pl\u00e1stico<br \/>\nCor: Branca<br \/>\nCaracter\u00edstica: Funil encaix\u00e1vel<br \/>\nItens Inclusos: 1 Peneira pl\u00e1stica c\/ funil<br \/>\nDimens\u00f5es do produto (A x L x P): 19,5 X 10 X 10,5cm<\/span><\/p>\n","protected":false},"featured_media":20415,"template":"","meta":{"_joinchat":[]},"product_brand":[],"product_cat":[93],"product_tag":[],"class_list":{"0":"post-20350","1":"product","2":"type-product","3":"status-publish","4":"has-post-thumbnail","6":"product_cat-utensilios-para-cozinha","8":"first","9":"outofstock","10":"shipping-taxable","11":"product-type-simple"},"_links":{"self":[{"href":"https:\/\/www.multicasa.com.br\/inicio\/wp-json\/wp\/v2\/product\/20350","targetHints":{"allow":["GET"]}}],"collection":[{"href":"https:\/\/www.multicasa.com.br\/inicio\/wp-json\/wp\/v2\/product"}],"about":[{"href":"https:\/\/www.multicasa.com.br\/inicio\/wp-json\/wp\/v2\/types\/product"}],"wp:featuredmedia":[{"embeddable":true,"href":"https:\/\/www.multicasa.com.br\/inicio\/wp-json\/wp\/v2\/media\/20415"}],"wp:attachment":[{"href":"https:\/\/www.multicasa.com.br\/inicio\/wp-json\/wp\/v2\/media?parent=20350"}],"wp:term":[{"taxonomy":"product_brand","embeddable":true,"href":"https:\/\/www.multicasa.com.br\/inicio\/wp-json\/wp\/v2\/product_brand?post=20350"},{"taxonomy":"product_cat","embeddable":true,"href":"https:\/\/www.multicasa.com.br\/inicio\/wp-json\/wp\/v2\/product_cat?post=20350"},{"taxonomy":"product_tag","embeddable":true,"href":"https:\/\/www.multicasa.com.br\/inicio\/wp-json\/wp\/v2\/product_tag?post=20350"}],"curies":[{"name":"wp","href":"https:\/\/api.w.org\/{rel}","templated":true}]}}