{"id":20352,"date":"2025-06-20T20:02:06","date_gmt":"2025-06-21T00:02:06","guid":{"rendered":"https:\/\/www.multicasa.com.br\/inicio\/?post_type=product&#038;p=20352"},"modified":"2025-06-20T20:03:21","modified_gmt":"2025-06-21T00:03:21","slug":"balanca-digital-para-cozinha-casa-flex-10kg","status":"publish","type":"product","link":"https:\/\/www.multicasa.com.br\/inicio\/produto\/balanca-digital-para-cozinha-casa-flex-10kg\/","title":{"rendered":"Balan\u00e7a Digital para Cozinha Casa Flex 10kg"},"content":{"rendered":"<p>Com a balan\u00e7a digital para cozinha Casa Flex, voc\u00ea poder\u00e1 pesar at\u00e9 10 kg e otimizar suas receitas e tarefas. Possui fun\u00e7\u00e3o de tara de auto calibragem que permite m\u00faltipla pesagem, permitindo que voc\u00ea saiba o peso de cada ingrediente que for adicionado a balan\u00e7a sem a necessidade de retirar o ingrediente anterior. Com alta precis\u00e3o de calibragem e fun\u00e7\u00e3o gramas ou oz, possibilita que voc\u00ea tenha exatid\u00e3o nas suas pesagens. Seu visor \u00e9 de cristal em l\u00edquido LCD e desliga automaticamente ap\u00f3s alguns minutos sem uso.<\/p>\n","protected":false},"excerpt":{"rendered":"<h4 style=\"margin: 0px;padding: 0px 0px 16px;font-family: Lato, sans-serif;font-weight: bold;line-height: 3rem;color: var(--dark-grey3);font-size: 22px;font-style: normal;letter-spacing: normal;text-align: start;text-indent: 0px;text-transform: none\">Informa\u00e7\u00f5es t\u00e9cnicas<\/h4>\n<p><span style=\"margin: 0px;padding: 0px;font-weight: 450;font-size: 14px;line-height: 21px;color: var(--dark-grey2);font-family: Lato, sans-serif;font-style: normal;letter-spacing: normal;text-align: start;text-indent: 0px;text-transform: none\">Produto: Balan\u00e7a de Cozinha<br \/>\nMarca: Casa Flex Utilidades<br \/>\nMaterial: Pl\u00e1stico<br \/>\nCor: Branca<br \/>\nAlimenta\u00e7\u00e3o: 2 pilhas AA<br \/>\nCapacidade: de 1g at\u00e9 10kg<br \/>\nCaracter\u00edsticas: Pesa em g e em oz, sistema de tara, visor de cristal de LCD<br \/>\nQuantidade de pe\u00e7as: 3<br \/>\nItens Inclusos: 1 balan\u00e7a de cozinha e 2 pilhas AA<br \/>\nDi\u00e2metro do prato: 15cm<br \/>\nDimens\u00f5es do produto (L x P): 25 x 18,5cm<br \/>\n<\/span><\/p>\n","protected":false},"featured_media":20426,"template":"","meta":{"_joinchat":[]},"product_brand":[],"product_cat":[93],"product_tag":[],"class_list":{"0":"post-20352","1":"product","2":"type-product","3":"status-publish","4":"has-post-thumbnail","6":"product_cat-utensilios-para-cozinha","8":"first","9":"outofstock","10":"shipping-taxable","11":"product-type-simple"},"_links":{"self":[{"href":"https:\/\/www.multicasa.com.br\/inicio\/wp-json\/wp\/v2\/product\/20352","targetHints":{"allow":["GET"]}}],"collection":[{"href":"https:\/\/www.multicasa.com.br\/inicio\/wp-json\/wp\/v2\/product"}],"about":[{"href":"https:\/\/www.multicasa.com.br\/inicio\/wp-json\/wp\/v2\/types\/product"}],"wp:featuredmedia":[{"embeddable":true,"href":"https:\/\/www.multicasa.com.br\/inicio\/wp-json\/wp\/v2\/media\/20426"}],"wp:attachment":[{"href":"https:\/\/www.multicasa.com.br\/inicio\/wp-json\/wp\/v2\/media?parent=20352"}],"wp:term":[{"taxonomy":"product_brand","embeddable":true,"href":"https:\/\/www.multicasa.com.br\/inicio\/wp-json\/wp\/v2\/product_brand?post=20352"},{"taxonomy":"product_cat","embeddable":true,"href":"https:\/\/www.multicasa.com.br\/inicio\/wp-json\/wp\/v2\/product_cat?post=20352"},{"taxonomy":"product_tag","embeddable":true,"href":"https:\/\/www.multicasa.com.br\/inicio\/wp-json\/wp\/v2\/product_tag?post=20352"}],"curies":[{"name":"wp","href":"https:\/\/api.w.org\/{rel}","templated":true}]}}