{"id":20354,"date":"2025-06-20T20:02:06","date_gmt":"2025-06-21T00:02:06","guid":{"rendered":"https:\/\/www.multicasa.com.br\/inicio\/?post_type=product&#038;p=20354"},"modified":"2025-06-20T20:03:29","modified_gmt":"2025-06-21T00:03:29","slug":"bandeja-de-cozinha-aco-preta-arthi","status":"publish","type":"product","link":"https:\/\/www.multicasa.com.br\/inicio\/produto\/bandeja-de-cozinha-aco-preta-arthi\/","title":{"rendered":"Bandeja de Cozinha A\u00e7o Preta Arthi"},"content":{"rendered":"<p>A Bandeja de cozinha de a\u00e7o Arthi na cor preta \u00e9 multifuncional e pr\u00e1tica, ideal para servir caf\u00e9s, bebidas, petiscos ou at\u00e9 mesmo para uso decorativo. Em a\u00e7o, possui al\u00e7a e 4 p\u00e9s de sustenta\u00e7\u00e3o. Seu comprimento \u00e9 de 48,5 cm, comportando uma refei\u00e7\u00e3o pequena e levando eleg\u00e2ncia a diversos estilos de ambientes.<\/p>\n","protected":false},"excerpt":{"rendered":"<h4 style=\"margin: 0px;padding: 0px 0px 16px;font-family: Lato, sans-serif;font-weight: bold;line-height: 3rem;color: var(--dark-grey3);font-size: 22px;font-style: normal;letter-spacing: normal;text-align: start;text-indent: 0px;text-transform: none\">Informa\u00e7\u00f5es t\u00e9cnicas<\/h4>\n<p><span style=\"margin: 0px;padding: 0px;font-weight: 450;font-size: 14px;line-height: 21px;color: var(--dark-grey2);font-family: Lato, sans-serif;font-style: normal;letter-spacing: normal;text-align: start;text-indent: 0px;text-transform: none\">Produto: Bandeja<br \/>\nMarca: Arthi<br \/>\nMaterial: A\u00e7o<br \/>\nCor: Preto<br \/>\nUso indicado: Servir refei\u00e7\u00f5es<br \/>\nCaracter\u00edsticas: Possui al\u00e7a e 4 p\u00e9s de sustenta\u00e7\u00e3o<br \/>\nItens Inclusos: 1 bandeja<br \/>\nDicas de uso e preserva\u00e7\u00e3o: Limpar apenas com pano \u00famido<br \/>\nDimens\u00f5es do produto (A x L x C): 9,9 x 25,2 x 48,5 cm<\/span><\/p>\n","protected":false},"featured_media":20438,"template":"","meta":{"_joinchat":[]},"product_brand":[],"product_cat":[93],"product_tag":[],"class_list":{"0":"post-20354","1":"product","2":"type-product","3":"status-publish","4":"has-post-thumbnail","6":"product_cat-utensilios-para-cozinha","8":"first","9":"outofstock","10":"shipping-taxable","11":"product-type-simple"},"_links":{"self":[{"href":"https:\/\/www.multicasa.com.br\/inicio\/wp-json\/wp\/v2\/product\/20354","targetHints":{"allow":["GET"]}}],"collection":[{"href":"https:\/\/www.multicasa.com.br\/inicio\/wp-json\/wp\/v2\/product"}],"about":[{"href":"https:\/\/www.multicasa.com.br\/inicio\/wp-json\/wp\/v2\/types\/product"}],"wp:featuredmedia":[{"embeddable":true,"href":"https:\/\/www.multicasa.com.br\/inicio\/wp-json\/wp\/v2\/media\/20438"}],"wp:attachment":[{"href":"https:\/\/www.multicasa.com.br\/inicio\/wp-json\/wp\/v2\/media?parent=20354"}],"wp:term":[{"taxonomy":"product_brand","embeddable":true,"href":"https:\/\/www.multicasa.com.br\/inicio\/wp-json\/wp\/v2\/product_brand?post=20354"},{"taxonomy":"product_cat","embeddable":true,"href":"https:\/\/www.multicasa.com.br\/inicio\/wp-json\/wp\/v2\/product_cat?post=20354"},{"taxonomy":"product_tag","embeddable":true,"href":"https:\/\/www.multicasa.com.br\/inicio\/wp-json\/wp\/v2\/product_tag?post=20354"}],"curies":[{"name":"wp","href":"https:\/\/api.w.org\/{rel}","templated":true}]}}