{"id":20355,"date":"2025-06-20T20:02:07","date_gmt":"2025-06-21T00:02:07","guid":{"rendered":"https:\/\/www.multicasa.com.br\/inicio\/?post_type=product&#038;p=20355"},"modified":"2025-06-20T20:03:31","modified_gmt":"2025-06-21T00:03:31","slug":"escorredor-de-loucas-de-parede-em-aco-preto-arthi","status":"publish","type":"product","link":"https:\/\/www.multicasa.com.br\/inicio\/produto\/escorredor-de-loucas-de-parede-em-aco-preto-arthi\/","title":{"rendered":"Escorredor de Lou\u00e7as de Parede em A\u00e7o Preto Arthi"},"content":{"rendered":"<p>Escorredor de Lou\u00e7as de Parede Arthi foi projetado para se encaixar principalmente em ambientes que possuem espa\u00e7o limitado. Com fun\u00e7\u00f5es para secar pratos, copos e talheres, ele organiza suas lou\u00e7as, al\u00e9m e embelezar o ambiente. Confeccionado em a\u00e7o, o produto recebe acabamento semelhante ao do setor automotivo, \u00e9 passado um verniz especial que aumenta a durabilidade da pe\u00e7a e faz com que o produto n\u00e3o risque e n\u00e3o descasque. Possui design super inovador e moderno com acabamento preto fosco, e pode ficar armazenado aberto ou fechado.<\/p>\n","protected":false},"excerpt":{"rendered":"<h4 style=\"margin: 0px;padding: 0px 0px 16px;font-family: Lato, sans-serif;font-weight: bold;line-height: 3rem;color: var(--dark-grey3);font-size: 22px;font-style: normal;letter-spacing: normal;text-align: start;text-indent: 0px;text-transform: none\">Informa\u00e7\u00f5es t\u00e9cnicas<\/h4>\n<p><span style=\"margin: 0px;padding: 0px;font-weight: 450;font-size: 14px;line-height: 21px;color: var(--dark-grey2);font-family: Lato, sans-serif;font-style: normal;letter-spacing: normal;text-align: start;text-indent: 0px;text-transform: none\">Produto: Escorredor de lou\u00e7a<br \/>\nMarca: Arthi<br \/>\nMaterial: A\u00e7o<br \/>\nCor: Preto<br \/>\nCapacidade: 10 pratos<br \/>\n4 copos<br \/>\nCaracter\u00edsticas: Possui porta talher<br \/>\nItens Inclusos: 1 escorredor de lou\u00e7a<br \/>\nDimens\u00f5es do produto (A x L x P): 33 x 31 x 25cm<\/span><\/p>\n","protected":false},"featured_media":20440,"template":"","meta":{"_joinchat":[]},"product_brand":[],"product_cat":[93],"product_tag":[],"class_list":{"0":"post-20355","1":"product","2":"type-product","3":"status-publish","4":"has-post-thumbnail","6":"product_cat-utensilios-para-cozinha","8":"first","9":"outofstock","10":"shipping-taxable","11":"product-type-simple"},"_links":{"self":[{"href":"https:\/\/www.multicasa.com.br\/inicio\/wp-json\/wp\/v2\/product\/20355","targetHints":{"allow":["GET"]}}],"collection":[{"href":"https:\/\/www.multicasa.com.br\/inicio\/wp-json\/wp\/v2\/product"}],"about":[{"href":"https:\/\/www.multicasa.com.br\/inicio\/wp-json\/wp\/v2\/types\/product"}],"wp:featuredmedia":[{"embeddable":true,"href":"https:\/\/www.multicasa.com.br\/inicio\/wp-json\/wp\/v2\/media\/20440"}],"wp:attachment":[{"href":"https:\/\/www.multicasa.com.br\/inicio\/wp-json\/wp\/v2\/media?parent=20355"}],"wp:term":[{"taxonomy":"product_brand","embeddable":true,"href":"https:\/\/www.multicasa.com.br\/inicio\/wp-json\/wp\/v2\/product_brand?post=20355"},{"taxonomy":"product_cat","embeddable":true,"href":"https:\/\/www.multicasa.com.br\/inicio\/wp-json\/wp\/v2\/product_cat?post=20355"},{"taxonomy":"product_tag","embeddable":true,"href":"https:\/\/www.multicasa.com.br\/inicio\/wp-json\/wp\/v2\/product_tag?post=20355"}],"curies":[{"name":"wp","href":"https:\/\/api.w.org\/{rel}","templated":true}]}}