{"id":20356,"date":"2025-06-20T20:02:07","date_gmt":"2025-06-21T00:02:07","guid":{"rendered":"https:\/\/www.multicasa.com.br\/inicio\/?post_type=product&#038;p=20356"},"modified":"2025-08-17T19:03:32","modified_gmt":"2025-08-17T23:03:32","slug":"barra-de-utensilios-com-6-ganchos-preto-arthi","status":"publish","type":"product","link":"https:\/\/www.multicasa.com.br\/inicio\/produto\/barra-de-utensilios-com-6-ganchos-preto-arthi\/","title":{"rendered":"Barra de Utens\u00edlios com 6 Ganchos Preto Arthi"},"content":{"rendered":"<p>A Barra para Utens\u00edlios de Cozinha Arthi possui 6 ganchos resistentes, ideais para pendurar conchas, escumadeiras, esp\u00e1tulas, entre outros. Em a\u00e7o na cor preta com aproximadamente 30cm de comprimento, pode ser colocada em qualquer canto da sua cozinha, pois cabe facilmente em qualquer espa\u00e7o.<\/p>\n","protected":false},"excerpt":{"rendered":"<h4 style=\"margin: 0px;padding: 0px 0px 16px;font-family: Lato, sans-serif;font-weight: bold;line-height: 3rem;color: var(--dark-grey3);font-size: 22px;font-style: normal;letter-spacing: normal;text-align: start;text-indent: 0px;text-transform: none\">Informa\u00e7\u00f5es t\u00e9cnicas<\/h4>\n<p><span style=\"margin: 0px;padding: 0px;font-weight: 450;font-size: 14px;line-height: 21px;color: var(--dark-grey2);font-family: Lato, sans-serif;font-style: normal;letter-spacing: normal;text-align: start;text-indent: 0px;text-transform: none\">Produto: Suporte Gancho para Utens\u00edlios<br \/>\nMarca: Arthi<br \/>\nMaterial\/Composi\u00e7\u00e3o: A\u00e7o<br \/>\nCor: Preto<br \/>\nCaracter\u00edsticas: Possui 6 ganchos<br \/>\nQuantidade de pe\u00e7as: 8<br \/>\nItens inclusos: 1 barra<br \/>\n6 ganchos<br \/>\n1 kit de pendurar com buchas e parafusos<br \/>\nDimens\u00f5es do produto (L): 30cm<br \/>\n<\/span><\/p>\n","protected":false},"featured_media":24668,"template":"","meta":{"_joinchat":[]},"product_brand":[],"product_cat":[93],"product_tag":[],"class_list":{"0":"post-20356","1":"product","2":"type-product","3":"status-publish","4":"has-post-thumbnail","6":"product_cat-utensilios-para-cozinha","8":"first","9":"outofstock","10":"shipping-taxable","11":"purchasable","12":"product-type-simple"},"_links":{"self":[{"href":"https:\/\/www.multicasa.com.br\/inicio\/wp-json\/wp\/v2\/product\/20356","targetHints":{"allow":["GET"]}}],"collection":[{"href":"https:\/\/www.multicasa.com.br\/inicio\/wp-json\/wp\/v2\/product"}],"about":[{"href":"https:\/\/www.multicasa.com.br\/inicio\/wp-json\/wp\/v2\/types\/product"}],"wp:featuredmedia":[{"embeddable":true,"href":"https:\/\/www.multicasa.com.br\/inicio\/wp-json\/wp\/v2\/media\/24668"}],"wp:attachment":[{"href":"https:\/\/www.multicasa.com.br\/inicio\/wp-json\/wp\/v2\/media?parent=20356"}],"wp:term":[{"taxonomy":"product_brand","embeddable":true,"href":"https:\/\/www.multicasa.com.br\/inicio\/wp-json\/wp\/v2\/product_brand?post=20356"},{"taxonomy":"product_cat","embeddable":true,"href":"https:\/\/www.multicasa.com.br\/inicio\/wp-json\/wp\/v2\/product_cat?post=20356"},{"taxonomy":"product_tag","embeddable":true,"href":"https:\/\/www.multicasa.com.br\/inicio\/wp-json\/wp\/v2\/product_tag?post=20356"}],"curies":[{"name":"wp","href":"https:\/\/api.w.org\/{rel}","templated":true}]}}