{"id":20375,"date":"2025-06-20T20:02:31","date_gmt":"2025-06-21T00:02:31","guid":{"rendered":"https:\/\/www.multicasa.com.br\/inicio\/?post_type=product&#038;p=20375"},"modified":"2025-06-20T20:03:38","modified_gmt":"2025-06-21T00:03:38","slug":"kit-ganchos-preto-multiuso-arthi-3-pecas","status":"publish","type":"product","link":"https:\/\/www.multicasa.com.br\/inicio\/produto\/kit-ganchos-preto-multiuso-arthi-3-pecas\/","title":{"rendered":"Kit Ganchos Preto Multiuso Arthi 3 Pe\u00e7as"},"content":{"rendered":"<p>Kit de Ganchos Multiuso Arthi, na cor preto acetinado com acabamento dur\u00e1vel e que n\u00e3o descasca. O conjunto com 3 ganchos da linha black \u00e9 super moderno e vers\u00e1til, se adaptando a diversas situa\u00e7\u00f5es, servindo para pendurar bolsas, cintos, len\u00e7os, e outros objetos, acordo com sua necessidade. Ideal para organizar o ambiente, al\u00e9m de ser uma peca decorativa para a sua casa!<\/p>\n","protected":false},"excerpt":{"rendered":"<h4 style=\"margin: 0px;padding: 0px 0px 16px;font-family: Lato, sans-serif;font-weight: bold;line-height: 3rem;color: var(--dark-grey3);font-size: 22px;font-style: normal;letter-spacing: normal;text-align: start;text-indent: 0px;text-transform: none\">Informa\u00e7\u00f5es t\u00e9cnicas<\/h4>\n<p><span style=\"margin: 0px;padding: 0px;font-weight: 450;font-size: 14px;line-height: 21px;color: var(--dark-grey2);font-family: Lato, sans-serif;font-style: normal;letter-spacing: normal;text-align: start;text-indent: 0px;text-transform: none\">Produto: Gancho<br \/>\nMarca: Arthi<br \/>\nMaterial: A\u00e7o carbono<br \/>\nAcabamento: Envernizado<br \/>\nCor: Preto<br \/>\nUso indicado: Pendurar bolsas, cintos, len\u00e7os e outros<br \/>\nItens Inclusos: 3 ganchos<br \/>\nDimens\u00f5es do produto (A x L x P): 12 x 0,5 x 5cm<br \/>\n<\/span><\/p>\n","protected":false},"featured_media":20444,"template":"","meta":{"_joinchat":[]},"product_brand":[],"product_cat":[162],"product_tag":[],"class_list":{"0":"post-20375","1":"product","2":"type-product","3":"status-publish","4":"has-post-thumbnail","6":"product_cat-colas-e-cia","8":"first","9":"outofstock","10":"shipping-taxable","11":"product-type-simple"},"_links":{"self":[{"href":"https:\/\/www.multicasa.com.br\/inicio\/wp-json\/wp\/v2\/product\/20375","targetHints":{"allow":["GET"]}}],"collection":[{"href":"https:\/\/www.multicasa.com.br\/inicio\/wp-json\/wp\/v2\/product"}],"about":[{"href":"https:\/\/www.multicasa.com.br\/inicio\/wp-json\/wp\/v2\/types\/product"}],"wp:featuredmedia":[{"embeddable":true,"href":"https:\/\/www.multicasa.com.br\/inicio\/wp-json\/wp\/v2\/media\/20444"}],"wp:attachment":[{"href":"https:\/\/www.multicasa.com.br\/inicio\/wp-json\/wp\/v2\/media?parent=20375"}],"wp:term":[{"taxonomy":"product_brand","embeddable":true,"href":"https:\/\/www.multicasa.com.br\/inicio\/wp-json\/wp\/v2\/product_brand?post=20375"},{"taxonomy":"product_cat","embeddable":true,"href":"https:\/\/www.multicasa.com.br\/inicio\/wp-json\/wp\/v2\/product_cat?post=20375"},{"taxonomy":"product_tag","embeddable":true,"href":"https:\/\/www.multicasa.com.br\/inicio\/wp-json\/wp\/v2\/product_tag?post=20375"}],"curies":[{"name":"wp","href":"https:\/\/api.w.org\/{rel}","templated":true}]}}