{"id":20382,"date":"2025-06-20T20:02:32","date_gmt":"2025-06-21T00:02:32","guid":{"rendered":"https:\/\/www.multicasa.com.br\/inicio\/?post_type=product&#038;p=20382"},"modified":"2025-12-16T18:46:56","modified_gmt":"2025-12-16T22:46:56","slug":"cortador-de-pizza-em-inox-uny-home","status":"publish","type":"product","link":"https:\/\/www.multicasa.com.br\/inicio\/produto\/cortador-de-pizza-em-inox-uny-home\/","title":{"rendered":"Cortador de Pizza em Inox Uny Home"},"content":{"rendered":"<p>O Cortador de Pizza em A\u00e7o Inox da Uny Home ir\u00e1 facilitar o manuseio de suas massas em casa ou em restaurantes. Simples e intuitivo, basta que voc\u00ea passe o produto sobre a massa e ela sera cortada facilmente. Al\u00e9m disso, o cortador possui l\u00e2mina em a\u00e7o inoxid\u00e1vel, o que o torna bonito, dur\u00e1vel e extremamente resistente. Tudo isso aliado \u00e0 um belo design, torna o cortador de pizza um produto sensacional para se ter em qualquer cozinha!<\/p>\n","protected":false},"excerpt":{"rendered":"<h4 style=\"margin: 0px;padding: 0px 0px 16px;font-family: Lato, sans-serif;font-weight: bold;line-height: 3rem;color: var(--dark-grey3);font-size: 22px;font-style: normal;letter-spacing: normal;text-align: start;text-indent: 0px;text-transform: none\">Informa\u00e7\u00f5es t\u00e9cnicas<\/h4>\n<p><span style=\"margin: 0px;padding: 0px;font-weight: 450;font-size: 14px;line-height: 21px;color: var(--dark-grey2);font-family: Lato, sans-serif;font-style: normal;letter-spacing: normal;text-align: start;text-indent: 0px;text-transform: none\">Produto: Cortador de Pizza<br \/>\nMarca: Uny Home<br \/>\nMaterial: A\u00e7o Inox<br \/>\nCor: Prata<br \/>\nItens inclusos: 1 Cortador de Pizza<br \/>\nDimens\u00f5es do produto (A x L): 22 x 6,3cm                                                                                                                          Peso: 0,065kg<\/span><\/p>\n","protected":false},"featured_media":20466,"template":"","meta":{"_joinchat":[]},"product_brand":[],"product_cat":[93],"product_tag":[],"class_list":{"0":"post-20382","1":"product","2":"type-product","3":"status-publish","4":"has-post-thumbnail","6":"product_cat-utensilios-para-cozinha","8":"first","9":"outofstock","10":"shipping-taxable","11":"purchasable","12":"product-type-simple"},"_links":{"self":[{"href":"https:\/\/www.multicasa.com.br\/inicio\/wp-json\/wp\/v2\/product\/20382","targetHints":{"allow":["GET"]}}],"collection":[{"href":"https:\/\/www.multicasa.com.br\/inicio\/wp-json\/wp\/v2\/product"}],"about":[{"href":"https:\/\/www.multicasa.com.br\/inicio\/wp-json\/wp\/v2\/types\/product"}],"wp:featuredmedia":[{"embeddable":true,"href":"https:\/\/www.multicasa.com.br\/inicio\/wp-json\/wp\/v2\/media\/20466"}],"wp:attachment":[{"href":"https:\/\/www.multicasa.com.br\/inicio\/wp-json\/wp\/v2\/media?parent=20382"}],"wp:term":[{"taxonomy":"product_brand","embeddable":true,"href":"https:\/\/www.multicasa.com.br\/inicio\/wp-json\/wp\/v2\/product_brand?post=20382"},{"taxonomy":"product_cat","embeddable":true,"href":"https:\/\/www.multicasa.com.br\/inicio\/wp-json\/wp\/v2\/product_cat?post=20382"},{"taxonomy":"product_tag","embeddable":true,"href":"https:\/\/www.multicasa.com.br\/inicio\/wp-json\/wp\/v2\/product_tag?post=20382"}],"curies":[{"name":"wp","href":"https:\/\/api.w.org\/{rel}","templated":true}]}}