{"id":20383,"date":"2025-06-20T20:02:32","date_gmt":"2025-06-21T00:02:32","guid":{"rendered":"https:\/\/www.multicasa.com.br\/inicio\/?post_type=product&#038;p=20383"},"modified":"2026-02-24T10:42:27","modified_gmt":"2026-02-24T14:42:27","slug":"luva-de-cozinha-de-silicone-uny-home","status":"publish","type":"product","link":"https:\/\/www.multicasa.com.br\/inicio\/produto\/luva-de-cozinha-de-silicone-uny-home\/","title":{"rendered":"Luva de Cozinha de Silicone Uny Home"},"content":{"rendered":"<p>A Luva de Cozinha de Silicone Uny Home \u00e9 um utens\u00edlio ideal para o dia a dia na cozinha, por ser resistente \u00e0 altas temperaturas, al\u00e9m de proteger contra queimaduras. Perfeita para o manuseio de alimentos, retirar assadeira, caldeir\u00e3o, panelas e formas quentes, etc. Al\u00e9m de ser flex\u00edvel, confort\u00e1vel e antiderrapante. Feita com material que n\u00e3o tem cheiro e de alta qualidade e f\u00e1cil de higienizar.<\/p>\n","protected":false},"excerpt":{"rendered":"<h4 style=\"margin: 0px;padding: 0px 0px 16px;font-family: Lato, sans-serif;font-weight: bold;line-height: 3rem;color: var(--dark-grey3);font-size: 22px;font-style: normal;letter-spacing: normal;text-align: start;text-indent: 0px;text-transform: none\">Informa\u00e7\u00f5es t\u00e9cnicas<\/h4>\n<p><span style=\"margin: 0px;padding: 0px;font-weight: 450;font-size: 14px;line-height: 21px;color: var(--dark-grey2);font-family: Lato, sans-serif;font-style: normal;letter-spacing: normal;text-align: start;text-indent: 0px;text-transform: none\">Produto: Luva de Cozinha<br \/>\nMarca: Uny Home<br \/>\nMaterial: Silicone<br \/>\nCor: Sortida<br \/>\nCaracter\u00edsticas: Revestida de tecido<br \/>\nItens Inclusos: 1 Luva de cozinha<br \/>\nDimens\u00f5es do produto (A X L): 29,5 x 18,5cm                                                                                                             Peso: 0,1480kg<\/span><\/p>\n","protected":false},"featured_media":20467,"template":"","meta":{"_joinchat":[]},"product_brand":[],"product_cat":[93],"product_tag":[],"class_list":{"0":"post-20383","1":"product","2":"type-product","3":"status-publish","4":"has-post-thumbnail","6":"product_cat-utensilios-para-cozinha","8":"first","9":"outofstock","10":"shipping-taxable","11":"purchasable","12":"product-type-simple"},"_links":{"self":[{"href":"https:\/\/www.multicasa.com.br\/inicio\/wp-json\/wp\/v2\/product\/20383","targetHints":{"allow":["GET"]}}],"collection":[{"href":"https:\/\/www.multicasa.com.br\/inicio\/wp-json\/wp\/v2\/product"}],"about":[{"href":"https:\/\/www.multicasa.com.br\/inicio\/wp-json\/wp\/v2\/types\/product"}],"wp:featuredmedia":[{"embeddable":true,"href":"https:\/\/www.multicasa.com.br\/inicio\/wp-json\/wp\/v2\/media\/20467"}],"wp:attachment":[{"href":"https:\/\/www.multicasa.com.br\/inicio\/wp-json\/wp\/v2\/media?parent=20383"}],"wp:term":[{"taxonomy":"product_brand","embeddable":true,"href":"https:\/\/www.multicasa.com.br\/inicio\/wp-json\/wp\/v2\/product_brand?post=20383"},{"taxonomy":"product_cat","embeddable":true,"href":"https:\/\/www.multicasa.com.br\/inicio\/wp-json\/wp\/v2\/product_cat?post=20383"},{"taxonomy":"product_tag","embeddable":true,"href":"https:\/\/www.multicasa.com.br\/inicio\/wp-json\/wp\/v2\/product_tag?post=20383"}],"curies":[{"name":"wp","href":"https:\/\/api.w.org\/{rel}","templated":true}]}}