{"id":20406,"date":"2025-06-20T20:02:59","date_gmt":"2025-06-21T00:02:59","guid":{"rendered":"https:\/\/www.multicasa.com.br\/inicio\/?post_type=product&#038;p=20406"},"modified":"2026-02-10T14:30:59","modified_gmt":"2026-02-10T18:30:59","slug":"coador-de-cafe-reutilizavel-aco-inox-uny-home","status":"publish","type":"product","link":"https:\/\/www.multicasa.com.br\/inicio\/produto\/coador-de-cafe-reutilizavel-aco-inox-uny-home\/","title":{"rendered":"Coador de Caf\u00e9 Reutiliz\u00e1vel A\u00e7o Inox Uny Home"},"content":{"rendered":"<p>Com o coador de caf\u00e9 reutiliz\u00e1vel Uny Home voc\u00ea nunca mais ir\u00e1 se preocupar com filtro de papel. O filtro reutiliz\u00e1vel elimina o desperd\u00edcio de papel e dinheiro. Em a\u00e7o inox, permite que o caf\u00e9 flua com rapidez e facilidade mantendo o aroma e sabor. Leve, resistente e f\u00e1cil de limpar.<\/p>\n","protected":false},"excerpt":{"rendered":"<h4 style=\"margin: 0px;padding: 0px 0px 16px;font-family: Lato, sans-serif;font-weight: bold;line-height: 3rem;color: var(--dark-grey3);font-size: 22px;font-style: normal;letter-spacing: normal;text-align: start;text-indent: 0px;text-transform: none\">Informa\u00e7\u00f5es t\u00e9cnicas<\/h4>\n<p><span style=\"margin: 0px;padding: 0px;font-weight: 450;font-size: 14px;line-height: 21px;color: var(--dark-grey2);font-family: Lato, sans-serif;font-style: normal;letter-spacing: normal;text-align: start;text-indent: 0px;text-transform: none\">Produto: Coador de caf\u00e9<br \/>\nMarca: Uny Home<br \/>\nMaterial: A\u00e7o Inox<br \/>\nAcabamento: Metalizado<br \/>\nCor: Prata<br \/>\nCaracter\u00edsticas: Dispensa o uso de filtro de papel<br \/>\nItens Inclusos: 1 coador de caf\u00e9<br \/>\nDimens\u00f5es do produto (A x L x P): 6 x 12,5 x 7cm                                                                                                       Peso: 0,070kg<\/span><\/p>\n","protected":false},"featured_media":24983,"template":"","meta":{"_joinchat":[]},"product_brand":[],"product_cat":[93],"product_tag":[],"class_list":{"0":"post-20406","1":"product","2":"type-product","3":"status-publish","4":"has-post-thumbnail","6":"product_cat-utensilios-para-cozinha","8":"first","9":"instock","10":"shipping-taxable","11":"purchasable","12":"product-type-simple"},"_links":{"self":[{"href":"https:\/\/www.multicasa.com.br\/inicio\/wp-json\/wp\/v2\/product\/20406","targetHints":{"allow":["GET"]}}],"collection":[{"href":"https:\/\/www.multicasa.com.br\/inicio\/wp-json\/wp\/v2\/product"}],"about":[{"href":"https:\/\/www.multicasa.com.br\/inicio\/wp-json\/wp\/v2\/types\/product"}],"wp:featuredmedia":[{"embeddable":true,"href":"https:\/\/www.multicasa.com.br\/inicio\/wp-json\/wp\/v2\/media\/24983"}],"wp:attachment":[{"href":"https:\/\/www.multicasa.com.br\/inicio\/wp-json\/wp\/v2\/media?parent=20406"}],"wp:term":[{"taxonomy":"product_brand","embeddable":true,"href":"https:\/\/www.multicasa.com.br\/inicio\/wp-json\/wp\/v2\/product_brand?post=20406"},{"taxonomy":"product_cat","embeddable":true,"href":"https:\/\/www.multicasa.com.br\/inicio\/wp-json\/wp\/v2\/product_cat?post=20406"},{"taxonomy":"product_tag","embeddable":true,"href":"https:\/\/www.multicasa.com.br\/inicio\/wp-json\/wp\/v2\/product_tag?post=20406"}],"curies":[{"name":"wp","href":"https:\/\/api.w.org\/{rel}","templated":true}]}}