{"id":20410,"date":"2025-06-20T20:03:00","date_gmt":"2025-06-21T00:03:00","guid":{"rendered":"https:\/\/www.multicasa.com.br\/inicio\/?post_type=product&#038;p=20410"},"modified":"2026-03-17T12:50:13","modified_gmt":"2026-03-17T16:50:13","slug":"cortador-ralador-multiuso-plastico-5-laminas-keita","status":"publish","type":"product","link":"https:\/\/www.multicasa.com.br\/inicio\/produto\/cortador-ralador-multiuso-plastico-5-laminas-keita\/","title":{"rendered":"Cortador\/Ralador Multiuso Pl\u00e1stico 5 L\u00e2minas Keita"},"content":{"rendered":"<p>O Cortador ralador multiuso Keita \u00e9 produzido em pl\u00e1stico e acompanhado por 5 l\u00e2minas de metal para fatiar, ralar e cortar alimentos, possuindo tamb\u00e9m protetor para m\u00e3os. Na cor branca com l\u00e2minas encaix\u00e1veis em vermelho. O multicortador \u00e9 o utens\u00edlio que voc\u00ea precisa.<\/p>\n","protected":false},"excerpt":{"rendered":"<h4 style=\"margin: 0px;padding: 0px 0px 16px;font-family: Lato, sans-serif;font-weight: bold;line-height: 3rem;color: var(--dark-grey3);font-size: 22px;font-style: normal;letter-spacing: normal;text-align: start;text-indent: 0px;text-transform: none\">Informa\u00e7\u00f5es t\u00e9cnicas<\/h4>\n<p><span style=\"margin: 0px;padding: 0px;font-weight: 450;font-size: 14px;line-height: 21px;color: var(--dark-grey2);font-family: Lato, sans-serif;font-style: normal;letter-spacing: normal;text-align: start;text-indent: 0px;text-transform: none\">Produto: Fatiador<br \/>\nMarca: Keita<br \/>\nMaterial: Pl\u00e1stico<br \/>\nMetal<br \/>\nCor: Branco, vermelho<br \/>\nCaracter\u00edsticas: Fatia<br \/>\nRala<br \/>\nDesfia<br \/>\nQuantidade de pe\u00e7as: 7<br \/>\nItens Inclusos: 1 fatiador<br \/>\n5 l\u00e2minas<br \/>\n1 protetor para m\u00e3os<br \/>\nDimens\u00f5es do produto (A): Fatiador 28cm<br \/>\nL\u00e2mina: 10,7cm<\/span><\/p>\n","protected":false},"featured_media":0,"template":"","meta":{"_joinchat":[]},"product_brand":[],"product_cat":[93],"product_tag":[],"class_list":{"0":"post-20410","1":"product","2":"type-product","3":"status-publish","5":"product_cat-utensilios-para-cozinha","7":"first","8":"outofstock","9":"shipping-taxable","10":"purchasable","11":"product-type-simple"},"_links":{"self":[{"href":"https:\/\/www.multicasa.com.br\/inicio\/wp-json\/wp\/v2\/product\/20410","targetHints":{"allow":["GET"]}}],"collection":[{"href":"https:\/\/www.multicasa.com.br\/inicio\/wp-json\/wp\/v2\/product"}],"about":[{"href":"https:\/\/www.multicasa.com.br\/inicio\/wp-json\/wp\/v2\/types\/product"}],"wp:attachment":[{"href":"https:\/\/www.multicasa.com.br\/inicio\/wp-json\/wp\/v2\/media?parent=20410"}],"wp:term":[{"taxonomy":"product_brand","embeddable":true,"href":"https:\/\/www.multicasa.com.br\/inicio\/wp-json\/wp\/v2\/product_brand?post=20410"},{"taxonomy":"product_cat","embeddable":true,"href":"https:\/\/www.multicasa.com.br\/inicio\/wp-json\/wp\/v2\/product_cat?post=20410"},{"taxonomy":"product_tag","embeddable":true,"href":"https:\/\/www.multicasa.com.br\/inicio\/wp-json\/wp\/v2\/product_tag?post=20410"}],"curies":[{"name":"wp","href":"https:\/\/api.w.org\/{rel}","templated":true}]}}