{"id":20432,"date":"2025-06-20T20:03:23","date_gmt":"2025-06-21T00:03:23","guid":{"rendered":"https:\/\/www.multicasa.com.br\/inicio\/?post_type=product&#038;p=20432"},"modified":"2025-07-01T12:43:21","modified_gmt":"2025-07-01T16:43:21","slug":"caixa-de-passagem-de-embutir-20x20-aguia-global","status":"publish","type":"product","link":"https:\/\/www.multicasa.com.br\/inicio\/produto\/caixa-de-passagem-de-embutir-20x20-aguia-global\/","title":{"rendered":"Caixa De Passagem De Embutir 20X20 \u00c1guia Global"},"content":{"rendered":"<p>A caixa de passagem \u00e9 feita em chapa de a\u00e7o, pintada a p\u00f3 em pintura eletrost\u00e1tica, na cor bege. Acompanha os parafusos. Esta caixa pode ser de sobrepor ou de embutir e garante a passagem de cabos para deriva\u00e7\u00e3o e acesso \u00e0s redes  el\u00e9trica, de telefonia e de dados. Voc\u00ea pode instalar uma caixa de  passagem el\u00e9trica subterr\u00e2nea, externa, de parede ou de piso. A  aplica\u00e7\u00e3o do melhor m\u00e9todo pode ser definida pelo seu mestre de obra e  pelo eletricista respons\u00e1vel. <\/p>\n","protected":false},"excerpt":{"rendered":"<h4 style=\"margin: 0px;padding: 0px 0px 16px;font-family: Lato, sans-serif;font-weight: bold;line-height: 3rem;color: var(--dark-grey3);font-size: 22px;font-style: normal;letter-spacing: normal;text-align: start;text-indent: 0px;text-transform: none\">Informa\u00e7\u00f5es t\u00e9cnicas<\/h4>\n<p><span style=\"margin: 0px;padding: 0px;font-weight: 450;font-size: 14px;line-height: 21px;color: var(--dark-grey2);font-family: Lato, sans-serif;font-style: normal;letter-spacing: normal;text-align: start;text-indent: 0px;text-transform: none\">Produto: CAIXA PASSAGEM EMBUTIR 20X20<br \/>\nMarca: \u00c1guia Global<br \/>\nCor: Bege<br \/>\nCaracter\u00edsticas:<br \/>\n&#8211; Feita em chapa de a\u00e7o;<br \/>\n&#8211; Pintada a p\u00f3 em pintura eletrost\u00e1tica;<br \/>\n&#8211; Acompanha parafusos;<br \/>\n&#8211; Embutir.<br \/>\nDimens\u00f5es: 200 x 200 x 100mm<\/span><\/p>\n","protected":false},"featured_media":27210,"template":"","meta":{"_joinchat":[]},"product_brand":[],"product_cat":[119],"product_tag":[],"class_list":{"0":"post-20432","1":"product","2":"type-product","3":"status-publish","4":"has-post-thumbnail","6":"product_cat-materiais-eletricos","8":"first","9":"outofstock","10":"shipping-taxable","11":"product-type-simple"},"_links":{"self":[{"href":"https:\/\/www.multicasa.com.br\/inicio\/wp-json\/wp\/v2\/product\/20432","targetHints":{"allow":["GET"]}}],"collection":[{"href":"https:\/\/www.multicasa.com.br\/inicio\/wp-json\/wp\/v2\/product"}],"about":[{"href":"https:\/\/www.multicasa.com.br\/inicio\/wp-json\/wp\/v2\/types\/product"}],"wp:featuredmedia":[{"embeddable":true,"href":"https:\/\/www.multicasa.com.br\/inicio\/wp-json\/wp\/v2\/media\/27210"}],"wp:attachment":[{"href":"https:\/\/www.multicasa.com.br\/inicio\/wp-json\/wp\/v2\/media?parent=20432"}],"wp:term":[{"taxonomy":"product_brand","embeddable":true,"href":"https:\/\/www.multicasa.com.br\/inicio\/wp-json\/wp\/v2\/product_brand?post=20432"},{"taxonomy":"product_cat","embeddable":true,"href":"https:\/\/www.multicasa.com.br\/inicio\/wp-json\/wp\/v2\/product_cat?post=20432"},{"taxonomy":"product_tag","embeddable":true,"href":"https:\/\/www.multicasa.com.br\/inicio\/wp-json\/wp\/v2\/product_tag?post=20432"}],"curies":[{"name":"wp","href":"https:\/\/api.w.org\/{rel}","templated":true}]}}