{"id":20433,"date":"2025-06-20T20:03:23","date_gmt":"2025-06-21T00:03:23","guid":{"rendered":"https:\/\/www.multicasa.com.br\/inicio\/?post_type=product&#038;p=20433"},"modified":"2025-12-16T18:47:43","modified_gmt":"2025-12-16T22:47:43","slug":"pegador-meia-lua-de-aco-inox-uny-home-225cm","status":"publish","type":"product","link":"https:\/\/www.multicasa.com.br\/inicio\/produto\/pegador-meia-lua-de-aco-inox-uny-home-225cm\/","title":{"rendered":"Pegador Meia Lua de A\u00e7o Inox Uny Home 22,5cm"},"content":{"rendered":"<p>O Pegador Meia Lua de A\u00e7o Inox da Uny Home \u00e9 multiuso, que pode ser usado para servir e preparar suas refei\u00e7\u00f5es com mais seguran\u00e7a e praticidade. Sirva p\u00e3es, frituras, grelhados, gelo e outros.<\/p>\n","protected":false},"excerpt":{"rendered":"<h4 style=\"margin: 0px;padding: 0px 0px 16px;font-family: Lato, sans-serif;font-weight: bold;line-height: 3rem;color: var(--dark-grey3);font-size: 22px;font-style: normal;letter-spacing: normal;text-align: start;text-indent: 0px;text-transform: none\">Informa\u00e7\u00f5es t\u00e9cnicas<\/h4>\n<p><span style=\"margin: 0px;padding: 0px;font-weight: 450;font-size: 14px;line-height: 21px;color: var(--dark-grey2);font-family: Lato, sans-serif;font-style: normal;letter-spacing: normal;text-align: start;text-indent: 0px;text-transform: none\">Produto: Pegador Multiuso<br \/>\nMarca: Uny Home<br \/>\nMaterial: A\u00e7o Inox<br \/>\nCor: Prata<br \/>\nItens Inclusos: 1 Pegador multiuso<br \/>\nDimens\u00f5es do produto (A x L x P): 22,5 x 4,7cm                                                                                                          Peso: 0,065kg<\/span><\/p>\n","protected":false},"featured_media":20504,"template":"","meta":{"_joinchat":[]},"product_brand":[],"product_cat":[93],"product_tag":[],"class_list":{"0":"post-20433","1":"product","2":"type-product","3":"status-publish","4":"has-post-thumbnail","6":"product_cat-utensilios-para-cozinha","8":"first","9":"outofstock","10":"shipping-taxable","11":"purchasable","12":"product-type-simple"},"_links":{"self":[{"href":"https:\/\/www.multicasa.com.br\/inicio\/wp-json\/wp\/v2\/product\/20433","targetHints":{"allow":["GET"]}}],"collection":[{"href":"https:\/\/www.multicasa.com.br\/inicio\/wp-json\/wp\/v2\/product"}],"about":[{"href":"https:\/\/www.multicasa.com.br\/inicio\/wp-json\/wp\/v2\/types\/product"}],"wp:featuredmedia":[{"embeddable":true,"href":"https:\/\/www.multicasa.com.br\/inicio\/wp-json\/wp\/v2\/media\/20504"}],"wp:attachment":[{"href":"https:\/\/www.multicasa.com.br\/inicio\/wp-json\/wp\/v2\/media?parent=20433"}],"wp:term":[{"taxonomy":"product_brand","embeddable":true,"href":"https:\/\/www.multicasa.com.br\/inicio\/wp-json\/wp\/v2\/product_brand?post=20433"},{"taxonomy":"product_cat","embeddable":true,"href":"https:\/\/www.multicasa.com.br\/inicio\/wp-json\/wp\/v2\/product_cat?post=20433"},{"taxonomy":"product_tag","embeddable":true,"href":"https:\/\/www.multicasa.com.br\/inicio\/wp-json\/wp\/v2\/product_tag?post=20433"}],"curies":[{"name":"wp","href":"https:\/\/api.w.org\/{rel}","templated":true}]}}