{"id":20435,"date":"2025-06-20T20:03:24","date_gmt":"2025-06-21T00:03:24","guid":{"rendered":"https:\/\/www.multicasa.com.br\/inicio\/?post_type=product&#038;p=20435"},"modified":"2026-02-23T10:21:16","modified_gmt":"2026-02-23T14:21:16","slug":"boleador-e-decorador-de-frutas-uny-home","status":"publish","type":"product","link":"https:\/\/www.multicasa.com.br\/inicio\/produto\/boleador-e-decorador-de-frutas-uny-home\/","title":{"rendered":"Boleador e Decorador de Frutas Uny Home"},"content":{"rendered":"<p>O Boleador e Decorador de Furtas da Uny Home \u00e9 feito de a\u00e7o inoxid\u00e1vel de alta qualidade. Pode ser lavado na m\u00e1quina de lavar lou\u00e7a. N\u00e3o enferruja, \u00e9 seguro. Colher dupla, multiuso ambos os lados, usado para bolear e decorar frutas, chocolates e sorvetes. <\/p>\n","protected":false},"excerpt":{"rendered":"<h4 style=\"margin: 0px;padding: 0px 0px 16px;font-family: Lato, sans-serif;font-weight: bold;line-height: 3rem;color: var(--dark-grey3);font-size: 22px;font-style: normal;letter-spacing: normal;text-align: start;text-indent: 0px;text-transform: none\">Informa\u00e7\u00f5es t\u00e9cnicas<\/h4>\n<p><span style=\"margin: 0px;padding: 0px;font-weight: 450;font-size: 14px;line-height: 21px;color: var(--dark-grey2);font-family: Lato, sans-serif;font-style: normal;letter-spacing: normal;text-align: start;text-indent: 0px;text-transform: none\">Produto: Boleador e Decorador de Frutas<br \/>\nMarca: Uny Home<br \/>\nMaterial: A\u00e7o inox<br \/>\nCor: Cromado<br \/>\nItens inclusos: 1 Boleador e decorador de Frutas<br \/>\nDimens\u00f5es do produto (A x L x P): 20 x 3cm                                                                                                                       Peso: 0,055kg<\/span><\/p>\n","protected":false},"featured_media":20514,"template":"","meta":{"_joinchat":[]},"product_brand":[],"product_cat":[93],"product_tag":[],"class_list":{"0":"post-20435","1":"product","2":"type-product","3":"status-publish","4":"has-post-thumbnail","6":"product_cat-utensilios-para-cozinha","8":"first","9":"outofstock","10":"shipping-taxable","11":"purchasable","12":"product-type-simple"},"_links":{"self":[{"href":"https:\/\/www.multicasa.com.br\/inicio\/wp-json\/wp\/v2\/product\/20435","targetHints":{"allow":["GET"]}}],"collection":[{"href":"https:\/\/www.multicasa.com.br\/inicio\/wp-json\/wp\/v2\/product"}],"about":[{"href":"https:\/\/www.multicasa.com.br\/inicio\/wp-json\/wp\/v2\/types\/product"}],"wp:featuredmedia":[{"embeddable":true,"href":"https:\/\/www.multicasa.com.br\/inicio\/wp-json\/wp\/v2\/media\/20514"}],"wp:attachment":[{"href":"https:\/\/www.multicasa.com.br\/inicio\/wp-json\/wp\/v2\/media?parent=20435"}],"wp:term":[{"taxonomy":"product_brand","embeddable":true,"href":"https:\/\/www.multicasa.com.br\/inicio\/wp-json\/wp\/v2\/product_brand?post=20435"},{"taxonomy":"product_cat","embeddable":true,"href":"https:\/\/www.multicasa.com.br\/inicio\/wp-json\/wp\/v2\/product_cat?post=20435"},{"taxonomy":"product_tag","embeddable":true,"href":"https:\/\/www.multicasa.com.br\/inicio\/wp-json\/wp\/v2\/product_tag?post=20435"}],"curies":[{"name":"wp","href":"https:\/\/api.w.org\/{rel}","templated":true}]}}