{"id":20453,"date":"2025-06-20T20:03:47","date_gmt":"2025-06-21T00:03:47","guid":{"rendered":"https:\/\/www.multicasa.com.br\/inicio\/?post_type=product&#038;p=20453"},"modified":"2025-06-20T20:04:44","modified_gmt":"2025-06-21T00:04:44","slug":"fatiador-de-alimentos-multiuso-verde-ke-home","status":"publish","type":"product","link":"https:\/\/www.multicasa.com.br\/inicio\/produto\/fatiador-de-alimentos-multiuso-verde-ke-home\/","title":{"rendered":"Fatiador de Alimentos Multiuso Verde Ke Home"},"content":{"rendered":"<p>Fatiador Multiuso Ke Home, pr\u00e1tico fatiador de alimentos que \u00e9 f\u00e1cil de ser usado, al\u00e9m de deixar suas receitas mais bonitas. Possui 7 l\u00e2minas e material em pl\u00e1stico e a\u00e7o inox. Ele \u00e9 um item indispens\u00e1vel para sua cozinha, ideal para alimentos pequenos e arredondados, para \u00fatiliz\u00e1-lo, basta colocar o alimento no espa\u00e7o de apoio do cortador e fech\u00e1-lo. \u00c9 f\u00e1cil de lavar e possui design inovador e moderno, na cor verde.<\/p>\n","protected":false},"excerpt":{"rendered":"<h4 style=\"margin: 0px;padding: 0px 0px 16px;font-family: Lato, sans-serif;font-weight: bold;line-height: 3rem;color: var(--dark-grey3);font-size: 22px;font-style: normal;letter-spacing: normal;text-align: start;text-indent: 0px;text-transform: none\">Informa\u00e7\u00f5es t\u00e9cnicas<\/h4>\n<p><span style=\"margin: 0px;padding: 0px;font-weight: 450;font-size: 14px;line-height: 21px;color: var(--dark-grey2);font-family: Lato, sans-serif;font-style: normal;letter-spacing: normal;text-align: start;text-indent: 0px;text-transform: none\">Produto: Fatiador Multiuso<br \/>\nMarca: Ke Home<br \/>\nMaterial: Pl\u00e1stico<br \/>\nA\u00e7o Inox<br \/>\nCor: Verde<br \/>\nCaracter\u00edsticas: 7 l\u00e2minas de corte<br \/>\nItens Inclusos: 1 Fatiador Multiuso<br \/>\nDimens\u00f5es do produto (A X L): 7 x 19cm<\/span><\/p>\n","protected":false},"featured_media":20515,"template":"","meta":{"_joinchat":[]},"product_brand":[],"product_cat":[93],"product_tag":[],"class_list":{"0":"post-20453","1":"product","2":"type-product","3":"status-publish","4":"has-post-thumbnail","6":"product_cat-utensilios-para-cozinha","8":"first","9":"outofstock","10":"shipping-taxable","11":"product-type-simple"},"_links":{"self":[{"href":"https:\/\/www.multicasa.com.br\/inicio\/wp-json\/wp\/v2\/product\/20453","targetHints":{"allow":["GET"]}}],"collection":[{"href":"https:\/\/www.multicasa.com.br\/inicio\/wp-json\/wp\/v2\/product"}],"about":[{"href":"https:\/\/www.multicasa.com.br\/inicio\/wp-json\/wp\/v2\/types\/product"}],"wp:featuredmedia":[{"embeddable":true,"href":"https:\/\/www.multicasa.com.br\/inicio\/wp-json\/wp\/v2\/media\/20515"}],"wp:attachment":[{"href":"https:\/\/www.multicasa.com.br\/inicio\/wp-json\/wp\/v2\/media?parent=20453"}],"wp:term":[{"taxonomy":"product_brand","embeddable":true,"href":"https:\/\/www.multicasa.com.br\/inicio\/wp-json\/wp\/v2\/product_brand?post=20453"},{"taxonomy":"product_cat","embeddable":true,"href":"https:\/\/www.multicasa.com.br\/inicio\/wp-json\/wp\/v2\/product_cat?post=20453"},{"taxonomy":"product_tag","embeddable":true,"href":"https:\/\/www.multicasa.com.br\/inicio\/wp-json\/wp\/v2\/product_tag?post=20453"}],"curies":[{"name":"wp","href":"https:\/\/api.w.org\/{rel}","templated":true}]}}