{"id":20455,"date":"2025-06-20T20:03:48","date_gmt":"2025-06-21T00:03:48","guid":{"rendered":"https:\/\/www.multicasa.com.br\/inicio\/?post_type=product&#038;p=20455"},"modified":"2026-02-19T14:50:48","modified_gmt":"2026-02-19T18:50:48","slug":"filtro-de-linha-com-3-tomadas-preto-force-line-15m-bivolt","status":"publish","type":"product","link":"https:\/\/www.multicasa.com.br\/inicio\/produto\/filtro-de-linha-com-3-tomadas-preto-force-line-15m-bivolt\/","title":{"rendered":"Filtro de Linha com 3 Tomadas Preto Force Line 1,5m Bivolt"},"content":{"rendered":"<p>Use o Filtro de Linha com 3 Tomadas Preto da Force Line para conectar diversos dispositivos e aparelhos com seguran\u00e7a. Bivolt, suporta corrente m\u00e1xima de 20A. Possui disjuntor rearm\u00e1vel, al\u00e9m de ter tripla prote\u00e7\u00e3o e indicadores luminosos. Cabo com 1,50 metros que garante praticidade, \u00f3timo alcance e organiza\u00e7\u00e3o. Atenua surtos de tens\u00e3o provenientes de raios e anomalias da rede el\u00e9trica, at\u00e9 125 joules de energia. Garante uma energia &#8220;limpa&#8221; para os equipamentos, minimizando os harm\u00f4nicos da rede el\u00e9trica.<\/p>\n","protected":false},"excerpt":{"rendered":"<h4 style=\"margin: 0px;padding: 0px 0px 16px;font-family: Lato, sans-serif;font-weight: bold;line-height: 3rem;color: var(--dark-grey3);font-size: 22px;font-style: normal;letter-spacing: normal;text-align: start;text-indent: 0px;text-transform: none\">Informa\u00e7\u00f5es t\u00e9cnicas<\/h4>\n<p><span style=\"margin: 0px;padding: 0px;font-weight: 450;font-size: 14px;line-height: 21px;color: var(--dark-grey2);font-family: Lato, sans-serif;font-style: normal;letter-spacing: normal;text-align: start;text-indent: 0px;text-transform: none\">Produto: Filtro de Linha<br \/>\nMarca: Force Line                                                                                                                                                   Material: Gabinete: pl\u00e1stico PP<br \/>\nCor: Preto<br \/>\nPot\u00eancia: 127\/2540W e 220\/4400W<br \/>\nTens\u00e3o el\u00e9trica: Bivolt<br \/>\nCaracter\u00edsticas: 3 Tomadas tripolar, Indicador luminoso, Disjuntor rearm\u00e1vel, Corrente m\u00e1xima de 20A, Cabo PP 3&#215;2,5mm\u00b2<br \/>\nItens Inclusos: 1 Filtro de Linha<br \/>\nDimens\u00f5es do produto (C): Cabo ? 1,50m<br \/>\nPeso: 0,408kg                                                                                                                                                      Garantia: 12 meses<\/span><\/p>\n","protected":false},"featured_media":20518,"template":"","meta":{"_joinchat":[]},"product_brand":[],"product_cat":[119],"product_tag":[],"class_list":{"0":"post-20455","1":"product","2":"type-product","3":"status-publish","4":"has-post-thumbnail","6":"product_cat-materiais-eletricos","8":"first","9":"instock","10":"shipping-taxable","11":"purchasable","12":"product-type-simple"},"_links":{"self":[{"href":"https:\/\/www.multicasa.com.br\/inicio\/wp-json\/wp\/v2\/product\/20455","targetHints":{"allow":["GET"]}}],"collection":[{"href":"https:\/\/www.multicasa.com.br\/inicio\/wp-json\/wp\/v2\/product"}],"about":[{"href":"https:\/\/www.multicasa.com.br\/inicio\/wp-json\/wp\/v2\/types\/product"}],"wp:featuredmedia":[{"embeddable":true,"href":"https:\/\/www.multicasa.com.br\/inicio\/wp-json\/wp\/v2\/media\/20518"}],"wp:attachment":[{"href":"https:\/\/www.multicasa.com.br\/inicio\/wp-json\/wp\/v2\/media?parent=20455"}],"wp:term":[{"taxonomy":"product_brand","embeddable":true,"href":"https:\/\/www.multicasa.com.br\/inicio\/wp-json\/wp\/v2\/product_brand?post=20455"},{"taxonomy":"product_cat","embeddable":true,"href":"https:\/\/www.multicasa.com.br\/inicio\/wp-json\/wp\/v2\/product_cat?post=20455"},{"taxonomy":"product_tag","embeddable":true,"href":"https:\/\/www.multicasa.com.br\/inicio\/wp-json\/wp\/v2\/product_tag?post=20455"}],"curies":[{"name":"wp","href":"https:\/\/api.w.org\/{rel}","templated":true}]}}