{"id":20457,"date":"2025-06-20T20:03:48","date_gmt":"2025-06-21T00:03:48","guid":{"rendered":"https:\/\/www.multicasa.com.br\/inicio\/?post_type=product&#038;p=20457"},"modified":"2025-06-20T20:04:54","modified_gmt":"2025-06-21T00:04:54","slug":"coador-de-cafe-my-coffee-de-plastico-ou","status":"publish","type":"product","link":"https:\/\/www.multicasa.com.br\/inicio\/produto\/coador-de-cafe-my-coffee-de-plastico-ou\/","title":{"rendered":"Coador de Caf\u00e9 My Coffee de Pl\u00e1stico OU"},"content":{"rendered":"<p>Com o Coador de caf\u00e9 my coffee Ou toda hora \u00e9 hora para um bom caf\u00e9. Esse passador de caf\u00e9 em pl\u00e1stico polipropileno \u00e9 acompanhado por um filtro de algod\u00e3o reutiliz\u00e1vel, dispensando o uso de filtros de papel. Material resistente que suporta \u00e1gua fervente. \u00c9 at\u00f3xico e n\u00e3o transfere odor, nem gosto aos alimentos.<\/p>\n","protected":false},"excerpt":{"rendered":"<h4 style=\"margin: 0px;padding: 0px 0px 16px;font-family: Lato, sans-serif;font-weight: bold;line-height: 3rem;color: var(--dark-grey3);font-size: 22px;font-style: normal;letter-spacing: normal;text-align: start;text-indent: 0px;text-transform: none\">Informa\u00e7\u00f5es t\u00e9cnicas<\/h4>\n<p><span style=\"margin: 0px;padding: 0px;font-weight: 450;font-size: 14px;line-height: 21px;color: var(--dark-grey2);font-family: Lato, sans-serif;font-style: normal;letter-spacing: normal;text-align: start;text-indent: 0px;text-transform: none\">Produto: Coador de caf\u00e9<br \/>\nMarca: OU<br \/>\nMaterial: Polipropileno, algod\u00e3o, a\u00e7o galvanizado<br \/>\nCor: Preto, branco<br \/>\nCaracter\u00edsticas: Filtro re\u00fatiliz\u00e1vel, at\u00f3xico<br \/>\nQuantidade de pe\u00e7as: 2<br \/>\nItens Inclusos: Suporte, filtro de algod\u00e3o<br \/>\nDimens\u00f5es do produto (A x L x P): 17 x 10,8 x 10,8cm<\/span><\/p>\n","protected":false},"featured_media":20520,"template":"","meta":{"_joinchat":[]},"product_brand":[],"product_cat":[93],"product_tag":[],"class_list":{"0":"post-20457","1":"product","2":"type-product","3":"status-publish","4":"has-post-thumbnail","6":"product_cat-utensilios-para-cozinha","8":"first","9":"outofstock","10":"shipping-taxable","11":"product-type-simple"},"_links":{"self":[{"href":"https:\/\/www.multicasa.com.br\/inicio\/wp-json\/wp\/v2\/product\/20457","targetHints":{"allow":["GET"]}}],"collection":[{"href":"https:\/\/www.multicasa.com.br\/inicio\/wp-json\/wp\/v2\/product"}],"about":[{"href":"https:\/\/www.multicasa.com.br\/inicio\/wp-json\/wp\/v2\/types\/product"}],"wp:featuredmedia":[{"embeddable":true,"href":"https:\/\/www.multicasa.com.br\/inicio\/wp-json\/wp\/v2\/media\/20520"}],"wp:attachment":[{"href":"https:\/\/www.multicasa.com.br\/inicio\/wp-json\/wp\/v2\/media?parent=20457"}],"wp:term":[{"taxonomy":"product_brand","embeddable":true,"href":"https:\/\/www.multicasa.com.br\/inicio\/wp-json\/wp\/v2\/product_brand?post=20457"},{"taxonomy":"product_cat","embeddable":true,"href":"https:\/\/www.multicasa.com.br\/inicio\/wp-json\/wp\/v2\/product_cat?post=20457"},{"taxonomy":"product_tag","embeddable":true,"href":"https:\/\/www.multicasa.com.br\/inicio\/wp-json\/wp\/v2\/product_tag?post=20457"}],"curies":[{"name":"wp","href":"https:\/\/api.w.org\/{rel}","templated":true}]}}