{"id":20458,"date":"2025-06-20T20:03:48","date_gmt":"2025-06-21T00:03:48","guid":{"rendered":"https:\/\/www.multicasa.com.br\/inicio\/?post_type=product&#038;p=20458"},"modified":"2025-06-20T20:04:58","modified_gmt":"2025-06-21T00:04:58","slug":"refil-de-pano-para-coador-de-cafe-my-coffee-ou-2-unidades","status":"publish","type":"product","link":"https:\/\/www.multicasa.com.br\/inicio\/produto\/refil-de-pano-para-coador-de-cafe-my-coffee-ou-2-unidades\/","title":{"rendered":"Refil de Pano para Coador de Caf\u00e9 My Coffee OU 2 Unidades"},"content":{"rendered":"<p>O Refil de pano foi feito para repor seus filtros de tecido no seu coador de caf\u00e9 my coffee da marca OU. Produzido em algod\u00e3o e em a\u00e7o galvanizado, \u00e9 at\u00f3xico n\u00e3o deixando gosto nem odor serem transferidos para o alimento. O pacote conta com duas unidades.<\/p>\n","protected":false},"excerpt":{"rendered":"<h4 style=\"margin: 0px;padding: 0px 0px 16px;font-family: Lato, sans-serif;font-weight: bold;line-height: 3rem;color: var(--dark-grey3);font-size: 22px;font-style: normal;letter-spacing: normal;text-align: start;text-indent: 0px;text-transform: none\">Informa\u00e7\u00f5es t\u00e9cnicas<\/h4>\n<p><span style=\"margin: 0px;padding: 0px;font-weight: 450;font-size: 14px;line-height: 21px;color: var(--dark-grey2);font-family: Lato, sans-serif;font-style: normal;letter-spacing: normal;text-align: start;text-indent: 0px;text-transform: none\">Produto: Refil para filtro de caf\u00e9<br \/>\nMarca: OU<br \/>\nMaterial: Algod\u00e3o<br \/>\nA\u00e7o Galvanizado<br \/>\nCor: Branco<br \/>\nItens Inclusos: 2 refis para filtro de caf\u00e9<br \/>\nDimens\u00f5es do produto (A x L x P): 7 x 6,8 x 6,8cm<\/span><\/p>\n","protected":false},"featured_media":20524,"template":"","meta":{"_joinchat":[]},"product_brand":[],"product_cat":[93],"product_tag":[],"class_list":{"0":"post-20458","1":"product","2":"type-product","3":"status-publish","4":"has-post-thumbnail","6":"product_cat-utensilios-para-cozinha","8":"first","9":"outofstock","10":"shipping-taxable","11":"product-type-simple"},"_links":{"self":[{"href":"https:\/\/www.multicasa.com.br\/inicio\/wp-json\/wp\/v2\/product\/20458","targetHints":{"allow":["GET"]}}],"collection":[{"href":"https:\/\/www.multicasa.com.br\/inicio\/wp-json\/wp\/v2\/product"}],"about":[{"href":"https:\/\/www.multicasa.com.br\/inicio\/wp-json\/wp\/v2\/types\/product"}],"wp:featuredmedia":[{"embeddable":true,"href":"https:\/\/www.multicasa.com.br\/inicio\/wp-json\/wp\/v2\/media\/20524"}],"wp:attachment":[{"href":"https:\/\/www.multicasa.com.br\/inicio\/wp-json\/wp\/v2\/media?parent=20458"}],"wp:term":[{"taxonomy":"product_brand","embeddable":true,"href":"https:\/\/www.multicasa.com.br\/inicio\/wp-json\/wp\/v2\/product_brand?post=20458"},{"taxonomy":"product_cat","embeddable":true,"href":"https:\/\/www.multicasa.com.br\/inicio\/wp-json\/wp\/v2\/product_cat?post=20458"},{"taxonomy":"product_tag","embeddable":true,"href":"https:\/\/www.multicasa.com.br\/inicio\/wp-json\/wp\/v2\/product_tag?post=20458"}],"curies":[{"name":"wp","href":"https:\/\/api.w.org\/{rel}","templated":true}]}}