{"id":20479,"date":"2025-06-20T20:04:15","date_gmt":"2025-06-21T00:04:15","guid":{"rendered":"https:\/\/www.multicasa.com.br\/inicio\/?post_type=product&#038;p=20479"},"modified":"2025-06-20T20:05:25","modified_gmt":"2025-06-21T00:05:25","slug":"escorredor-multiuso-de-plastico-decor-util","status":"publish","type":"product","link":"https:\/\/www.multicasa.com.br\/inicio\/produto\/escorredor-multiuso-de-plastico-decor-util\/","title":{"rendered":"Escorredor Multiuso de Pl\u00e1stico Decor-\u00datil"},"content":{"rendered":"<p>O Escorredor Multiuso de Pl\u00e1stico Decor-\u00datil \u00e9 em formato de meia lua, ideal para escorrer macarr\u00e3o, legumes, separar caldos e o que mais precisar. \u00c9 f\u00e1cil de usar, limpar e guardar, facilita escorrer alimentos sem a necessidade de tirar da panela. Item essencial que \u00e9 pratico e n\u00e3o ocupa espa\u00e7o para guardar!<\/p>\n","protected":false},"excerpt":{"rendered":"<h4 style=\"margin: 0px;padding: 0px 0px 16px;font-family: Lato, sans-serif;font-weight: bold;line-height: 3rem;color: var(--dark-grey3);font-size: 22px;font-style: normal;letter-spacing: normal;text-align: start;text-indent: 0px;text-transform: none\">Informa\u00e7\u00f5es t\u00e9cnicas<\/h4>\n<p><span style=\"margin: 0px;padding: 0px;font-weight: 450;font-size: 14px;line-height: 21px;color: var(--dark-grey2);font-family: Lato, sans-serif;font-style: normal;letter-spacing: normal;text-align: start;text-indent: 0px;text-transform: none\">Produto: Escorredor multiuso<br \/>\nMarca: Decor-\u00datil<br \/>\nMaterial: Polipropileno<br \/>\nCor: sortidas<br \/>\nItens Inclusos: 1 escorredor multiuso<br \/>\nDimens\u00f5es do produto (A x P): 2 x 34 x 12cm<\/span><\/p>\n","protected":false},"featured_media":20550,"template":"","meta":{"_joinchat":[]},"product_brand":[],"product_cat":[93],"product_tag":[],"class_list":{"0":"post-20479","1":"product","2":"type-product","3":"status-publish","4":"has-post-thumbnail","6":"product_cat-utensilios-para-cozinha","8":"first","9":"outofstock","10":"shipping-taxable","11":"product-type-simple"},"_links":{"self":[{"href":"https:\/\/www.multicasa.com.br\/inicio\/wp-json\/wp\/v2\/product\/20479","targetHints":{"allow":["GET"]}}],"collection":[{"href":"https:\/\/www.multicasa.com.br\/inicio\/wp-json\/wp\/v2\/product"}],"about":[{"href":"https:\/\/www.multicasa.com.br\/inicio\/wp-json\/wp\/v2\/types\/product"}],"wp:featuredmedia":[{"embeddable":true,"href":"https:\/\/www.multicasa.com.br\/inicio\/wp-json\/wp\/v2\/media\/20550"}],"wp:attachment":[{"href":"https:\/\/www.multicasa.com.br\/inicio\/wp-json\/wp\/v2\/media?parent=20479"}],"wp:term":[{"taxonomy":"product_brand","embeddable":true,"href":"https:\/\/www.multicasa.com.br\/inicio\/wp-json\/wp\/v2\/product_brand?post=20479"},{"taxonomy":"product_cat","embeddable":true,"href":"https:\/\/www.multicasa.com.br\/inicio\/wp-json\/wp\/v2\/product_cat?post=20479"},{"taxonomy":"product_tag","embeddable":true,"href":"https:\/\/www.multicasa.com.br\/inicio\/wp-json\/wp\/v2\/product_tag?post=20479"}],"curies":[{"name":"wp","href":"https:\/\/api.w.org\/{rel}","templated":true}]}}