{"id":20507,"date":"2025-06-20T20:04:39","date_gmt":"2025-06-21T00:04:39","guid":{"rendered":"https:\/\/www.multicasa.com.br\/inicio\/?post_type=product&#038;p=20507"},"modified":"2025-06-20T20:05:57","modified_gmt":"2025-06-21T00:05:57","slug":"porta-condimentos-magneticos-de-inox-multiwork","status":"publish","type":"product","link":"https:\/\/www.multicasa.com.br\/inicio\/produto\/porta-condimentos-magneticos-de-inox-multiwork\/","title":{"rendered":"Porta Condimentos Magn\u00e9ticos de Inox Multiwork"},"content":{"rendered":"<p>Use o Porta Condimentos Magn\u00e9ticos de Inox da Multiwork que conta com \u00edm\u00e3 para ser fixado em qualquer superf\u00edcie met\u00e1lica da sua cozinha como geladeira, micro-ondas ou fornos. Para \u00fatiliz\u00e1-lo, basta abrir e adicionar o tempero em seu interior. Ideal para decorar o ambiente e deixar ao seu alcance todas as especiarias que voc\u00ea mais utiliza. \u00c9 bem vedado para impedir o vazamento e possui dois tipos de aberturas, sendo furos e abertura total. Tem dimens\u00f5es de 6,3 x 4,5 cm e capacidade para at\u00e9 75ml.<\/p>\n","protected":false},"excerpt":{"rendered":"<h4 style=\"margin: 0px;padding: 0px 0px 16px;font-family: Lato, sans-serif;font-weight: bold;line-height: 3rem;color: var(--dark-grey3);font-size: 22px;font-style: normal;letter-spacing: normal;text-align: start;text-indent: 0px;text-transform: none\">Informa\u00e7\u00f5es t\u00e9cnicas<\/h4>\n<p><span style=\"margin: 0px;padding: 0px;font-weight: 450;font-size: 14px;line-height: 21px;color: var(--dark-grey2);font-family: Lato, sans-serif;font-style: normal;letter-spacing: normal;text-align: start;text-indent: 0px;text-transform: none\">Produto: Porta Condimentos Magn\u00e9tico<br \/>\nMarca: Multiwork<br \/>\nMaterial: Inox<br \/>\nCor: Prata<br \/>\nCaracter\u00edstica: Possui dois tipos de aberturas, furos e total;<br \/>\nPossui tampa transparente;<br \/>\nCapacidade: 75ml cada<br \/>\nItens Inclusos: 1 Porta condimentos<br \/>\nDimens\u00f5es do produto (A x L): 6,3 x 4,5cm<\/span><\/p>\n","protected":false},"featured_media":20579,"template":"","meta":{"_joinchat":[]},"product_brand":[],"product_cat":[93],"product_tag":[],"class_list":{"0":"post-20507","1":"product","2":"type-product","3":"status-publish","4":"has-post-thumbnail","6":"product_cat-utensilios-para-cozinha","8":"first","9":"outofstock","10":"shipping-taxable","11":"product-type-simple"},"_links":{"self":[{"href":"https:\/\/www.multicasa.com.br\/inicio\/wp-json\/wp\/v2\/product\/20507","targetHints":{"allow":["GET"]}}],"collection":[{"href":"https:\/\/www.multicasa.com.br\/inicio\/wp-json\/wp\/v2\/product"}],"about":[{"href":"https:\/\/www.multicasa.com.br\/inicio\/wp-json\/wp\/v2\/types\/product"}],"wp:featuredmedia":[{"embeddable":true,"href":"https:\/\/www.multicasa.com.br\/inicio\/wp-json\/wp\/v2\/media\/20579"}],"wp:attachment":[{"href":"https:\/\/www.multicasa.com.br\/inicio\/wp-json\/wp\/v2\/media?parent=20507"}],"wp:term":[{"taxonomy":"product_brand","embeddable":true,"href":"https:\/\/www.multicasa.com.br\/inicio\/wp-json\/wp\/v2\/product_brand?post=20507"},{"taxonomy":"product_cat","embeddable":true,"href":"https:\/\/www.multicasa.com.br\/inicio\/wp-json\/wp\/v2\/product_cat?post=20507"},{"taxonomy":"product_tag","embeddable":true,"href":"https:\/\/www.multicasa.com.br\/inicio\/wp-json\/wp\/v2\/product_tag?post=20507"}],"curies":[{"name":"wp","href":"https:\/\/api.w.org\/{rel}","templated":true}]}}