{"id":20511,"date":"2025-06-20T20:04:39","date_gmt":"2025-06-21T00:04:39","guid":{"rendered":"https:\/\/www.multicasa.com.br\/inicio\/?post_type=product&#038;p=20511"},"modified":"2025-10-31T10:34:26","modified_gmt":"2025-10-31T14:34:26","slug":"pote-de-vidro-hermetico-oikos-320ml","status":"publish","type":"product","link":"https:\/\/www.multicasa.com.br\/inicio\/produto\/pote-de-vidro-hermetico-oikos-320ml\/","title":{"rendered":"Pote de Vidro Herm\u00e9tico Oikos 320ml"},"content":{"rendered":"<p>O Pote de Vidro Herm\u00e9tico Oikos \u00e9 excelente para colocar a sua cozinha em ordem e proporcionar um toque sofisticado maravilhoso. Fabricado em material de vidro, possui tampa em material de bambu e a capacidade para suportar at\u00e9 320ml, ideal para armazenar os alimentos no seu arm\u00e1rio, ele ainda pode ser empilhado com outros potes devido sua tampa com apoio.<\/p>\n","protected":false},"excerpt":{"rendered":"<h4 style=\"margin: 0px;padding: 0px 0px 16px;font-family: Lato, sans-serif;font-weight: bold;line-height: 3rem;color: var(--dark-grey3);font-size: 22px;font-style: normal;letter-spacing: normal;text-align: start;text-indent: 0px;text-transform: none\">Informa\u00e7\u00f5es t\u00e9cnicas<\/h4>\n<p><span style=\"margin: 0px;padding: 0px;font-weight: 450;font-size: 14px;line-height: 21px;color: var(--dark-grey2);font-family: Lato, sans-serif;font-style: normal;letter-spacing: normal;text-align: start;text-indent: 0px;text-transform: none\">Produto: Pote de Vidro Herm\u00e9tico<br \/>\nMarca: Oikos<br \/>\nMaterial: Vidro<br \/>\nCor: Transparente<br \/>\nCapacidade: 320ml<br \/>\nCaracter\u00edsticas: Possui tampa quadrada em material de bambu podendo ser empilhado com outros potes.<br \/>\nItens Inclusos: 1 pote<br \/>\nDimens\u00f5es do produto (A x L x P): 14 x 10 x 10cm<\/span><\/p>\n","protected":false},"featured_media":20588,"template":"","meta":{"_joinchat":[]},"product_brand":[],"product_cat":[93],"product_tag":[],"class_list":{"0":"post-20511","1":"product","2":"type-product","3":"status-publish","4":"has-post-thumbnail","6":"product_cat-utensilios-para-cozinha","8":"first","9":"outofstock","10":"shipping-taxable","11":"purchasable","12":"product-type-simple"},"_links":{"self":[{"href":"https:\/\/www.multicasa.com.br\/inicio\/wp-json\/wp\/v2\/product\/20511","targetHints":{"allow":["GET"]}}],"collection":[{"href":"https:\/\/www.multicasa.com.br\/inicio\/wp-json\/wp\/v2\/product"}],"about":[{"href":"https:\/\/www.multicasa.com.br\/inicio\/wp-json\/wp\/v2\/types\/product"}],"wp:featuredmedia":[{"embeddable":true,"href":"https:\/\/www.multicasa.com.br\/inicio\/wp-json\/wp\/v2\/media\/20588"}],"wp:attachment":[{"href":"https:\/\/www.multicasa.com.br\/inicio\/wp-json\/wp\/v2\/media?parent=20511"}],"wp:term":[{"taxonomy":"product_brand","embeddable":true,"href":"https:\/\/www.multicasa.com.br\/inicio\/wp-json\/wp\/v2\/product_brand?post=20511"},{"taxonomy":"product_cat","embeddable":true,"href":"https:\/\/www.multicasa.com.br\/inicio\/wp-json\/wp\/v2\/product_cat?post=20511"},{"taxonomy":"product_tag","embeddable":true,"href":"https:\/\/www.multicasa.com.br\/inicio\/wp-json\/wp\/v2\/product_tag?post=20511"}],"curies":[{"name":"wp","href":"https:\/\/api.w.org\/{rel}","templated":true}]}}