{"id":20512,"date":"2025-06-20T20:04:39","date_gmt":"2025-06-21T00:04:39","guid":{"rendered":"https:\/\/www.multicasa.com.br\/inicio\/?post_type=product&#038;p=20512"},"modified":"2025-10-31T10:34:27","modified_gmt":"2025-10-31T14:34:27","slug":"pote-hermetico-de-vidro-quadrado-oikos-800ml","status":"publish","type":"product","link":"https:\/\/www.multicasa.com.br\/inicio\/produto\/pote-hermetico-de-vidro-quadrado-oikos-800ml\/","title":{"rendered":"Pote Herm\u00e9tico de Vidro Quadrado Oikos 800ml"},"content":{"rendered":"<p>Mantenha seus alimentos guardados conservando o sabor por mais tempo com o Pote Herm\u00e9tico Oikos. Feito de vidro borossilicato \u00e9 super resistente ao choque t\u00e9rmico, podendo ir ao freezer, geladeira e forno. Com tampa de bambu e anel de silicone para melhor veda\u00e7\u00e3o, o pote de vidro fica completamente lacrado permitindo que seja utilizado e transportado com seguran\u00e7a, sem vazamementos. Com capacidade para at\u00e9 800ml e formato quadrado, possui o tamanho ideal para diversos tipos de alimentos. Utilize para guardar objetos de papelaria e similares.<\/p>\n","protected":false},"excerpt":{"rendered":"<h4 style=\"margin: 0px;padding: 0px 0px 16px;font-family: Lato, sans-serif;font-weight: bold;line-height: 3rem;color: var(--dark-grey3);font-size: 22px;font-style: normal;letter-spacing: normal;text-align: start;text-indent: 0px;text-transform: none\">Informa\u00e7\u00f5es t\u00e9cnicas<\/h4>\n<p><span style=\"margin: 0px;padding: 0px;font-weight: 450;font-size: 14px;line-height: 21px;color: var(--dark-grey2);font-family: Lato, sans-serif;font-style: normal;letter-spacing: normal;text-align: start;text-indent: 0px;text-transform: none\">Produto: Pote herm\u00e9tico<br \/>\nMarca: Oikos<br \/>\nMaterial: Vidro borossilicato<br \/>\nCor: Incolor<br \/>\nCapacidade: 800ml<br \/>\nCaracter\u00edsticas: Pode ir ao freezer, geladeira, forno e lava lou\u00e7as<br \/>\nItens Inclusos: 1 pote<br \/>\nDimens\u00f5es do produto (A X L X P): 7 x 15 x 15cm<\/span><\/p>\n","protected":false},"featured_media":20589,"template":"","meta":{"_joinchat":[]},"product_brand":[],"product_cat":[93],"product_tag":[],"class_list":{"0":"post-20512","1":"product","2":"type-product","3":"status-publish","4":"has-post-thumbnail","6":"product_cat-utensilios-para-cozinha","8":"first","9":"outofstock","10":"shipping-taxable","11":"purchasable","12":"product-type-simple"},"_links":{"self":[{"href":"https:\/\/www.multicasa.com.br\/inicio\/wp-json\/wp\/v2\/product\/20512","targetHints":{"allow":["GET"]}}],"collection":[{"href":"https:\/\/www.multicasa.com.br\/inicio\/wp-json\/wp\/v2\/product"}],"about":[{"href":"https:\/\/www.multicasa.com.br\/inicio\/wp-json\/wp\/v2\/types\/product"}],"wp:featuredmedia":[{"embeddable":true,"href":"https:\/\/www.multicasa.com.br\/inicio\/wp-json\/wp\/v2\/media\/20589"}],"wp:attachment":[{"href":"https:\/\/www.multicasa.com.br\/inicio\/wp-json\/wp\/v2\/media?parent=20512"}],"wp:term":[{"taxonomy":"product_brand","embeddable":true,"href":"https:\/\/www.multicasa.com.br\/inicio\/wp-json\/wp\/v2\/product_brand?post=20512"},{"taxonomy":"product_cat","embeddable":true,"href":"https:\/\/www.multicasa.com.br\/inicio\/wp-json\/wp\/v2\/product_cat?post=20512"},{"taxonomy":"product_tag","embeddable":true,"href":"https:\/\/www.multicasa.com.br\/inicio\/wp-json\/wp\/v2\/product_tag?post=20512"}],"curies":[{"name":"wp","href":"https:\/\/api.w.org\/{rel}","templated":true}]}}