{"id":20541,"date":"2025-06-20T20:05:18","date_gmt":"2025-06-21T00:05:18","guid":{"rendered":"https:\/\/www.multicasa.com.br\/inicio\/?post_type=product&#038;p=20541"},"modified":"2025-06-20T20:06:25","modified_gmt":"2025-06-21T00:06:25","slug":"grill-eletrico-antiaderente-cadence-grl510-preto-1000w-127v","status":"publish","type":"product","link":"https:\/\/www.multicasa.com.br\/inicio\/produto\/grill-eletrico-antiaderente-cadence-grl510-preto-1000w-127v\/","title":{"rendered":"Grill El\u00e9trico Antiaderente Cadence GRL510 Preto 1000W &#8211; 127V"},"content":{"rendered":"<p>Ganhe tempo e agilidade na cozinha ao preparar deliciosos lanches com o Grill El\u00e9trico Cadence GRL510. Com 1000w de pot\u00eancia e 127v, \u00e9 a ferramenta perfeita para grelhar o hamb\u00farguer em poucos minutos chegando a 240 graus na prensa e 180 graus na chapa. Prepare at\u00e9 06 hamb\u00fargueres de uma vez, aproveitando o revestimento antiaderente e o acess\u00f3rio modelador de hamb\u00farguer. Tem dimens\u00f5es de 10, 4 x 20, 8 x 20, 6 cm e est\u00e1 dispon\u00edvel na cor preto.<\/p>\n","protected":false},"excerpt":{"rendered":"<h4 style=\"margin: 0px;padding: 0px 0px 16px;font-family: Lato, sans-serif;font-weight: bold;line-height: 3rem;color: var(--dark-grey3);font-size: 22px;font-style: normal;letter-spacing: normal;text-align: start;text-indent: 0px;text-transform: none\">Informa\u00e7\u00f5es t\u00e9cnicas<\/h4>\n<p><span style=\"margin: 0px;padding: 0px;font-weight: 450;font-size: 14px;line-height: 21px;color: var(--dark-grey2);font-family: Lato, sans-serif;font-style: normal;letter-spacing: normal;text-align: start;text-indent: 0px;text-transform: none\">Produto: Grill El\u00e9trico<br \/>\nMarca: Cadence<br \/>\nModelo: GRL510<br \/>\nMaterial: Pl\u00e1stico<br \/>\nchapa ferro antianderente<br \/>\nAcabamento: revestimento antiaderente<br \/>\nCor: preto<br \/>\nPot\u00eancia: 1000w<br \/>\nTens\u00e3o el\u00e9trica: 127v<br \/>\nConsumo: 1,0kw\/h<br \/>\nCaracter\u00edsticas: espa\u00e7o para at\u00e9 06 hamb\u00fargueres simultaneamente<br \/>\npossui luz indicadora<br \/>\ngrill multifunctional<br \/>\nTemperatura na prensa de 240 graus e temperatura na chapa de 180 graus<br \/>\nOp\u00e7\u00f5es de chapa: lisa e grill.<br \/>\nQuantidade de pe\u00e7as: 02<br \/>\nItens Inclusos: 1 grill el\u00e9trico<br \/>\n1 modelador de hamb\u00fargueres<br \/>\nDimens\u00f5es: 48,5 x 27 x 7,3cm<br \/>\nGarantia: 1 ano de garantia<br \/>\nOCP: 0040<br \/>\n<\/span><\/p>\n","protected":false},"featured_media":20604,"template":"","meta":{"_joinchat":[]},"product_brand":[],"product_cat":[93],"product_tag":[],"class_list":{"0":"post-20541","1":"product","2":"type-product","3":"status-publish","4":"has-post-thumbnail","6":"product_cat-utensilios-para-cozinha","8":"first","9":"outofstock","10":"shipping-taxable","11":"product-type-simple"},"_links":{"self":[{"href":"https:\/\/www.multicasa.com.br\/inicio\/wp-json\/wp\/v2\/product\/20541","targetHints":{"allow":["GET"]}}],"collection":[{"href":"https:\/\/www.multicasa.com.br\/inicio\/wp-json\/wp\/v2\/product"}],"about":[{"href":"https:\/\/www.multicasa.com.br\/inicio\/wp-json\/wp\/v2\/types\/product"}],"wp:featuredmedia":[{"embeddable":true,"href":"https:\/\/www.multicasa.com.br\/inicio\/wp-json\/wp\/v2\/media\/20604"}],"wp:attachment":[{"href":"https:\/\/www.multicasa.com.br\/inicio\/wp-json\/wp\/v2\/media?parent=20541"}],"wp:term":[{"taxonomy":"product_brand","embeddable":true,"href":"https:\/\/www.multicasa.com.br\/inicio\/wp-json\/wp\/v2\/product_brand?post=20541"},{"taxonomy":"product_cat","embeddable":true,"href":"https:\/\/www.multicasa.com.br\/inicio\/wp-json\/wp\/v2\/product_cat?post=20541"},{"taxonomy":"product_tag","embeddable":true,"href":"https:\/\/www.multicasa.com.br\/inicio\/wp-json\/wp\/v2\/product_tag?post=20541"}],"curies":[{"name":"wp","href":"https:\/\/api.w.org\/{rel}","templated":true}]}}