{"id":20568,"date":"2025-06-20T20:05:41","date_gmt":"2025-06-21T00:05:41","guid":{"rendered":"https:\/\/www.multicasa.com.br\/inicio\/?post_type=product&#038;p=20568"},"modified":"2026-02-12T17:19:11","modified_gmt":"2026-02-12T21:19:11","slug":"pegador-de-silicone-duplo-pequeno-laranja-oikos","status":"publish","type":"product","link":"https:\/\/www.multicasa.com.br\/inicio\/produto\/pegador-de-silicone-duplo-pequeno-laranja-oikos\/","title":{"rendered":"Pegador de Silicone Duplo Pequeno Laranja Oikos"},"content":{"rendered":"<p>O Pegador de Silicone Duplo Pequeno Laranja Oikos 21Cm chegou para te auxiliar na hora de servir suas refei\u00e7\u00f5es, perfeito para pegar saladas, grelhados, macarr\u00e3o, entre outros alimentos. Fabricado em material de silicone, possui duas camadas que o torna resistente, dur\u00e1vel e com uma \u00f3tima qualidade. Seu design moderno \u00e9 perfeito para compor a sua cozinha trazendo um toque de sofistica\u00e7\u00e3o e sua superf\u00edcie lisa n\u00e3o ret\u00e9m cheiro evitando a prolifera\u00e7\u00e3o de bact\u00e9rias.<\/p>\n","protected":false},"excerpt":{"rendered":"<h4 style=\"margin: 0px;padding: 0px 0px 16px;font-family: Lato, sans-serif;font-weight: bold;line-height: 3rem;color: var(--dark-grey3);font-size: 22px;font-style: normal;letter-spacing: normal;text-align: start;text-indent: 0px;text-transform: none\">Informa\u00e7\u00f5es t\u00e9cnicas<\/h4>\n<p><span style=\"margin: 0px;padding: 0px;font-weight: 450;font-size: 14px;line-height: 21px;color: var(--dark-grey2);font-family: Lato, sans-serif;font-style: normal;letter-spacing: normal;text-align: start;text-indent: 0px;text-transform: none\">Produto: Pegador Multiuso<br \/>\nMarca: Oikos<br \/>\nMaterial: Silicone<br \/>\nCor: Laranja<br \/>\nItens inclusos: 1 pegador multiuso<br \/>\nDimens\u00f5es do produto (A x L): 21 x 3.5 x 2cm<br \/>\n<\/span><\/p>\n","protected":false},"featured_media":20629,"template":"","meta":{"_joinchat":[]},"product_brand":[],"product_cat":[93],"product_tag":[],"class_list":{"0":"post-20568","1":"product","2":"type-product","3":"status-publish","4":"has-post-thumbnail","6":"product_cat-utensilios-para-cozinha","8":"first","9":"outofstock","10":"shipping-taxable","11":"purchasable","12":"product-type-simple"},"_links":{"self":[{"href":"https:\/\/www.multicasa.com.br\/inicio\/wp-json\/wp\/v2\/product\/20568","targetHints":{"allow":["GET"]}}],"collection":[{"href":"https:\/\/www.multicasa.com.br\/inicio\/wp-json\/wp\/v2\/product"}],"about":[{"href":"https:\/\/www.multicasa.com.br\/inicio\/wp-json\/wp\/v2\/types\/product"}],"wp:featuredmedia":[{"embeddable":true,"href":"https:\/\/www.multicasa.com.br\/inicio\/wp-json\/wp\/v2\/media\/20629"}],"wp:attachment":[{"href":"https:\/\/www.multicasa.com.br\/inicio\/wp-json\/wp\/v2\/media?parent=20568"}],"wp:term":[{"taxonomy":"product_brand","embeddable":true,"href":"https:\/\/www.multicasa.com.br\/inicio\/wp-json\/wp\/v2\/product_brand?post=20568"},{"taxonomy":"product_cat","embeddable":true,"href":"https:\/\/www.multicasa.com.br\/inicio\/wp-json\/wp\/v2\/product_cat?post=20568"},{"taxonomy":"product_tag","embeddable":true,"href":"https:\/\/www.multicasa.com.br\/inicio\/wp-json\/wp\/v2\/product_tag?post=20568"}],"curies":[{"name":"wp","href":"https:\/\/api.w.org\/{rel}","templated":true}]}}